{"id":25665,"date":"2024-05-29T17:23:06","date_gmt":"2024-05-29T15:23:06","guid":{"rendered":"https:\/\/pawz.rs\/?post_type=product&#038;p=25665"},"modified":"2026-04-14T21:56:34","modified_gmt":"2026-04-14T19:56:34","slug":"josera-josicat-kitten-10-kg","status":"publish","type":"product","link":"https:\/\/pawz.rs\/en\/josera-josicat-kitten-10-kg\/","title":{"rendered":"Josera JosiCat Kitten 10 kg"},"content":{"rendered":"<p><strong>Josera JosiCat <\/strong><strong>Kitten 10kg<\/strong><\/p>\n<p class=\"pdp-info__short-desc\">Pogotovo u periodu razvoja ili tokom gravidnosti i dojenja je veoma va\u017eno optimalno snabdevanje hranljivim materijama. Josera Kitten je energetski bogata, lako svarl\u0458iva i posebno ukusna hrana koja je koncipirina za ovu fazu.<\/p>\n<ul class=\"pdp-info__bullets\">\n<li>Idealno za ma\u010dke u razvoju do prve godine \u017eivota, kao i za gravidne i ma\u010dke dojil\u0458e<\/li>\n<li>Sa puno energije i proteina, kao i dragocenim lososovim ul\u0458em za posebne potrebe u najva\u017enijim fazama \u017eivota<\/li>\n<li>Lako svarl\u0458ivo<\/li>\n<li>Sa dijetetskim vlaknima koja mogu da uti\u010du na stvaranje kuglica dlaka<\/li>\n<\/ul>\n<p><strong>Sastav:<\/strong> Su\u0161eni protein piletine; pirina\u010d; \u017eivinska mast; \u010dvarci; su\u0161eni krompir; vlakna cvekle; su\u0161eni protein lososa; hidrolizovani \u017eivotinjski protein; su\u0161ena \u017eivinska jetra; c\u0430\u043b\u043c\u043e\u043d o\u0438\u043b; minerali;<\/p>\n<p>Serve food in dry form with available fresh water.<br \/>\nFor your pet&#039;s health, consult a veterinarian regularly.<\/p>\n<p>Store the product in a dry, dark and cool place.<\/p>\n<p>Proizvo\u0111a\u010d: Josera petfood GmbH<br \/>\nCountry of origin: Germany<\/p>\n\n    <div class=\"xs_social_share_widget xs_share_url after_content \t\tmain_content  wslu-style-1 wslu-share-box-shaped wslu-fill-colored wslu-none wslu-share-horizontal wslu-theme-font-no wslu-main_content\">\n\n\t\t\n        <ul>\n\t\t\t        <\/ul>\n    <\/div>","protected":false},"excerpt":{"rendered":"<p>Josera JosiCat Kitten je energetski bogata, lako svarl\u0458iva i posebno ukusna hrana koja je dizajnirana za ovu fazu.<\/p>","protected":false},"featured_media":25664,"comment_status":"open","ping_status":"closed","template":"","meta":{"_acf_changed":false},"pwb-brand":[298,299],"product_cat":[149,23,21],"product_tag":[],"class_list":{"0":"post-25665","1":"product","2":"type-product","3":"status-publish","4":"has-post-thumbnail","6":"pwb-brand-josera","7":"pwb-brand-josera-hrana-za-macke","8":"product_cat-granule-za-macke","9":"product_cat-macke","10":"product_cat-hrana-za-macke","12":"first","13":"instock","14":"taxable","15":"shipping-taxable","16":"purchasable","17":"product-type-simple"},"acf":[],"brands":[{"id":298,"name":"Josera","slug":"josera"},{"id":299,"name":"Josera cat food","slug":"josera-hrana-za-macke"}],"_links":{"self":[{"href":"https:\/\/pawz.rs\/en\/wp-json\/wp\/v2\/product\/25665","targetHints":{"allow":["GET"]}}],"collection":[{"href":"https:\/\/pawz.rs\/en\/wp-json\/wp\/v2\/product"}],"about":[{"href":"https:\/\/pawz.rs\/en\/wp-json\/wp\/v2\/types\/product"}],"replies":[{"embeddable":true,"href":"https:\/\/pawz.rs\/en\/wp-json\/wp\/v2\/comments?post=25665"}],"wp:featuredmedia":[{"embeddable":true,"href":"https:\/\/pawz.rs\/en\/wp-json\/wp\/v2\/media\/25664"}],"wp:attachment":[{"href":"https:\/\/pawz.rs\/en\/wp-json\/wp\/v2\/media?parent=25665"}],"wp:term":[{"taxonomy":"pwb-brand","embeddable":true,"href":"https:\/\/pawz.rs\/en\/wp-json\/wp\/v2\/pwb-brand?post=25665"},{"taxonomy":"product_cat","embeddable":true,"href":"https:\/\/pawz.rs\/en\/wp-json\/wp\/v2\/product_cat?post=25665"},{"taxonomy":"product_tag","embeddable":true,"href":"https:\/\/pawz.rs\/en\/wp-json\/wp\/v2\/product_tag?post=25665"}],"curies":[{"name":"wp","href":"https:\/\/api.w.org\/{rel}","templated":true}]}}