{"id":25667,"date":"2024-06-03T21:42:23","date_gmt":"2024-06-03T19:42:23","guid":{"rendered":"https:\/\/pawz.rs\/?post_type=product&#038;p=25667"},"modified":"2025-06-29T20:01:55","modified_gmt":"2025-06-29T18:01:55","slug":"moksi-hrana-za-odrasle-macke-piletina-zecetina-govedina","status":"publish","type":"product","link":"https:\/\/pawz.rs\/en\/moksi-hrana-za-odrasle-macke-piletina-zecetina-govedina\/","title":{"rendered":"Moksi Hrana Za Odrasle Ma\u010dke Piletina\/Ze\u010detina\/Govedina"},"content":{"rendered":"<p><strong>Moksi Hrana Za Odrasle Ma\u010dke Piletina\/Ze\u010detina\/Govedina<\/strong><\/p>\n<p>Kompletna hrana za ma\u010dke<\/p>\n<ul>\n<li>Sa piletinom, govedinom i ze\u010detinom<\/li>\n<li>30 % proteina i 10% masti<\/li>\n<li>Odr\u017eava zdravlje creva<\/li>\n<li>Sa taurinom za zdravlje srca<\/li>\n<li>Za zdravu ko\u017eu i sjajnu dlaku<\/li>\n<\/ul>\n<p><strong>Sastav:<\/strong><br \/>\n\u017ditarice, meso i mesne prera\u0111evine (12% dehidrirane piletine, 4% dehidrirane govedine, 1% dehidrirane zecetine), prera\u0111evine biljnog porekla, ulja i masti, minerali, kvasac.<\/p>\n<p><strong>Analiticki sastav:<\/strong><br \/>\nSirovi proteini: 30%; Sirova ulja i masti: 10%; Sirovi pepeo: 8,5%; Sirova vlakna: 3,5%; Vlaga: 10%; Omega 6: 1.5%; Omega 3: 0.2%<\/p>\n<p><strong>Aditivi (po kg):<\/strong><br \/>\nVitamini: Vitamin A: 25000 i.u., Vitamin D3: 1100 i.u. Vitamin E: 100mg<\/p>\n<p><strong>Nutritivni dodaci:<\/strong><br \/>\nGvo\u017e\u0111e (sulfat monohidrat) 100 mg, jod (kalijum jodat bezvodni) 1,5 mg, bakar (bakar (II)<br \/>\nsulfatpentahidrat) 7 mg, mangan (mangan sulfat monohidrat) 7,5 mg, cink (cink sulfat monohidrat) 100 mg, selen (natrijum selenit) 0,15 mg. Amino kiseline: Taurin 1000mg; Antioksidanti, koloranti.<\/p>\n<p>Proizvo\u0111a\u010d: United Petfood Radom Sp. z o.o<br \/>\nZemlja porekla: Poljska<\/p>\n\n    <div class=\"xs_social_share_widget xs_share_url after_content \t\tmain_content  wslu-style-1 wslu-share-box-shaped wslu-fill-colored wslu-none wslu-share-horizontal wslu-theme-font-no wslu-main_content\">\n\n\t\t\n        <ul>\n\t\t\t        <\/ul>\n    <\/div>","protected":false},"excerpt":{"rendered":"<p>Moksi hrana za ma\u010dke je kompletna suva hrana za odrasle ma\u010dke, sa kombinacijom tri vrste mesa, piletine, govedine i ze\u010detine<\/p>","protected":false},"featured_media":25670,"comment_status":"open","ping_status":"closed","template":"","meta":{"_acf_changed":false},"pwb-brand":[894],"product_cat":[23,21,149],"product_tag":[],"class_list":{"0":"post-25667","1":"product","2":"type-product","3":"status-publish","4":"has-post-thumbnail","6":"pwb-brand-moksi","7":"product_cat-macke","8":"product_cat-hrana-za-macke","9":"product_cat-granule-za-macke","11":"first","12":"instock","13":"taxable","14":"shipping-taxable","15":"purchasable","16":"product-type-variable","17":"has-default-attributes"},"acf":[],"brands":[{"id":894,"name":"Moksi","slug":"moksi"}],"_links":{"self":[{"href":"https:\/\/pawz.rs\/en\/wp-json\/wp\/v2\/product\/25667","targetHints":{"allow":["GET"]}}],"collection":[{"href":"https:\/\/pawz.rs\/en\/wp-json\/wp\/v2\/product"}],"about":[{"href":"https:\/\/pawz.rs\/en\/wp-json\/wp\/v2\/types\/product"}],"replies":[{"embeddable":true,"href":"https:\/\/pawz.rs\/en\/wp-json\/wp\/v2\/comments?post=25667"}],"wp:featuredmedia":[{"embeddable":true,"href":"https:\/\/pawz.rs\/en\/wp-json\/wp\/v2\/media\/25670"}],"wp:attachment":[{"href":"https:\/\/pawz.rs\/en\/wp-json\/wp\/v2\/media?parent=25667"}],"wp:term":[{"taxonomy":"pwb-brand","embeddable":true,"href":"https:\/\/pawz.rs\/en\/wp-json\/wp\/v2\/pwb-brand?post=25667"},{"taxonomy":"product_cat","embeddable":true,"href":"https:\/\/pawz.rs\/en\/wp-json\/wp\/v2\/product_cat?post=25667"},{"taxonomy":"product_tag","embeddable":true,"href":"https:\/\/pawz.rs\/en\/wp-json\/wp\/v2\/product_tag?post=25667"}],"curies":[{"name":"wp","href":"https:\/\/api.w.org\/{rel}","templated":true}]}}