{"id":25721,"date":"2024-05-29T17:22:09","date_gmt":"2024-05-29T15:22:09","guid":{"rendered":"https:\/\/pawz.rs\/?post_type=product&#038;p=25721"},"modified":"2026-02-14T13:41:16","modified_gmt":"2026-02-14T12:41:16","slug":"moksi-preliv-za-pse-govedina-u-sosu-4-x-100-g","status":"publish","type":"product","link":"https:\/\/pawz.rs\/en\/moksi-preliv-za-pse-govedina-u-sosu-4-x-100-g\/","title":{"rendered":"Moksi Preliv Za Pse Govedina U Sosu 4 x 100 g"},"content":{"rendered":"<p><strong>Moksi Preliv Za Pse Govedina U Sosu 4 x 100 g<\/strong><\/p>\n<p><b data-path-to-node=\"1\" data-index-in-node=\"0\">Minimalna Kupovina 4 komada<\/b><\/p>\n<p>Kompletna hrana za odrasle pse u sosu<\/p>\n<p>Proteini dobijeni iz sastojaka \u017eivotinjskog porekla 100%<\/p>\n<p>Ukupna koli\u010dina \u017eivotinjskih sastojaka 42%<\/p>\n<p>Ukupna koli\u010dina \u017eivotinjskih sastojaka (komadi\u0107i) 89%<\/p>\n<p><strong>Sastav:<\/strong><br \/>\nMeso i mesne prera\u0111evine 42%, uklju\u010duju\u0107i 4% govedine, minerali, derivati biljnog porekla<\/p>\n<p><strong>Analiticki sastav:<\/strong><br \/>\nSirovi proteini: 8%, Sirove masti: 5 %, Neorganske materije: 2%, Sirova vlakna: 0,040%, Vlaga: 82%, Kalcijum: 0,040%, Fosfor: 0,040%<\/p>\n<p><strong>Aditivi (po kg):<\/strong><br \/>\nVitamin E 100 mg, Cink 30 mg, Mangan 0,2 mg, Jod 0,5 mg, bakar II sulfat 2 mg, Vitamin D3 300 IU<\/p>\n<p>Hranu za ma\u010dke slu\u017eiti na sobnoj temperaturi, konzervu nakon otvaranja \u010duvati u fri\u017eideru do 2 dana.<\/p>\n<p>Poslu\u017eiti hranu uz dostupnu sve\u017eu vodu.<br \/>\nFor your pet&#039;s health, consult a veterinarian regularly.<\/p>\n<p>Store the product in a dry, dark and cool place.<\/p>\n<p>Proizvo\u0111a\u010d: United Petfood Radom Sp. z o.o<br \/>\nZemlja porekla: Poljska<\/p>\n\n    <div class=\"xs_social_share_widget xs_share_url after_content \t\tmain_content  wslu-style-1 wslu-share-box-shaped wslu-fill-colored wslu-none wslu-share-horizontal wslu-theme-font-no wslu-main_content\">\n\n\t\t\n        <ul>\n\t\t\t        <\/ul>\n    <\/div>","protected":false},"excerpt":{"rendered":"<p>Moksi kompletna vla\u017ena hrana u kesici za pse, paket od 4 x 100 g, govedina u sosu<\/p>","protected":false},"featured_media":25725,"comment_status":"open","ping_status":"closed","template":"","meta":{"_acf_changed":false},"pwb-brand":[894],"product_cat":[48,47,50],"product_tag":[],"class_list":{"0":"post-25721","1":"product","2":"type-product","3":"status-publish","4":"has-post-thumbnail","6":"pwb-brand-moksi","7":"product_cat-hrana-za-pse","8":"product_cat-psi","9":"product_cat-vlazna-hrana-za-pse","11":"first","12":"instock","13":"taxable","14":"shipping-taxable","15":"purchasable","16":"product-type-simple"},"acf":[],"brands":[{"id":894,"name":"Moksi","slug":"moksi"}],"_links":{"self":[{"href":"https:\/\/pawz.rs\/en\/wp-json\/wp\/v2\/product\/25721","targetHints":{"allow":["GET"]}}],"collection":[{"href":"https:\/\/pawz.rs\/en\/wp-json\/wp\/v2\/product"}],"about":[{"href":"https:\/\/pawz.rs\/en\/wp-json\/wp\/v2\/types\/product"}],"replies":[{"embeddable":true,"href":"https:\/\/pawz.rs\/en\/wp-json\/wp\/v2\/comments?post=25721"}],"wp:featuredmedia":[{"embeddable":true,"href":"https:\/\/pawz.rs\/en\/wp-json\/wp\/v2\/media\/25725"}],"wp:attachment":[{"href":"https:\/\/pawz.rs\/en\/wp-json\/wp\/v2\/media?parent=25721"}],"wp:term":[{"taxonomy":"pwb-brand","embeddable":true,"href":"https:\/\/pawz.rs\/en\/wp-json\/wp\/v2\/pwb-brand?post=25721"},{"taxonomy":"product_cat","embeddable":true,"href":"https:\/\/pawz.rs\/en\/wp-json\/wp\/v2\/product_cat?post=25721"},{"taxonomy":"product_tag","embeddable":true,"href":"https:\/\/pawz.rs\/en\/wp-json\/wp\/v2\/product_tag?post=25721"}],"curies":[{"name":"wp","href":"https:\/\/api.w.org\/{rel}","templated":true}]}}