{"id":26065,"date":"2024-06-03T21:09:10","date_gmt":"2024-06-03T19:09:10","guid":{"rendered":"https:\/\/pawz.rs\/?post_type=product&#038;p=26065"},"modified":"2025-06-29T20:01:56","modified_gmt":"2025-06-29T18:01:56","slug":"kudo-mini-adult-lamb-rice","status":"publish","type":"product","link":"https:\/\/pawz.rs\/en\/kudo-mini-adult-lamb-rice\/","title":{"rendered":"Kudo Mini Adult Lamb &#038; Rice"},"content":{"rendered":"<p><strong>Kudo Mini Adult Lamb &amp; Rice<\/strong><\/p>\n<p>Kudo Mini Adult Lamb &amp; Rice je kompletna suva hrana za pse. Ona je potpuni obrok koji sadr\u017ei sve neophodne sastojke za odraslog psa male rase od godinu dana i starije.<\/p>\n<p>\u2022 Osu\u0161eno korenje cikorije (ili ekstrakt cikorije) i ekstrakt juke obezbe\u0111uju prebiotski inulin i podr\u017eavaju zdravu ravnote\u017eu crevne flore.<\/p>\n<p>\u2022 Bez ve\u0161ta\u010dkih boja, konzervanasa i sastojaka sa glutenom.<\/p>\n<p>\u2022 Monoproteinska formula.<\/p>\n<p>\u2022 Idealan izbor kod pojava intolerancije na hranu i alergija na gluten ili odre\u0111ene proteine.<\/p>\n<p><strong>Sastav:<\/strong><br \/>\nDehidrirano jagnje\u0107e meso (32%), su\u0161eni slatki krompir, su\u0161eni krompir, gove\u0111a mast (15%),\u00a0 pirin\u010dano bra\u0161no (8%), jagnje\u0107a d\u017eigerica (5%), ovsene pahuljice (4%), su\u0161ena bundeva (2%), dehidrirana jagnje\u0107a d\u017eigerica (2%), kukuruzne pahuljice, su\u0161ena \u0161argarepa (1,2%), laneno seme, ekstrakt cikorije, su\u0161eno bilje, beta glukani, vitaminsko-mineralni sastav.<\/p>\n<p><strong>Analytical composition:<\/strong><br \/>\nSirovi proteini\u00a025%, Sirove masti\u00a014%, Sirova vlakna\u00a03,4%, Sirov pepeo\u00a06,8%, Kalcijum\u00a01,1%, Fosfor\u00a00,85%, Natrijum\u00a00,15%, Vlaga max.\u00a010%.<\/p>\n<p><strong>Metaboli\u010dka energija:<\/strong>\u00a03830\u00a0kcal\/kg.<\/p>\n<p>Vrednosti predstavljene kao grami\/hrane za pse po danu su bazirane na izra\u010dunatoj ME kao osnovi za hranu.<\/p>\n<p>* Smernice za ishranu su po\u010detne koli\u010dine; va\u0161em psu mo\u017ee biti potrebno vi\u0161e ili manje hrane u zavisnosti od starosti, nivoa aktivnosti i temperamenta.<\/p>\n<p>* Mo\u017eda \u0107ete morati da prilagodite unos hrane va\u0161eg psa nakon nekog vremena.<\/p>\n<p>Serve food in dry form with available fresh water.<br \/>\nFor your pet&#039;s health, consult a veterinarian regularly.<\/p>\n<p>Store the product in a dry, dark and cool place.<\/p>\n<p>Proizvo\u0111a\u010d: Danube Petfoods<br \/>\nZemlja porekla: Srbija (Boljevci)<\/p>\n\n    <div class=\"xs_social_share_widget xs_share_url after_content \t\tmain_content  wslu-style-1 wslu-share-box-shaped wslu-fill-colored wslu-none wslu-share-horizontal wslu-theme-font-no wslu-main_content\">\n\n\t\t\n        <ul>\n\t\t\t        <\/ul>\n    <\/div>","protected":false},"excerpt":{"rendered":"<p>Kudo Mini Adult Lamb &amp; Rice je kompletna suva hrana za odrasle pse, malih rasa, sa jagnjetinom i pirin\u010dem<\/p>","protected":false},"featured_media":26107,"comment_status":"open","ping_status":"closed","template":"","meta":{"_acf_changed":false},"pwb-brand":[951],"product_cat":[47,48,49],"product_tag":[],"class_list":{"0":"post-26065","1":"product","2":"type-product","3":"status-publish","4":"has-post-thumbnail","6":"pwb-brand-kudo","7":"product_cat-psi","8":"product_cat-hrana-za-pse","9":"product_cat-granule-za-pse","11":"first","12":"instock","13":"taxable","14":"shipping-taxable","15":"purchasable","16":"product-type-variable","17":"has-default-attributes"},"acf":[],"brands":[{"id":951,"name":"Kudo","slug":"kudo"}],"_links":{"self":[{"href":"https:\/\/pawz.rs\/en\/wp-json\/wp\/v2\/product\/26065","targetHints":{"allow":["GET"]}}],"collection":[{"href":"https:\/\/pawz.rs\/en\/wp-json\/wp\/v2\/product"}],"about":[{"href":"https:\/\/pawz.rs\/en\/wp-json\/wp\/v2\/types\/product"}],"replies":[{"embeddable":true,"href":"https:\/\/pawz.rs\/en\/wp-json\/wp\/v2\/comments?post=26065"}],"wp:featuredmedia":[{"embeddable":true,"href":"https:\/\/pawz.rs\/en\/wp-json\/wp\/v2\/media\/26107"}],"wp:attachment":[{"href":"https:\/\/pawz.rs\/en\/wp-json\/wp\/v2\/media?parent=26065"}],"wp:term":[{"taxonomy":"pwb-brand","embeddable":true,"href":"https:\/\/pawz.rs\/en\/wp-json\/wp\/v2\/pwb-brand?post=26065"},{"taxonomy":"product_cat","embeddable":true,"href":"https:\/\/pawz.rs\/en\/wp-json\/wp\/v2\/product_cat?post=26065"},{"taxonomy":"product_tag","embeddable":true,"href":"https:\/\/pawz.rs\/en\/wp-json\/wp\/v2\/product_tag?post=26065"}],"curies":[{"name":"wp","href":"https:\/\/api.w.org\/{rel}","templated":true}]}}