{"id":26138,"date":"2024-06-03T21:09:06","date_gmt":"2024-06-03T19:09:06","guid":{"rendered":"https:\/\/pawz.rs\/?post_type=product&#038;p=26138"},"modified":"2025-06-29T20:01:47","modified_gmt":"2025-06-29T18:01:47","slug":"kudo-mini-adult-turkeyduck-3-kg","status":"publish","type":"product","link":"https:\/\/pawz.rs\/en\/kudo-mini-adult-turkeyduck-3-kg\/","title":{"rendered":"Kudo Mini Adult Turkey &#038; Duck 3 kg"},"content":{"rendered":"<p><strong>Kudo Mini Adult Turkey &amp; Duck 3 kg<\/strong><\/p>\n<p>Kudo Mini Adult Turkey&amp;Duck je kompletna, potpuno izbalansirana suva hrana za pse malih rasa starijih od 12 meseci.<\/p>\n<p>\u2022 Tehnologija hladnog presovanja kao i visok sadr\u017eaj vlakana omogu\u0107avaju jako dobru svarljivost, pa je ova hrana pogodna za ishranu i osetljivih pasa.<\/p>\n<p>\u2022 U proizvodnji ne koristimo ve\u0161ta\u010dke boje i arome, a visok procenat sve\u017eeg mesa \u0107e otvoriti apetit \u010dak i na\u0161im najprobirljivijim ljubimcima.<\/p>\n<p><strong>Sastav:<\/strong><br \/>\nDehidrirano \u0107ure\u0107e i pa\u010dije meso (32%), su\u0161eni slatki krompir, su\u0161eni krompir, \u0107ure\u0107a mast (14%),\u00a0 ovsene pahuljice (8%), jagnje\u0107a d\u017eigerica (5%), osu\u0161ena bundeva (2%), dehidrirana jagnje\u0107a d\u017eigerica (2%), kukuruzne pahuljice, su\u0161ena \u0161argarepa (1,2%), , laneno seme, ekstrakt cikorije, su\u0161eno bilje, beta glukan, vitaminsko-mineralni sastav.<\/p>\n<p><strong>Analytical composition:<\/strong><br \/>\nSirovi proteini 25%, Sirove masti 14%, Sirova vlakna 3,4%, Sirov pepeo 5,4%, Kalcijum 1,1%, Fosfor 0,85%, Natrijum 0,15%, Vlaga max. 10%.<\/p>\n<p><strong>Metaboli\u010dka energija:<\/strong> 3840\u00a0kcal\/kg.<\/p>\n<p>Vrednosti predstavljene kao grami\/hrane za pse po danu su bazirane na izra\u010dunatoj ME kao osnovi za hranu.<\/p>\n<p>* Smernice za ishranu su po\u010detne koli\u010dine; va\u0161em psu mo\u017ee biti potrebno vi\u0161e ili manje hrane u zavisnosti od starosti, nivoa aktivnosti i temperamenta.<\/p>\n<p>* Mo\u017eda \u0107ete morati da prilagodite unos hrane va\u0161eg psa nakon nekog vremena.<\/p>\n<p>Serve food in dry form with available fresh water.<br \/>\nFor your pet&#039;s health, consult a veterinarian regularly.<\/p>\n<p>Store the product in a dry, dark and cool place.<\/p>\n<p>Proizvo\u0111a\u010d: Danube Petfoods<br \/>\nZemlja porekla: Srbija (Boljevci)<\/p>\n\n    <div class=\"xs_social_share_widget xs_share_url after_content \t\tmain_content  wslu-style-1 wslu-share-box-shaped wslu-fill-colored wslu-none wslu-share-horizontal wslu-theme-font-no wslu-main_content\">\n\n\t\t\n        <ul>\n\t\t\t        <\/ul>\n    <\/div>","protected":false},"excerpt":{"rendered":"<p>Kudo Mini Adult Turkey &amp; Duck je kompletna suva hrana za odrasle pse, malih rasa, sa kombinacijom dve vrste mesa, \u0107uretine i pa\u010detine<\/p>","protected":false},"featured_media":26105,"comment_status":"open","ping_status":"closed","template":"","meta":{"_acf_changed":false},"pwb-brand":[951],"product_cat":[47,48,49],"product_tag":[],"class_list":{"0":"post-26138","1":"product","2":"type-product","3":"status-publish","4":"has-post-thumbnail","6":"pwb-brand-kudo","7":"product_cat-psi","8":"product_cat-hrana-za-pse","9":"product_cat-granule-za-pse","11":"first","12":"instock","13":"taxable","14":"shipping-taxable","15":"purchasable","16":"product-type-simple"},"acf":[],"brands":[{"id":951,"name":"Kudo","slug":"kudo"}],"_links":{"self":[{"href":"https:\/\/pawz.rs\/en\/wp-json\/wp\/v2\/product\/26138","targetHints":{"allow":["GET"]}}],"collection":[{"href":"https:\/\/pawz.rs\/en\/wp-json\/wp\/v2\/product"}],"about":[{"href":"https:\/\/pawz.rs\/en\/wp-json\/wp\/v2\/types\/product"}],"replies":[{"embeddable":true,"href":"https:\/\/pawz.rs\/en\/wp-json\/wp\/v2\/comments?post=26138"}],"wp:featuredmedia":[{"embeddable":true,"href":"https:\/\/pawz.rs\/en\/wp-json\/wp\/v2\/media\/26105"}],"wp:attachment":[{"href":"https:\/\/pawz.rs\/en\/wp-json\/wp\/v2\/media?parent=26138"}],"wp:term":[{"taxonomy":"pwb-brand","embeddable":true,"href":"https:\/\/pawz.rs\/en\/wp-json\/wp\/v2\/pwb-brand?post=26138"},{"taxonomy":"product_cat","embeddable":true,"href":"https:\/\/pawz.rs\/en\/wp-json\/wp\/v2\/product_cat?post=26138"},{"taxonomy":"product_tag","embeddable":true,"href":"https:\/\/pawz.rs\/en\/wp-json\/wp\/v2\/product_tag?post=26138"}],"curies":[{"name":"wp","href":"https:\/\/api.w.org\/{rel}","templated":true}]}}