{"id":26147,"date":"2024-06-03T21:09:07","date_gmt":"2024-06-03T19:09:07","guid":{"rendered":"https:\/\/pawz.rs\/?post_type=product&#038;p=26147"},"modified":"2025-06-29T20:01:56","modified_gmt":"2025-06-29T18:01:56","slug":"kudo-medium-maxi-adult-adriatic-fish","status":"publish","type":"product","link":"https:\/\/pawz.rs\/en\/kudo-medium-maxi-adult-adriatic-fish\/","title":{"rendered":"Kudo Medium\/Maxi Adult Adriatic Fish"},"content":{"rendered":"<p><strong>Kudo Medium\/Maxi Adult Adriatic Fish<\/strong><\/p>\n<p>Kudo Medium\/Maxi Adult Adriatic Fish je kompletna, potpuno izbalansirana suva hrana za odrasle pse srednjih i velikih pasmina.<\/p>\n<p>\u2022 Zahvaljuju\u0107i velikoj koli\u010dini Omega 3 i Omega 6 masnih kiselina, ova hrana predstavlja pravi izbor za pse koji su skloni problemima sa ko\u017eom i alergijskim reakcijama.<\/p>\n<p>\u2022 Visok sadr\u017eaj vlakana omogu\u0107ava bolje varenje, a tehnologija hladnog presovanja \u010duva sve hranljive sastojke i isti\u010de ukuse koje psi obo\u017eavaju.<\/p>\n<p><strong>Sastav:\u00a0<\/strong><br \/>\nDehidrirana jadranska riba (31%), su\u0161eni slatki krompir, su\u0161eni krompir, riblje ulje (14%),\u00a0 ovsene pahuljice (8%), kukuruzne pahuljice, su\u0161ena bundeva (2%), su\u0161ena \u0161argarepa (1,2%), laneno seme, ekstrakt cikorije, su\u0161eno bilje, beta glukana, glukozamin, hondroitin sulfat, vitaminsko-mineralni sastav.<\/p>\n<p><strong>Analytical composition:<\/strong><br \/>\nSirovi proteini\u00a024%, Sirove masti\u00a014%, Sirova vlakna\u00a03,2%, Sirov pepeo\u00a06,7%, Kalcijum\u00a01,1%, Fosfor\u00a00,85%, Natrijum\u00a00,15%, Vlaga max.\u00a010%.<\/p>\n<p><strong>Metaboli\u010dka energija:<\/strong> 3840 kcal\/kg<\/p>\n<p>Vrednosti predstavljene kao grami\/hrane za pse po danu su bazirane na izra\u010dunatoj ME kao osnovi za hranu.<\/p>\n<p>* Smernice za ishranu su po\u010detne koli\u010dine; va\u0161em psu mo\u017ee biti potrebno vi\u0161e ili manje hrane u zavisnosti od starosti, nivoa aktivnosti i temperamenta.<\/p>\n<p>* Mo\u017eda \u0107ete morati da prilagodite unos hrane va\u0161eg psa nakon nekog vremena.<\/p>\n<p>Serve food in dry form with available fresh water.<br \/>\nFor your pet&#039;s health, consult a veterinarian regularly.<\/p>\n<p>Store the product in a dry, dark and cool place.<\/p>\n<p>Proizvo\u0111a\u010d: Danube Petfoods<br \/>\nZemlja porekla: Srbija (Boljevci)<\/p>\n\n    <div class=\"xs_social_share_widget xs_share_url after_content \t\tmain_content  wslu-style-1 wslu-share-box-shaped wslu-fill-colored wslu-none wslu-share-horizontal wslu-theme-font-no wslu-main_content\">\n\n\t\t\n        <ul>\n\t\t\t        <\/ul>\n    <\/div>","protected":false},"excerpt":{"rendered":"<p>Kudo Medium\/Maxi Adult Red Meat&amp;Vegetables je kompletna hrana za odrasle pse srednjih i velikih rasa, sa ukusom jadranske ribe<\/p>","protected":false},"featured_media":26103,"comment_status":"open","ping_status":"closed","template":"","meta":{"_acf_changed":false},"pwb-brand":[951],"product_cat":[47,48,49],"product_tag":[],"class_list":{"0":"post-26147","1":"product","2":"type-product","3":"status-publish","4":"has-post-thumbnail","6":"pwb-brand-kudo","7":"product_cat-psi","8":"product_cat-hrana-za-pse","9":"product_cat-granule-za-pse","11":"first","12":"instock","13":"taxable","14":"shipping-taxable","15":"purchasable","16":"product-type-variable","17":"has-default-attributes"},"acf":[],"brands":[{"id":951,"name":"Kudo","slug":"kudo"}],"_links":{"self":[{"href":"https:\/\/pawz.rs\/en\/wp-json\/wp\/v2\/product\/26147","targetHints":{"allow":["GET"]}}],"collection":[{"href":"https:\/\/pawz.rs\/en\/wp-json\/wp\/v2\/product"}],"about":[{"href":"https:\/\/pawz.rs\/en\/wp-json\/wp\/v2\/types\/product"}],"replies":[{"embeddable":true,"href":"https:\/\/pawz.rs\/en\/wp-json\/wp\/v2\/comments?post=26147"}],"wp:featuredmedia":[{"embeddable":true,"href":"https:\/\/pawz.rs\/en\/wp-json\/wp\/v2\/media\/26103"}],"wp:attachment":[{"href":"https:\/\/pawz.rs\/en\/wp-json\/wp\/v2\/media?parent=26147"}],"wp:term":[{"taxonomy":"pwb-brand","embeddable":true,"href":"https:\/\/pawz.rs\/en\/wp-json\/wp\/v2\/pwb-brand?post=26147"},{"taxonomy":"product_cat","embeddable":true,"href":"https:\/\/pawz.rs\/en\/wp-json\/wp\/v2\/product_cat?post=26147"},{"taxonomy":"product_tag","embeddable":true,"href":"https:\/\/pawz.rs\/en\/wp-json\/wp\/v2\/product_tag?post=26147"}],"curies":[{"name":"wp","href":"https:\/\/api.w.org\/{rel}","templated":true}]}}