{"id":26150,"date":"2024-06-03T21:09:05","date_gmt":"2024-06-03T19:09:05","guid":{"rendered":"https:\/\/pawz.rs\/?post_type=product&#038;p=26150"},"modified":"2025-06-29T20:02:44","modified_gmt":"2025-06-29T18:02:44","slug":"kudo-mini-junior-turkey-duck","status":"publish","type":"product","link":"https:\/\/pawz.rs\/en\/kudo-mini-junior-turkey-duck\/","title":{"rendered":"Kudo Mini Junior Turkey &#038; Duck"},"content":{"rendered":"<p><strong>Kudo Mini Junior Turkey &amp; Duck<\/strong><\/p>\n<p>Kudo Mini Junior je kompletna, izbalansirana hrana koja obezbe\u0111uje sve sastojke neophodne za pravilan rast i razvoj \u0161tenaca malih rasa pasa, uzrasta do 12 meseci.<\/p>\n<p>\u2022 Tehnologija hladnog presovanja omogu\u0107ava visok stepen svarljivosti i maksimalnu iskoristljivost svih hranljivih materija.<\/p>\n<p>\u2022 Pa\u017eljivo birani sastojci obezbe\u0111uju sve neophodne vitamine i minerale koji su klju\u010dni za odrastanje na\u0161ih \u0161tenaca.<\/p>\n<p>\u2022 Visok procenat mesa u hrani \u0107e u\u010diniti da se va\u0161e \u0161tene raduje svakom obroku.<\/p>\n<p><strong>Sastav:<\/strong><br \/>\nDehidrirano \u0107ure\u0107e i pa\u010dije meso (34%), su\u0161eni slatki krompir, su\u0161eni krompir, \u0107ure\u0107a mast (15%), ovsene pahuljice (8%), jagnje\u0107a d\u017eigerica (5%), su\u0161ena bundeva (2%), dehidrirana jagnje\u0107a d\u017eigerica (2%), kukuruzne pahuljice, su\u0161ena \u0161argarepa (1,2%), laneno seme, ekstrakt cikorije, su\u0161eno bilje, beta glukan, vitaminsko-mineralni sastav.<\/p>\n<p><strong>Analytical composition:<\/strong><br \/>\nSirovi proteini\u00a026%, Sirove masti\u00a014%, Sirova vlakna\u00a03,4%, Sirov pepeo\u00a05,5%, Kalcijum\u00a01,3%, Fosfor\u00a00,95%, Natrijum\u00a00,15%, Vlaga max.\u00a010%.<\/p>\n<p><strong>Metaboli\u010dka energija:<\/strong> 3840\u00a0kcal\/kg.<\/p>\n<p>Vrednosti predstavljene kao grami\/hrane za pse po danu su bazirane na izra\u010dunatoj ME kao osnovi za hranu.<\/p>\n<p>* Smernice za ishranu su po\u010detne koli\u010dine; va\u0161em psu mo\u017ee biti potrebno vi\u0161e ili manje hrane u zavisnosti od starosti, nivoa aktivnosti i temperamenta.<\/p>\n<p>* Mo\u017eda \u0107ete morati da prilagodite unos hrane va\u0161eg psa nakon nekog vremena.<\/p>\n<p>Serve food in dry form with available fresh water.<br \/>\nFor your pet&#039;s health, consult a veterinarian regularly.<\/p>\n<p>Store the product in a dry, dark and cool place.<\/p>\n<p>Proizvo\u0111a\u010d: Danube Petfoods<br \/>\nZemlja porekla: Srbija (Boljevci)<\/p>\n\n    <div class=\"xs_social_share_widget xs_share_url after_content \t\tmain_content  wslu-style-1 wslu-share-box-shaped wslu-fill-colored wslu-none wslu-share-horizontal wslu-theme-font-no wslu-main_content\">\n\n\t\t\n        <ul>\n\t\t\t        <\/ul>\n    <\/div>","protected":false},"excerpt":{"rendered":"<p>Kudo Mini Junior Turkey &amp; Duck je kompletna suva hrana za \u0161tence malih rasa, sa \u0107uretinom i pa\u010detinom<\/p>","protected":false},"featured_media":26102,"comment_status":"open","ping_status":"closed","template":"","meta":{"_acf_changed":false},"pwb-brand":[951],"product_cat":[49,48,47],"product_tag":[],"class_list":{"0":"post-26150","1":"product","2":"type-product","3":"status-publish","4":"has-post-thumbnail","6":"pwb-brand-kudo","7":"product_cat-granule-za-pse","8":"product_cat-hrana-za-pse","9":"product_cat-psi","11":"first","12":"instock","13":"taxable","14":"shipping-taxable","15":"purchasable","16":"product-type-variable","17":"has-default-attributes"},"acf":[],"brands":[{"id":951,"name":"Kudo","slug":"kudo"}],"_links":{"self":[{"href":"https:\/\/pawz.rs\/en\/wp-json\/wp\/v2\/product\/26150","targetHints":{"allow":["GET"]}}],"collection":[{"href":"https:\/\/pawz.rs\/en\/wp-json\/wp\/v2\/product"}],"about":[{"href":"https:\/\/pawz.rs\/en\/wp-json\/wp\/v2\/types\/product"}],"replies":[{"embeddable":true,"href":"https:\/\/pawz.rs\/en\/wp-json\/wp\/v2\/comments?post=26150"}],"wp:featuredmedia":[{"embeddable":true,"href":"https:\/\/pawz.rs\/en\/wp-json\/wp\/v2\/media\/26102"}],"wp:attachment":[{"href":"https:\/\/pawz.rs\/en\/wp-json\/wp\/v2\/media?parent=26150"}],"wp:term":[{"taxonomy":"pwb-brand","embeddable":true,"href":"https:\/\/pawz.rs\/en\/wp-json\/wp\/v2\/pwb-brand?post=26150"},{"taxonomy":"product_cat","embeddable":true,"href":"https:\/\/pawz.rs\/en\/wp-json\/wp\/v2\/product_cat?post=26150"},{"taxonomy":"product_tag","embeddable":true,"href":"https:\/\/pawz.rs\/en\/wp-json\/wp\/v2\/product_tag?post=26150"}],"curies":[{"name":"wp","href":"https:\/\/api.w.org\/{rel}","templated":true}]}}