{"id":26153,"date":"2024-06-03T21:08:54","date_gmt":"2024-06-03T19:08:54","guid":{"rendered":"https:\/\/pawz.rs\/?post_type=product&#038;p=26153"},"modified":"2025-06-29T20:02:44","modified_gmt":"2025-06-29T18:02:44","slug":"kudo-adult-all-breeds-chicken-vegetables-12-kg","status":"publish","type":"product","link":"https:\/\/pawz.rs\/en\/kudo-adult-all-breeds-chicken-vegetables-12-kg\/","title":{"rendered":"Kudo Adult All Breeds Chicken &#038; Vegetables 12 kg"},"content":{"rendered":"<p><strong>Kudo Adult All Breeds Chicken &amp; Vegetables 12 kg<\/strong><\/p>\n<p>Kudo Adult All Breeds Chicken &amp; Vegetables je kompletna, potpuno izbalansirana hrana namenjena odraslim psima svih rasa. Tehnologijom hladnog presovanja sa\u010duvali smo sve hranljive materije iz mesa, vo\u0107a, povr\u0107a i lekovitog bilja.<\/p>\n<p>\u2022 Balans proteina i masti je zadu\u017een za odr\u017eanje optimalne telesne mase.<\/p>\n<p>\u2022 Pa\u017eljivo birani sastojci u optimalnom odnosu obezbe\u0111uju\u00a0 va\u0161em psu kompletan i veoma ukusan obrok.<\/p>\n<p>\u2022 KUDO hrana za pse se proizvodi bez ve\u0161ta\u010dkih boja i aroma.<\/p>\n<p>\u2022 Ova formulacija predstavlja idealan izbor za umereno aktivne pse.<\/p>\n<p><strong>Sastav:<\/strong><br \/>\nDehidrirano pile\u0107e meso (30%), su\u0161eni slatki krompir, su\u0161eni krompir, pile\u0107a mast (12%),\u00a0 ovsene pahuljice (8%), pile\u0107a d\u017eigerica (5%), su\u0161ena bundeva (2%), dehidrirana pile\u0107a d\u017eigerica (2%), kukuruzne pahuljice, su\u0161ena \u0161argarepa (1,2%), laneno seme, su\u0161eno bilje, beta glukani, vitaminsko- mineralni sastav.<\/p>\n<p><strong>Analytical composition:<\/strong><br \/>\nSirovi proteini\u00a024%, Sirove masti\u00a012%, Sirova vlakna\u00a03,2%, Sirov pepeo\u00a05,5%, Kalcijum\u00a01,1%, Fosfor\u00a00,85%, Natrijum\u00a00,15%, Vlaga max.\u00a010%.<\/p>\n<p><strong>Metaboli\u010dka energija:<\/strong> 3840\u00a0kcal\/kg.<\/p>\n<p>Vrednosti predstavljene kao grami\/hrane za pse po danu su bazirane na izra\u010dunatoj ME kao osnovi za hranu.<\/p>\n<p>* Smernice za ishranu su po\u010detne koli\u010dine; va\u0161em psu mo\u017ee biti potrebno vi\u0161e ili manje hrane u zavisnosti od starosti, nivoa aktivnosti i temperamenta.<\/p>\n<p>* Mo\u017eda \u0107ete morati da prilagodite unos hrane va\u0161eg psa nakon nekog vremena.<\/p>\n<p>Serve food in dry form with available fresh water.<br \/>\nFor your pet&#039;s health, consult a veterinarian regularly.<\/p>\n<p>Store the product in a dry, dark and cool place.<\/p>\n<p>Proizvo\u0111a\u010d: Danube Petfoods<br \/>\nZemlja porekla: Srbija (Boljevci)<\/p>\n\n    <div class=\"xs_social_share_widget xs_share_url after_content \t\tmain_content  wslu-style-1 wslu-share-box-shaped wslu-fill-colored wslu-none wslu-share-horizontal wslu-theme-font-no wslu-main_content\">\n\n\t\t\n        <ul>\n\t\t\t        <\/ul>\n    <\/div>","protected":false},"excerpt":{"rendered":"<p>Kudo Adult All Breeds Chicken &amp; Vegetables je kompletna suva hrana za odrasle pse svih rasa, sa piletinom i povr\u0107em<\/p>","protected":false},"featured_media":26101,"comment_status":"open","ping_status":"closed","template":"","meta":{"_acf_changed":false},"pwb-brand":[951],"product_cat":[47,48,49],"product_tag":[],"class_list":{"0":"post-26153","1":"product","2":"type-product","3":"status-publish","4":"has-post-thumbnail","6":"pwb-brand-kudo","7":"product_cat-psi","8":"product_cat-hrana-za-pse","9":"product_cat-granule-za-pse","11":"first","12":"instock","13":"taxable","14":"shipping-taxable","15":"purchasable","16":"product-type-simple"},"acf":[],"brands":[{"id":951,"name":"Kudo","slug":"kudo"}],"_links":{"self":[{"href":"https:\/\/pawz.rs\/en\/wp-json\/wp\/v2\/product\/26153","targetHints":{"allow":["GET"]}}],"collection":[{"href":"https:\/\/pawz.rs\/en\/wp-json\/wp\/v2\/product"}],"about":[{"href":"https:\/\/pawz.rs\/en\/wp-json\/wp\/v2\/types\/product"}],"replies":[{"embeddable":true,"href":"https:\/\/pawz.rs\/en\/wp-json\/wp\/v2\/comments?post=26153"}],"wp:featuredmedia":[{"embeddable":true,"href":"https:\/\/pawz.rs\/en\/wp-json\/wp\/v2\/media\/26101"}],"wp:attachment":[{"href":"https:\/\/pawz.rs\/en\/wp-json\/wp\/v2\/media?parent=26153"}],"wp:term":[{"taxonomy":"pwb-brand","embeddable":true,"href":"https:\/\/pawz.rs\/en\/wp-json\/wp\/v2\/pwb-brand?post=26153"},{"taxonomy":"product_cat","embeddable":true,"href":"https:\/\/pawz.rs\/en\/wp-json\/wp\/v2\/product_cat?post=26153"},{"taxonomy":"product_tag","embeddable":true,"href":"https:\/\/pawz.rs\/en\/wp-json\/wp\/v2\/product_tag?post=26153"}],"curies":[{"name":"wp","href":"https:\/\/api.w.org\/{rel}","templated":true}]}}