{"id":26157,"date":"2024-06-03T21:09:03","date_gmt":"2024-06-03T19:09:03","guid":{"rendered":"https:\/\/pawz.rs\/?post_type=product&#038;p=26157"},"modified":"2025-06-29T20:02:45","modified_gmt":"2025-06-29T18:02:45","slug":"kudo-medium-maxi-junior-turkey-duck","status":"publish","type":"product","link":"https:\/\/pawz.rs\/en\/kudo-medium-maxi-junior-turkey-duck\/","title":{"rendered":"Kudo Medium\/Maxi Junior Turkey &#038; Duck"},"content":{"rendered":"<p><strong>Kudo Medium\/Maxi Junior Turkey &amp; Duck<\/strong><\/p>\n<p>Kudo Medium\/Maxi Junior Turkey &amp; Duck je\u00a0kompletna hrana namenjena \u0161tencima srednjih rasa pasa uzrasta do 12 meseci kao i \u0161tencima velikih rasa pasa uzrasta do 18 meseci.<\/p>\n<p>\u2022 Precizno izbalansiran odnos makro i mikroelemenata\u00a0 garantuje pravilan razvoj kostiju i zglobova.<\/p>\n<p>\u2022 Veoma dobra svarljivost i iskoristljivost hranljivih materija obezbe\u0111uje dovoljno energije \u0161tenetu za aktivno odrastanje, uz pravilan razvoj tela i mi\u0161i\u0107ne mase.<\/p>\n<p>\u2022 Visok procenat mesa ovu hranu \u010dini neodoljivom za na\u0161e\u00a0 \u0161tence.<\/p>\n<p><strong>Sastav:\u00a0<\/strong><br \/>\nDehidrirano \u0107ure\u0107e i pa\u010dije meso (34%), su\u0161eni slatki krompir, su\u0161eni krompir, \u0107ure\u0107a mast (13%),\u00a0 ovsene pahuljice (8%), jagnje\u0107a d\u017eigerica (5%), su\u0161ena bundeva (2%), dehidrirana jagnje\u0107a d\u017eigerica (2%), kukuruzne pahuljice, su\u0161ena \u0161argarepa (1,2%), laneno seme, ekstrakt cikorije, su\u0161eno bilje, beta glukani, ekstrakt hrskavice, vitaminsko-mineralni sastav.<\/p>\n<p><strong>Analytical composition:<\/strong><br \/>\nSirovi proteini\u00a025%, Sirove masti\u00a014%, Sirova vlakna\u00a03,4%, Sirov pepeo\u00a05,4%, Kalcijum\u00a01,3%, Fosfor\u00a00,95%, Natrijum\u00a00,15%, Vlaga max.\u00a010%.<\/p>\n<p><strong>Metaboli\u010dka energija:<\/strong> 4100 kcal\/kg<\/p>\n<p>Vrednosti predstavljene kao grami\/hrane za pse po danu su bazirane na izra\u010dunatoj ME kao osnovi za hranu.<\/p>\n<p>* Smernice za ishranu su po\u010detne koli\u010dine; va\u0161em psu mo\u017ee biti potrebno vi\u0161e ili manje hrane u zavisnosti od starosti, nivoa aktivnosti i temperamenta.<\/p>\n<p>* Mo\u017eda \u0107ete morati da prilagodite unos hrane va\u0161eg psa nakon nekog vremena.<\/p>\n<p>Serve food in dry form with available fresh water.<br \/>\nFor your pet&#039;s health, consult a veterinarian regularly.<\/p>\n<p>Store the product in a dry, dark and cool place.<\/p>\n<p>Proizvo\u0111a\u010d: Danube Petfoods<br \/>\nZemlja porekla: Srbija (Boljevci)<\/p>\n\n    <div class=\"xs_social_share_widget xs_share_url after_content \t\tmain_content  wslu-style-1 wslu-share-box-shaped wslu-fill-colored wslu-none wslu-share-horizontal wslu-theme-font-no wslu-main_content\">\n\n\t\t\n        <ul>\n\t\t\t        <\/ul>\n    <\/div>","protected":false},"excerpt":{"rendered":"<p>Kudo Medium\/Maxi Junior je kompletna suva hrana namenjena \u0161tencima srednjih rasa do 12 meseci i \u0161tencima velikih rasa do 18 meseci, sa \u0107uretinom i pa\u010detinom<\/p>","protected":false},"featured_media":26099,"comment_status":"open","ping_status":"closed","template":"","meta":{"_acf_changed":false},"pwb-brand":[951],"product_cat":[49,48,47],"product_tag":[],"class_list":{"0":"post-26157","1":"product","2":"type-product","3":"status-publish","4":"has-post-thumbnail","6":"pwb-brand-kudo","7":"product_cat-granule-za-pse","8":"product_cat-hrana-za-pse","9":"product_cat-psi","11":"first","12":"instock","13":"taxable","14":"shipping-taxable","15":"purchasable","16":"product-type-variable","17":"has-default-attributes"},"acf":[],"brands":[{"id":951,"name":"Kudo","slug":"kudo"}],"_links":{"self":[{"href":"https:\/\/pawz.rs\/en\/wp-json\/wp\/v2\/product\/26157","targetHints":{"allow":["GET"]}}],"collection":[{"href":"https:\/\/pawz.rs\/en\/wp-json\/wp\/v2\/product"}],"about":[{"href":"https:\/\/pawz.rs\/en\/wp-json\/wp\/v2\/types\/product"}],"replies":[{"embeddable":true,"href":"https:\/\/pawz.rs\/en\/wp-json\/wp\/v2\/comments?post=26157"}],"wp:featuredmedia":[{"embeddable":true,"href":"https:\/\/pawz.rs\/en\/wp-json\/wp\/v2\/media\/26099"}],"wp:attachment":[{"href":"https:\/\/pawz.rs\/en\/wp-json\/wp\/v2\/media?parent=26157"}],"wp:term":[{"taxonomy":"pwb-brand","embeddable":true,"href":"https:\/\/pawz.rs\/en\/wp-json\/wp\/v2\/pwb-brand?post=26157"},{"taxonomy":"product_cat","embeddable":true,"href":"https:\/\/pawz.rs\/en\/wp-json\/wp\/v2\/product_cat?post=26157"},{"taxonomy":"product_tag","embeddable":true,"href":"https:\/\/pawz.rs\/en\/wp-json\/wp\/v2\/product_tag?post=26157"}],"curies":[{"name":"wp","href":"https:\/\/api.w.org\/{rel}","templated":true}]}}