{"id":26169,"date":"2024-06-03T21:08:55","date_gmt":"2024-06-03T19:08:55","guid":{"rendered":"https:\/\/pawz.rs\/?post_type=product&#038;p=26169"},"modified":"2025-06-29T20:02:45","modified_gmt":"2025-06-29T18:02:45","slug":"kudo-senior-light-adriatic-fish","status":"publish","type":"product","link":"https:\/\/pawz.rs\/en\/kudo-senior-light-adriatic-fish\/","title":{"rendered":"Kudo Senior Light Adriatic Fish"},"content":{"rendered":"<p><strong>Kudo Senior Light Adriatic Fish<\/strong><\/p>\n<p>Kudo Senior Light je kompletna, izbalansirana suva hrana koja je namenjena ishrani starijih pasa, kao i pasa koji imaju\u00a0prekomernu telesnu masu. Zahvaljuju\u0107i tehnologiji hladnog presovanja, bez dodatog krompira, ve\u0161ta\u010dkih boja i aroma, ova hrana je izuzetno lako svarljiva.<\/p>\n<p>\u2022 Sve\u017ee izlovljena riba iz Jadranskog mora predstavlja pravu riznicu Omega 3 i Omega 6 masnih kiselina, koji su neophodni za zdravu ko\u017eu i sjajnu dlaku.<\/p>\n<p>\u2022 Visok sadr\u017eaj vlakana \u0107e usporiti prolazak hrane kroz digestivni\u00a0 trakt i na taj na\u010din produ\u017eiti ose\u0107aj sitosti kod pasa.<\/p>\n<p>\u2022 Riblji proteini i nizak sadr\u017eaj masti \u0107e biti pravi izbor za starije ili gojazne pse koji su pokazali preosetljivost na druge proteine\u00a0\u017eivotinjskog porekla.<\/p>\n<p><strong>Sastav:\u00a0<\/strong><br \/>\nDehidrirana jadranska riba (30%), su\u0161eni slatki krompir, su\u0161eni krompir, riblje ulje (10%),\u00a0 ovsene pahuljice (8%), kukuruzne pahuljice, su\u0161ena bundeva (2%), su\u0161ena \u0161argarepa (1,2%), laneno seme , ekstrakt cikorije, su\u0161eno bilje, beta glukani, glukozamin, hondroitin sulfat, vitaminsko-mineralni sastav.<\/p>\n<p><strong>Analytical composition:<\/strong><br \/>\nSirovi proteini\u00a024%, Sirove masti\u00a011%, Sirova vlakna\u00a03,2%, Sirov pepeo\u00a06,8%, Kalcijum\u00a01,1%, Fosfor\u00a00,85%, Natrijum\u00a00,15%, Vlaga max.\u00a010%.<\/p>\n<p><strong>Metaboli\u010dka energija:<\/strong> 3630 kcal\/kg<\/p>\n<p>Vrednosti predstavljene kao grami\/hrane za pse po danu su bazirane na izra\u010dunatoj ME kao osnovi za hranu.<\/p>\n<p>* Smernice za ishranu su po\u010detne koli\u010dine; va\u0161em psu mo\u017ee biti potrebno vi\u0161e ili manje hrane u zavisnosti od starosti, nivoa aktivnosti i temperamenta.<\/p>\n<p>* Mo\u017eda \u0107ete morati da prilagodite unos hrane va\u0161eg psa nakon nekog vremena.<\/p>\n<p>Serve food in dry form with available fresh water.<br \/>\nFor your pet&#039;s health, consult a veterinarian regularly.<\/p>\n<p>Store the product in a dry, dark and cool place.<\/p>\n<p>Proizvo\u0111a\u010d: Danube Petfoods<br \/>\nZemlja porekla: Srbija (Boljevci)<\/p>\n\n    <div class=\"xs_social_share_widget xs_share_url after_content \t\tmain_content  wslu-style-1 wslu-share-box-shaped wslu-fill-colored wslu-none wslu-share-horizontal wslu-theme-font-no wslu-main_content\">\n\n\t\t\n        <ul>\n\t\t\t        <\/ul>\n    <\/div>","protected":false},"excerpt":{"rendered":"<p>Kudo Senior Light je kompletna hrana za starije pse, svih rasa, sa ukusom ribe sa Jadrana<\/p>","protected":false},"featured_media":26095,"comment_status":"open","ping_status":"closed","template":"","meta":{"_acf_changed":false},"pwb-brand":[951],"product_cat":[47,48,49],"product_tag":[],"class_list":{"0":"post-26169","1":"product","2":"type-product","3":"status-publish","4":"has-post-thumbnail","6":"pwb-brand-kudo","7":"product_cat-psi","8":"product_cat-hrana-za-pse","9":"product_cat-granule-za-pse","11":"first","12":"instock","13":"taxable","14":"shipping-taxable","15":"purchasable","16":"product-type-variable","17":"has-default-attributes"},"acf":[],"brands":[{"id":951,"name":"Kudo","slug":"kudo"}],"_links":{"self":[{"href":"https:\/\/pawz.rs\/en\/wp-json\/wp\/v2\/product\/26169","targetHints":{"allow":["GET"]}}],"collection":[{"href":"https:\/\/pawz.rs\/en\/wp-json\/wp\/v2\/product"}],"about":[{"href":"https:\/\/pawz.rs\/en\/wp-json\/wp\/v2\/types\/product"}],"replies":[{"embeddable":true,"href":"https:\/\/pawz.rs\/en\/wp-json\/wp\/v2\/comments?post=26169"}],"wp:featuredmedia":[{"embeddable":true,"href":"https:\/\/pawz.rs\/en\/wp-json\/wp\/v2\/media\/26095"}],"wp:attachment":[{"href":"https:\/\/pawz.rs\/en\/wp-json\/wp\/v2\/media?parent=26169"}],"wp:term":[{"taxonomy":"pwb-brand","embeddable":true,"href":"https:\/\/pawz.rs\/en\/wp-json\/wp\/v2\/pwb-brand?post=26169"},{"taxonomy":"product_cat","embeddable":true,"href":"https:\/\/pawz.rs\/en\/wp-json\/wp\/v2\/product_cat?post=26169"},{"taxonomy":"product_tag","embeddable":true,"href":"https:\/\/pawz.rs\/en\/wp-json\/wp\/v2\/product_tag?post=26169"}],"curies":[{"name":"wp","href":"https:\/\/api.w.org\/{rel}","templated":true}]}}