{"id":26199,"date":"2024-06-04T17:43:51","date_gmt":"2024-06-04T15:43:51","guid":{"rendered":"https:\/\/pawz.rs\/?post_type=product&#038;p=26199"},"modified":"2025-06-29T20:01:55","modified_gmt":"2025-06-29T18:01:55","slug":"kudo-mini-adult-meat-vegetables","status":"publish","type":"product","link":"https:\/\/pawz.rs\/en\/kudo-mini-adult-meat-vegetables\/","title":{"rendered":"Kudo Mini Adult Red Meat &#038; Vegetables"},"content":{"rendered":"<p><strong>Kudo Mini Adult Meat &amp; Vegetables<\/strong><\/p>\n<p>Kudo Mini Adult Meat &amp; Vegetables je potpuna, precizno izbalansirana hrana za odrasle pse malih rasa.<\/p>\n<p>\u2022 Izuzetnog prirodnog ukusa, predstavlja\u0107e radost va\u0161em psu pri svakom obroku.<\/p>\n<p>\u2022 Crveno meso, kao osnovni sastojak hrane, predstavlja odli\u010dan izvor proteina, gvo\u017e\u0111a i cinka koji su nezamenljivi u izgradnji mi\u0161i\u0107ne mase i dobrog imunolo\u0161kog stanja.<\/p>\n<p>\u2022 Ova formulacija predstavlja sjajan izbor za ishranu aktivnih pasa.<\/p>\n<p><strong>Sastav:<\/strong><br \/>\nDehidrirano gove\u0111e meso (34%), su\u0161eni slatki krompir, su\u0161eni krompir, gove\u0111a mast (14%), ovsene pahuljice (8%), jagnje\u0107a d\u017eigerica (7%), su\u0161ena bundeva (2%), kukuruzne pahuljice, su\u0161ena \u0161argarepa (1,2%), laneno seme, ekstrakt cikorije, su\u0161eno bilje, beta glukani, vitaminsko-mineralni sastav.<\/p>\n<p><strong>Analytical composition:<\/strong><br \/>\nSirovi proteini\u00a025%, Sirove masti\u00a014%, Sirova vlakna\u00a03,4%, Sirov pepeo\u00a07,3%, Kalcijum\u00a01,1%, Fosfor\u00a00,85%, Natrijum\u00a00,15%, Vlaga max.\u00a010%.<\/p>\n<p><strong>Metaboli\u010dka energija:<\/strong> 3850 kcal\/kg.<\/p>\n<p>Vrednosti predstavljene kao grami\/hrane za pse po danu su bazirane na izra\u010dunatoj ME kao osnovi za hranu.<\/p>\n<p>* Smernice za ishranu su po\u010detne koli\u010dine; va\u0161em psu mo\u017ee biti potrebno vi\u0161e ili manje hrane u zavisnosti od starosti, nivoa aktivnosti i temperamenta.<\/p>\n<p>* Mo\u017eda \u0107ete morati da prilagodite unos hrane va\u0161eg psa nakon nekog vremena.<\/p>\n<p>Serve food in dry form with available fresh water.<br \/>\nFor your pet&#039;s health, consult a veterinarian regularly.<\/p>\n<p>Store the product in a dry, dark and cool place.<\/p>\n<p>Proizvo\u0111a\u010d: Danube Petfoods<br \/>\nZemlja porekla: Srbija (Boljevci)<\/p>\n\n    <div class=\"xs_social_share_widget xs_share_url after_content \t\tmain_content  wslu-style-1 wslu-share-box-shaped wslu-fill-colored wslu-none wslu-share-horizontal wslu-theme-font-no wslu-main_content\">\n\n\t\t\n        <ul>\n\t\t\t        <\/ul>\n    <\/div>","protected":false},"excerpt":{"rendered":"<p>Kudo Mini Adult Red Meat je kompletna hrana za odrasle pse mini rase sa crvenim mesom i povr\u0107em<\/p>","protected":false},"featured_media":26193,"comment_status":"open","ping_status":"closed","template":"","meta":{"_acf_changed":false},"pwb-brand":[951],"product_cat":[47,48,49],"product_tag":[],"class_list":{"0":"post-26199","1":"product","2":"type-product","3":"status-publish","4":"has-post-thumbnail","6":"pwb-brand-kudo","7":"product_cat-psi","8":"product_cat-hrana-za-pse","9":"product_cat-granule-za-pse","11":"first","12":"instock","13":"taxable","14":"shipping-taxable","15":"purchasable","16":"product-type-variable","17":"has-default-attributes"},"acf":[],"brands":[{"id":951,"name":"Kudo","slug":"kudo"}],"_links":{"self":[{"href":"https:\/\/pawz.rs\/en\/wp-json\/wp\/v2\/product\/26199","targetHints":{"allow":["GET"]}}],"collection":[{"href":"https:\/\/pawz.rs\/en\/wp-json\/wp\/v2\/product"}],"about":[{"href":"https:\/\/pawz.rs\/en\/wp-json\/wp\/v2\/types\/product"}],"replies":[{"embeddable":true,"href":"https:\/\/pawz.rs\/en\/wp-json\/wp\/v2\/comments?post=26199"}],"wp:featuredmedia":[{"embeddable":true,"href":"https:\/\/pawz.rs\/en\/wp-json\/wp\/v2\/media\/26193"}],"wp:attachment":[{"href":"https:\/\/pawz.rs\/en\/wp-json\/wp\/v2\/media?parent=26199"}],"wp:term":[{"taxonomy":"pwb-brand","embeddable":true,"href":"https:\/\/pawz.rs\/en\/wp-json\/wp\/v2\/pwb-brand?post=26199"},{"taxonomy":"product_cat","embeddable":true,"href":"https:\/\/pawz.rs\/en\/wp-json\/wp\/v2\/product_cat?post=26199"},{"taxonomy":"product_tag","embeddable":true,"href":"https:\/\/pawz.rs\/en\/wp-json\/wp\/v2\/product_tag?post=26199"}],"curies":[{"name":"wp","href":"https:\/\/api.w.org\/{rel}","templated":true}]}}