{"id":26261,"date":"2024-06-06T15:09:21","date_gmt":"2024-06-06T13:09:21","guid":{"rendered":"https:\/\/pawz.rs\/?post_type=product&#038;p=26261"},"modified":"2025-10-24T21:49:50","modified_gmt":"2025-10-24T19:49:50","slug":"premil-mix-biskvita-500-g","status":"publish","type":"product","link":"https:\/\/pawz.rs\/en\/premil-mix-biskvita-500-g\/","title":{"rendered":"Premil Mix Biscuits 500 g"},"content":{"rendered":"<p><strong>Premil Mix Biscuits 500 g<\/strong><\/p>\n<p>Dopunska hrana za pse.<\/p>\n<p><strong>Sastav:<\/strong><br \/>\n\u017ditarice, ulja, masti, \u0161e\u0107eri, minerali, meso i \u017eivotinjski derivati.<\/p>\n<p>Nije pogodno za \u0161tenad mla\u0111u od tri meseca.<\/p>\n<p><strong>Dnevna doza za pse:<br \/>\n<\/strong>5-10kg \u2013 5kom<br \/>\n10-20kg \u2013 10kom<br \/>\n20-40kg \u2013 15kom<\/p>\n<p>\u010cuvati na suvom i hladnom mestu<\/p>\n<p>Proizvo\u0111a\u010d: Premil<br \/>\nZemlja porekla: Kovin, Srbija<\/p>\n\n    <div class=\"xs_social_share_widget xs_share_url after_content \t\tmain_content  wslu-style-1 wslu-share-box-shaped wslu-fill-colored wslu-none wslu-share-horizontal wslu-theme-font-no wslu-main_content\">\n\n\t\t\n        <ul>\n\t\t\t        <\/ul>\n    <\/div>","protected":false},"excerpt":{"rendered":"<p>Premil Mix Biskvita predstavlja poslastice za pse svih rasa<\/p>","protected":false},"featured_media":26257,"comment_status":"open","ping_status":"closed","template":"","meta":{"_acf_changed":false},"pwb-brand":[324,326],"product_cat":[48,103,47],"product_tag":[],"class_list":{"0":"post-26261","1":"product","2":"type-product","3":"status-publish","4":"has-post-thumbnail","6":"pwb-brand-premil","7":"pwb-brand-premil-hrana-za-pse","8":"product_cat-hrana-za-pse","9":"product_cat-poslastice-za-pse","10":"product_cat-psi","12":"first","13":"outofstock","14":"taxable","15":"shipping-taxable","16":"purchasable","17":"product-type-simple"},"acf":[],"brands":[{"id":324,"name":"Premil","slug":"premil"},{"id":326,"name":"Premil Dog Food","slug":"premil-hrana-za-pse"}],"_links":{"self":[{"href":"https:\/\/pawz.rs\/en\/wp-json\/wp\/v2\/product\/26261","targetHints":{"allow":["GET"]}}],"collection":[{"href":"https:\/\/pawz.rs\/en\/wp-json\/wp\/v2\/product"}],"about":[{"href":"https:\/\/pawz.rs\/en\/wp-json\/wp\/v2\/types\/product"}],"replies":[{"embeddable":true,"href":"https:\/\/pawz.rs\/en\/wp-json\/wp\/v2\/comments?post=26261"}],"wp:featuredmedia":[{"embeddable":true,"href":"https:\/\/pawz.rs\/en\/wp-json\/wp\/v2\/media\/26257"}],"wp:attachment":[{"href":"https:\/\/pawz.rs\/en\/wp-json\/wp\/v2\/media?parent=26261"}],"wp:term":[{"taxonomy":"pwb-brand","embeddable":true,"href":"https:\/\/pawz.rs\/en\/wp-json\/wp\/v2\/pwb-brand?post=26261"},{"taxonomy":"product_cat","embeddable":true,"href":"https:\/\/pawz.rs\/en\/wp-json\/wp\/v2\/product_cat?post=26261"},{"taxonomy":"product_tag","embeddable":true,"href":"https:\/\/pawz.rs\/en\/wp-json\/wp\/v2\/product_tag?post=26261"}],"curies":[{"name":"wp","href":"https:\/\/api.w.org\/{rel}","templated":true}]}}