{"id":26263,"date":"2024-06-06T19:17:13","date_gmt":"2024-06-06T17:17:13","guid":{"rendered":"https:\/\/pawz.rs\/?post_type=product&#038;p=26263"},"modified":"2026-02-07T21:20:29","modified_gmt":"2026-02-07T20:20:29","slug":"cennamo-healthy-and-tasty-dog-adult-gastrointestinal","status":"publish","type":"product","link":"https:\/\/pawz.rs\/en\/cennamo-healthy-and-tasty-dog-adult-gastrointestinal\/","title":{"rendered":"Cennamo Healthy And Tasty Dog Adult Gastrointestinal"},"content":{"rendered":"<p><strong>Cennamo Healthy And Tasty Dog Adult Gastrointestinal<\/strong><\/p>\n<p>Dijetetska hrana za odrasle pse, posebno formulisana da nutritivno podr\u017ei le\u010denje gastrointestinalnih problema kod odraslih pasa i da nadoknadi lo\u0161e varenje.<\/p>\n<p>Ova hranljiva hrana uklju\u010duje fermentabilna vlakna i povec\u0301an nivo elektrolita.<\/p>\n<p>Tako\u0111e uklju\u010duje FOS i MOS koji ja\u010daju crevnu mikrofloru i stimuli\u0161u imuni sistem creva.<\/p>\n<p>Svi sastojci su veoma svarljivi i imaju nisku koncentraciju masti.<\/p>\n<p>Nije pogodno za: trudne ili dojec\u0301e kuje.<\/p>\n<p><strong>Sastav:<\/strong><br \/>\nPirina\u010d 45%, dehidrirani svinjski protein (27%), svinjska mast, su\u0161ena pulpa cvekle, su\u0161ena pulpa cikorije, hidrolizovani svinjski protein, monokalcijum fosfat, pivski kvasac (3%), kalijum hlorid, natrijum, mananoligosaharidi (0,3%), 0,2%)<\/p>\n<div class=\"pro-details-list\">\n<p class=\"reference\"><strong>Nutritivni dodaci:<\/strong><br \/>\nVitamin A 17.000 IU\/Kg, Vitamin D3 900 IU\/Kg, Vitamin E 240mg\/KG, vitamin C 235 mg\/KG, Vitamin B1 2.4mg\/KG, Vitamin B2 7.8mg\/KG, Vitamin B6\/KG 6.5mg. , vitamin B12 00,5 mg\/kg, vitamin PP 21 mg\/kg, folna kiselina 1,6 mg\/kg, D-pantotenska kiselina 13,6 mg\/kg, holin hlorid 950 mg\/kg, cink oksid 128 mg, gvo\u017e\u0111e karbonat 98 mg, mangan 55 O mg, bakar pentahidrat sulfat 20 mg, kalijum jodid 3 mg, natrijum selenit 0,4 mg.<\/p>\n<p><strong>Analytical composition:<\/strong><br \/>\nSirovi proteini 24%, Sirove masti 12%, Sirova vlakna 1,8%, Sirovi pepeo 7,5%, Kalijum 0,8%, Fosfor 0,8%, Natrijum 0,4%<\/p>\n<p>Serve food in dry form with available fresh water.<br \/>\nFor your pet&#039;s health, consult a veterinarian regularly.<\/p>\n<p>Store the product in a dry, dark and cool place.<\/p>\n<p>Proizvo\u0111a\u010d: Cennamo<br \/>\nZemlja porekla: Italija<\/p>\n<\/div>\n\n    <div class=\"xs_social_share_widget xs_share_url after_content \t\tmain_content  wslu-style-1 wslu-share-box-shaped wslu-fill-colored wslu-none wslu-share-horizontal wslu-theme-font-no wslu-main_content\">\n\n\t\t\n        <ul>\n\t\t\t        <\/ul>\n    <\/div>","protected":false},"excerpt":{"rendered":"<p>Cennamo Healthy And Tasty Dog Diet Gastrointestinal je hrana za pse svih rasa koje imaju problem sa varenjem<\/p>","protected":false},"featured_media":26266,"comment_status":"open","ping_status":"closed","template":"","meta":{"_acf_changed":false},"pwb-brand":[962],"product_cat":[48,47,705],"product_tag":[1251],"class_list":{"0":"post-26263","1":"product","2":"type-product","3":"status-publish","4":"has-post-thumbnail","6":"pwb-brand-cennamo","7":"product_cat-hrana-za-pse","8":"product_cat-psi","9":"product_cat-veterinarske-dijete-za-pse","10":"product_tag-veterinarske-dijete","12":"first","13":"instock","14":"taxable","15":"shipping-taxable","16":"purchasable","17":"product-type-variable","18":"has-default-attributes"},"acf":[],"brands":[{"id":962,"name":"Cennamo","slug":"cennamo"}],"_links":{"self":[{"href":"https:\/\/pawz.rs\/en\/wp-json\/wp\/v2\/product\/26263","targetHints":{"allow":["GET"]}}],"collection":[{"href":"https:\/\/pawz.rs\/en\/wp-json\/wp\/v2\/product"}],"about":[{"href":"https:\/\/pawz.rs\/en\/wp-json\/wp\/v2\/types\/product"}],"replies":[{"embeddable":true,"href":"https:\/\/pawz.rs\/en\/wp-json\/wp\/v2\/comments?post=26263"}],"wp:featuredmedia":[{"embeddable":true,"href":"https:\/\/pawz.rs\/en\/wp-json\/wp\/v2\/media\/26266"}],"wp:attachment":[{"href":"https:\/\/pawz.rs\/en\/wp-json\/wp\/v2\/media?parent=26263"}],"wp:term":[{"taxonomy":"pwb-brand","embeddable":true,"href":"https:\/\/pawz.rs\/en\/wp-json\/wp\/v2\/pwb-brand?post=26263"},{"taxonomy":"product_cat","embeddable":true,"href":"https:\/\/pawz.rs\/en\/wp-json\/wp\/v2\/product_cat?post=26263"},{"taxonomy":"product_tag","embeddable":true,"href":"https:\/\/pawz.rs\/en\/wp-json\/wp\/v2\/product_tag?post=26263"}],"curies":[{"name":"wp","href":"https:\/\/api.w.org\/{rel}","templated":true}]}}