{"id":26267,"date":"2024-06-06T19:17:16","date_gmt":"2024-06-06T17:17:16","guid":{"rendered":"https:\/\/pawz.rs\/?post_type=product&#038;p=26267"},"modified":"2026-02-07T21:23:31","modified_gmt":"2026-02-07T20:23:31","slug":"cennamo-healthy-and-tasty-dog-puppy-joint-1-5-kg","status":"publish","type":"product","link":"https:\/\/pawz.rs\/en\/cennamo-healthy-and-tasty-dog-puppy-joint-1-5-kg\/","title":{"rendered":"Cennamo Healthy And Tasty Dog Puppy Joint 1.5 kg"},"content":{"rendered":"<p><strong>Cennamo Healthy And Tasty Dog Puppy Joint 1.5 kg<\/strong><\/p>\n<p>Dijetetska hrana za \u0161tence, posebno formulisana da nutritivno podr\u017ei probleme metabolizma u slu\u010daju osteoartritisa.<\/p>\n<p>Ova hrana je dala visok nivo EPA, Omega-3 masnih kiselina, vitamina E i glukana.<\/p>\n<p>Ova hrana podsti\u010de odr\u017eavanje te\u017eine kako bi mi\u0161ic\u0301i i osteoartikularni sistem bili u savr\u0161enom stanju.<\/p>\n<p>Svi sastojci su veoma svarljivi.<\/p>\n<p>Nije pogodno za: trudne ili dojec\u0301e kuje.<\/p>\n<p><strong>Sastav:<\/strong><br \/>\nPirina\u010d 27%, tapioka (22%), riblje bra\u0161no (haringa 100%) 26%, lososovo ulje, su\u0161ena pulpa cvekle, dehidrirana pulpa cikorije, hidrolizovani riblji proteini, monokalcijum fosfat, dehidrirani pivski kvasac monokalcijum fosfat, glukozamin (0,06%) sulfat (0,03%)<\/p>\n<div class=\"pro-details-list\">\n<p class=\"reference\"><strong>Nutritivni dodaci:<\/strong><br \/>\nVitamin A 22.000 IU\/Kg, Vitamin D3 1.200 IU\/Kg, Vitamin E 240 mg\/KG, C vitamin 235 mg\/KG, Vitamin B1 2.4mg\/KG, Vitamin B2 7.8mg\/KG, Vitamin B6\/KG 6.5mg, vitamin B1 2.4mg\/kg, vitamin B6 6.5mg\/kg. , vitamin B12 00,5 mg\/kg, vitamin PP 21 mg\/kg, folna kiselina 1,6 mg\/kg, D-pantotenska kiselina 13,6 mg\/kg, holin hlorid 950 mg\/kg, cink oksid 128 mg, gvo\u017e\u0111e karbonat 98 mg, mangan 55 O mg, bakar pentahidrat sulfat 20 mg, kalijum jodid 3 mg, natrijum selenit 0,4 mg.<\/p>\n<p><strong>Analytical composition:<br \/>\n<\/strong>Sirovi proteini 30%, Sirove masti 15%, Sirova vlakna 2,7%, Sirovi pepeo 7,5%, Fosfor 1%<\/p>\n<p>Serve food in dry form with available fresh water.<br \/>\nFor your pet&#039;s health, consult a veterinarian regularly.<\/p>\n<p>Store the product in a dry, dark and cool place.<\/p>\n<p>Proizvo\u0111a\u010d: Cennamo<br \/>\nZemlja porekla: Italija<\/p>\n<\/div>\n\n    <div class=\"xs_social_share_widget xs_share_url after_content \t\tmain_content  wslu-style-1 wslu-share-box-shaped wslu-fill-colored wslu-none wslu-share-horizontal wslu-theme-font-no wslu-main_content\">\n\n\t\t\n        <ul>\n\t\t\t        <\/ul>\n    <\/div>","protected":false},"excerpt":{"rendered":"<p>Cennamo Healthy And Tasty Dog Puppy Joint je dijtetska hrana za \u0161tence koji imaju problem sa osteoartritisom, sa haringom<\/p>","protected":false},"featured_media":26270,"comment_status":"open","ping_status":"closed","template":"","meta":{"_acf_changed":false},"pwb-brand":[962],"product_cat":[48,47,705],"product_tag":[1251],"class_list":{"0":"post-26267","1":"product","2":"type-product","3":"status-publish","4":"has-post-thumbnail","6":"pwb-brand-cennamo","7":"product_cat-hrana-za-pse","8":"product_cat-psi","9":"product_cat-veterinarske-dijete-za-pse","10":"product_tag-veterinarske-dijete","12":"first","13":"instock","14":"taxable","15":"shipping-taxable","16":"purchasable","17":"product-type-simple"},"acf":[],"brands":[{"id":962,"name":"Cennamo","slug":"cennamo"}],"_links":{"self":[{"href":"https:\/\/pawz.rs\/en\/wp-json\/wp\/v2\/product\/26267","targetHints":{"allow":["GET"]}}],"collection":[{"href":"https:\/\/pawz.rs\/en\/wp-json\/wp\/v2\/product"}],"about":[{"href":"https:\/\/pawz.rs\/en\/wp-json\/wp\/v2\/types\/product"}],"replies":[{"embeddable":true,"href":"https:\/\/pawz.rs\/en\/wp-json\/wp\/v2\/comments?post=26267"}],"wp:featuredmedia":[{"embeddable":true,"href":"https:\/\/pawz.rs\/en\/wp-json\/wp\/v2\/media\/26270"}],"wp:attachment":[{"href":"https:\/\/pawz.rs\/en\/wp-json\/wp\/v2\/media?parent=26267"}],"wp:term":[{"taxonomy":"pwb-brand","embeddable":true,"href":"https:\/\/pawz.rs\/en\/wp-json\/wp\/v2\/pwb-brand?post=26267"},{"taxonomy":"product_cat","embeddable":true,"href":"https:\/\/pawz.rs\/en\/wp-json\/wp\/v2\/product_cat?post=26267"},{"taxonomy":"product_tag","embeddable":true,"href":"https:\/\/pawz.rs\/en\/wp-json\/wp\/v2\/product_tag?post=26267"}],"curies":[{"name":"wp","href":"https:\/\/api.w.org\/{rel}","templated":true}]}}