{"id":26271,"date":"2024-06-06T19:17:15","date_gmt":"2024-06-06T17:17:15","guid":{"rendered":"https:\/\/pawz.rs\/?post_type=product&#038;p=26271"},"modified":"2026-02-07T21:23:31","modified_gmt":"2026-02-07T20:23:31","slug":"cennamo-healthy-and-tasty-dog-adult-skin-care-1-5-kg","status":"publish","type":"product","link":"https:\/\/pawz.rs\/en\/cennamo-healthy-and-tasty-dog-adult-skin-care-1-5-kg\/","title":{"rendered":"Cennamo Healthy And Tasty Dog Adult Skin Care 1.5 kg"},"content":{"rendered":"<p><strong>Cennamo Healthy And Tasty Dog Adult Skin Care 1.5 kg\u00a0<\/strong><\/p>\n<p>Dijetetska hrana za odrasle pse, posebno formulisana da nutritivno podr\u017ei le\u010denje dermatolo\u0161kih problema i gubitka dlake kod odraslih pasa.<\/p>\n<p>Ova hranljiva hrana uklju\u010duje povec\u0301an nivo Omega-3 za pobolj\u0161anje stanja ko\u017ee i dlake.<\/p>\n<p>Uklju\u010duje FOS i MOS koji ja\u010daju crevnu mikrofloru i stimuli\u0161u imuni sistem. Svi sastojci su veoma svarljivi.<\/p>\n<p>Nije pogodno za: trudne ili dojec\u0301e kuje.<\/p>\n<p><strong>Sastav:<\/strong><br \/>\nTapioka (52%), riblje bra\u0161no (haringa 100%) 22%, suncokretovo ulje, su\u0161ena pulpa cvekle, dehidrirana pulpa cikorije, hidrolizovani riblji proteini, monokalcijum fosfat, dehidrirani pivski kvasac (izvor -1, 3\/1,6 glukana) monofakalijum , natrijum hlorid, manan-oligosaharidi (0,3%), frukto-oligosaharidi (0,2%)<\/p>\n<div class=\"pro-details-list\">\n<p class=\"reference\"><strong>Nutritivni dodaci:<\/strong><br \/>\nVitamin A 17.000 IU\/Kg, Vitamin D3 900 IU\/Kg, Vitamin E 240mg\/KG, vitamin C 235 mg\/KG, Vitamin B1 2.4mg\/KG, Vitamin B2 7.8mg\/KG, Vitamin B6\/KG 6.5mg. , vitamin B12 00,5 mg\/kg, vitamin PP 21 mg\/kg, folna kiselina 1,6 mg\/kg, D-pantotenska kiselina 13,6 mg\/kg, holin hlorid 950 mg\/kg, cink oksid 128 mg, gvo\u017e\u0111e karbonat 98 mg, mangan 55 O mg, bakar pentahidrat sulfat 20 mg, kalijum jodid 3 mg, natrijum selenit 0,4 mg<\/p>\n<p><strong>Analytical composition:<br \/>\n<\/strong>Sirovi proteini 22%, Sirove masti 12%, Sirova vlakna 2,7%, Sirovi pepeo 7,5%, Fosfor 0,8%<\/p>\n<p>Serve food in dry form with available fresh water.<br \/>\nFor your pet&#039;s health, consult a veterinarian regularly.<\/p>\n<p>Store the product in a dry, dark and cool place.<\/p>\n<p>Proizvo\u0111a\u010d: Cennamo<br \/>\nZemlja porekla: Italija<\/p>\n<\/div>\n\n    <div class=\"xs_social_share_widget xs_share_url after_content \t\tmain_content  wslu-style-1 wslu-share-box-shaped wslu-fill-colored wslu-none wslu-share-horizontal wslu-theme-font-no wslu-main_content\">\n\n\t\t\n        <ul>\n\t\t\t        <\/ul>\n    <\/div>","protected":false},"excerpt":{"rendered":"<p>Cennamo Healthy And Tasty Dog Skin Care je dijetetska hrana za odrasle ose svih rasa koji imaju problema sa ko\u017eom i krznom<\/p>","protected":false},"featured_media":26272,"comment_status":"open","ping_status":"closed","template":"","meta":{"_acf_changed":false},"pwb-brand":[962],"product_cat":[48,47,705],"product_tag":[1251],"class_list":{"0":"post-26271","1":"product","2":"type-product","3":"status-publish","4":"has-post-thumbnail","6":"pwb-brand-cennamo","7":"product_cat-hrana-za-pse","8":"product_cat-psi","9":"product_cat-veterinarske-dijete-za-pse","10":"product_tag-veterinarske-dijete","12":"first","13":"instock","14":"taxable","15":"shipping-taxable","16":"purchasable","17":"product-type-simple"},"acf":[],"brands":[{"id":962,"name":"Cennamo","slug":"cennamo"}],"_links":{"self":[{"href":"https:\/\/pawz.rs\/en\/wp-json\/wp\/v2\/product\/26271","targetHints":{"allow":["GET"]}}],"collection":[{"href":"https:\/\/pawz.rs\/en\/wp-json\/wp\/v2\/product"}],"about":[{"href":"https:\/\/pawz.rs\/en\/wp-json\/wp\/v2\/types\/product"}],"replies":[{"embeddable":true,"href":"https:\/\/pawz.rs\/en\/wp-json\/wp\/v2\/comments?post=26271"}],"wp:featuredmedia":[{"embeddable":true,"href":"https:\/\/pawz.rs\/en\/wp-json\/wp\/v2\/media\/26272"}],"wp:attachment":[{"href":"https:\/\/pawz.rs\/en\/wp-json\/wp\/v2\/media?parent=26271"}],"wp:term":[{"taxonomy":"pwb-brand","embeddable":true,"href":"https:\/\/pawz.rs\/en\/wp-json\/wp\/v2\/pwb-brand?post=26271"},{"taxonomy":"product_cat","embeddable":true,"href":"https:\/\/pawz.rs\/en\/wp-json\/wp\/v2\/product_cat?post=26271"},{"taxonomy":"product_tag","embeddable":true,"href":"https:\/\/pawz.rs\/en\/wp-json\/wp\/v2\/product_tag?post=26271"}],"curies":[{"name":"wp","href":"https:\/\/api.w.org\/{rel}","templated":true}]}}