{"id":26273,"date":"2024-06-06T19:17:15","date_gmt":"2024-06-06T17:17:15","guid":{"rendered":"https:\/\/pawz.rs\/?post_type=product&#038;p=26273"},"modified":"2026-02-07T21:20:28","modified_gmt":"2026-02-07T20:20:28","slug":"cennamo-healthy-and-tasty-dog-adult-grain-free-lamb","status":"publish","type":"product","link":"https:\/\/pawz.rs\/en\/cennamo-healthy-and-tasty-dog-adult-grain-free-lamb\/","title":{"rendered":"Cennamo Healthy And Tasty Dog Adult Grain Free Lamb"},"content":{"rendered":"<p><strong>Cennamo Healthy And Tasty Dog Adult Grain Free Lamb\u00a0<\/strong><\/p>\n<p>Veoma kvalitetna, kompletna i izbalansirana hrana, napravljena da zadovolji delikatne potrebe odraslih pasa bilo koje veli\u010dine.<\/p>\n<p>Njegov specijalni recept bez \u017eitarica ne uklju\u010duje upotrebu vec\u0301 alternativnih izvora kao \u0161to je tapioka.<br \/>\nPored toga, karakteri\u0161u ga odabrane i stru\u010dno izbalansirane sirovine koje daju vrhunsku ishranu i izvanrednu ukusnost. Visok ukus i svarljivost pogoduju unosu i optimalnoj asimilaciji hranljivih materija.<\/p>\n<p>To je funkcionalna hrana sposobna da unapredi i pobolj\u0161a op\u0161te dobrobit \u017eivotinje.<br \/>\nHT superpremium hrana je formulisana sa najmanje: 70% proteina \u017eivotinjskog porekla, 20% proteina biljnog porekla iz ljudskih proizvoda, 10% voc\u0301a, mineralnih soli i prirodnih vitaminskih dodataka.<\/p>\n<p><strong>Sastav:<\/strong><br \/>\nDehidrirani \u017eivotinjski proteini (jagnjetina 16%) 35%, skrob od gra\u0161ka, \u017eivotinjska mast (svinjska mast i pilec\u0301a mast), tapioka 4%, su\u0161ena pulpa cvekle, hidrolizovani \u017eivotinjski proteini, su\u0161ena pulpa cikorije (izvor inulina), riblje ulje (izvor Omega-3), minerali, su\u0161ena pulpa roga\u010da, su\u0161ene goji bobice 0,5%.<\/p>\n<div class=\"pro-details-list\">\n<p class=\"reference\"><strong>Nutritivni dodaci:<\/strong><br \/>\nVitamin A 20.000 IU\/Kg, Vitamin D3 1.400 IU\/Kg, Vitamin E 200 mg\/KG, hidratisani kelat glicina 172 mg\/kg, cink sulfat monohidrat 300 mg\/kg, hidratisani bakrov helat glicina 35 mg\/kg, holin hlorid 3.500 mg\/kg, L-karnitin 150 mg<\/p>\n<p><strong>Tehnolo\u0161ki dodaci:<\/strong> Lecitin2.500 mg\/kg, Ekstrakt bogat tokoferolima prirodnog porekla: 11,2 mg\/kg.<\/p>\n<p><strong> Organolepti\u010dki dodaci:<\/strong> Botani\u010dki definisani prirodni proizvodi: Castanea sativa 1.000 mg\/kg, Rosmarinus officinalis 0,22 mg\/kg.<\/p>\n<p><strong>Analytical composition:<br \/>\n<\/strong>Sirovi proteini 29%, Sirove masti 17%, Sirova vlakna 2,50%, Sirovi pepeo 7%, Fosfor 1%<strong><br \/>\n<\/strong><\/p>\n<p>Serve food in dry form with available fresh water.<br \/>\nFor your pet&#039;s health, consult a veterinarian regularly.<\/p>\n<p>Store the product in a dry, dark and cool place.<\/p>\n<p>Proizvo\u0111a\u010d: Cennamo<br \/>\nZemlja porekla: Italija<\/p>\n<\/div>\n\n    <div class=\"xs_social_share_widget xs_share_url after_content \t\tmain_content  wslu-style-1 wslu-share-box-shaped wslu-fill-colored wslu-none wslu-share-horizontal wslu-theme-font-no wslu-main_content\">\n\n\t\t\n        <ul>\n\t\t\t        <\/ul>\n    <\/div>","protected":false},"excerpt":{"rendered":"<p>Cennamo Healthy And Tasty Dog Lamb je kompletna hrana za odrasle pse svih rasa, sa jagnjetinom, napravljena bez \u017eitarica<\/p>","protected":false},"featured_media":26274,"comment_status":"open","ping_status":"closed","template":"","meta":{"_acf_changed":false},"pwb-brand":[962],"product_cat":[47,48,49],"product_tag":[208],"class_list":{"0":"post-26273","1":"product","2":"type-product","3":"status-publish","4":"has-post-thumbnail","6":"pwb-brand-cennamo","7":"product_cat-psi","8":"product_cat-hrana-za-pse","9":"product_cat-granule-za-pse","10":"product_tag-bez-zitarica","12":"first","13":"instock","14":"taxable","15":"shipping-taxable","16":"purchasable","17":"product-type-variable","18":"has-default-attributes"},"acf":[],"brands":[{"id":962,"name":"Cennamo","slug":"cennamo"}],"_links":{"self":[{"href":"https:\/\/pawz.rs\/en\/wp-json\/wp\/v2\/product\/26273","targetHints":{"allow":["GET"]}}],"collection":[{"href":"https:\/\/pawz.rs\/en\/wp-json\/wp\/v2\/product"}],"about":[{"href":"https:\/\/pawz.rs\/en\/wp-json\/wp\/v2\/types\/product"}],"replies":[{"embeddable":true,"href":"https:\/\/pawz.rs\/en\/wp-json\/wp\/v2\/comments?post=26273"}],"wp:featuredmedia":[{"embeddable":true,"href":"https:\/\/pawz.rs\/en\/wp-json\/wp\/v2\/media\/26274"}],"wp:attachment":[{"href":"https:\/\/pawz.rs\/en\/wp-json\/wp\/v2\/media?parent=26273"}],"wp:term":[{"taxonomy":"pwb-brand","embeddable":true,"href":"https:\/\/pawz.rs\/en\/wp-json\/wp\/v2\/pwb-brand?post=26273"},{"taxonomy":"product_cat","embeddable":true,"href":"https:\/\/pawz.rs\/en\/wp-json\/wp\/v2\/product_cat?post=26273"},{"taxonomy":"product_tag","embeddable":true,"href":"https:\/\/pawz.rs\/en\/wp-json\/wp\/v2\/product_tag?post=26273"}],"curies":[{"name":"wp","href":"https:\/\/api.w.org\/{rel}","templated":true}]}}