{"id":26275,"date":"2024-06-06T19:17:14","date_gmt":"2024-06-06T17:17:14","guid":{"rendered":"https:\/\/pawz.rs\/?post_type=product&#038;p=26275"},"modified":"2026-02-07T21:20:28","modified_gmt":"2026-02-07T20:20:28","slug":"cennamo-healthy-and-tasty-dog-adult-grain-free-salmon","status":"publish","type":"product","link":"https:\/\/pawz.rs\/en\/cennamo-healthy-and-tasty-dog-adult-grain-free-salmon\/","title":{"rendered":"Cennamo Healthy And Tasty Dog Adult Grain Free Salmon"},"content":{"rendered":"<p><strong>Cennamo Healthy And Tasty Dog Adult Grain Free Salmon<\/strong><\/p>\n<p>Veoma kvalitetna, kompletna i izbalansirana hrana, stvorena da zadovolji delikatne potrebe odraslih pasa bilo koje veli\u010dine.<\/p>\n<p>Njegov specijalni recept bez \u017eitarica ne uklju\u010duje upotrebu vec\u0301 alternativnih izvora kao \u0161to je tapioka.<br \/>\nPored toga, karakteri\u0161u ga odabrane i stru\u010dno izbalansirane sirovine koje daju vrhunsku ishranu i izvanrednu ukusnost. Visok ukus i svarljivost pogoduju unosu i optimalnoj asimilaciji hranljivih materija. Stoga je to funkcionalna hrana sposobna da unapredi i pobolj\u0161a op\u0161te dobrobit \u017eivotinje.<br \/>\nHT superpremium hrana je formulisana sa najmanje: 70% proteina \u017eivotinjskog porekla, 20% proteina biljnog porekla iz ljudskih proizvoda, 10% voc\u0301a, mineralnih soli i prirodnih vitaminskih dodataka.<\/p>\n<p><strong>Sastav:<\/strong><br \/>\nRiblje bra\u0161no (losos) 35%, skrob od gra\u0161ka, \u017eivotinjska mast (svinjska mast i pilec\u0301a mast), tapioka, gra\u0161ak 4%, su\u0161ena pulpa cvekle, hidrolizovani \u017eivotinjski proteini, su\u0161ena pulpa cikorije (izvor inulina), riblje ulje (izvor Omega -3), minerali, su\u0161ena pulpa roga\u010da, moringa 0,5%<\/p>\n<div class=\"pro-details-list\">\n<p class=\"reference\"><strong>Nutritivni dodaci:<\/strong><br \/>\nVitamin A 20.000 IU\/kg, vitamin D3 1.400 IU\/kg, vitamin E 200 mg\/kg, hidratisani kelat glicina 172 mg\/kg, cink sulfat monohidrat 300 mg\/kg, hidratisani glikolat 3 mg bakra\/kg , holin hlorid 3,500 mg\/kg, L-karnitin 150 mg.<\/p>\n<p><strong>Analytical composition:<br \/>\n<\/strong>Sirovi proteini 29%, Sirove masti 16,5%, Sirova vlakna 2,50%, Sirovi pepeo 7%, Fosfor 1%<\/p>\n<p>Serve food in dry form with available fresh water.<br \/>\nFor your pet&#039;s health, consult a veterinarian regularly.<\/p>\n<p>Store the product in a dry, dark and cool place.<\/p>\n<p>Proizvo\u0111a\u010d: Cennamo<br \/>\nZemlja porekla: Italija<\/p>\n<\/div>\n\n    <div class=\"xs_social_share_widget xs_share_url after_content \t\tmain_content  wslu-style-1 wslu-share-box-shaped wslu-fill-colored wslu-none wslu-share-horizontal wslu-theme-font-no wslu-main_content\">\n\n\t\t\n        <ul>\n\t\t\t        <\/ul>\n    <\/div>","protected":false},"excerpt":{"rendered":"<p>Cennamo Healthy And Tasty Dog Salmon je kompletna hrana za odrasle pse svih rasa, sa lososom, napravljena bez \u017eitarica<\/p>","protected":false},"featured_media":26278,"comment_status":"open","ping_status":"closed","template":"","meta":{"_acf_changed":false},"pwb-brand":[962],"product_cat":[47,48,49],"product_tag":[208],"class_list":{"0":"post-26275","1":"product","2":"type-product","3":"status-publish","4":"has-post-thumbnail","6":"pwb-brand-cennamo","7":"product_cat-psi","8":"product_cat-hrana-za-pse","9":"product_cat-granule-za-pse","10":"product_tag-bez-zitarica","12":"first","13":"instock","14":"taxable","15":"shipping-taxable","16":"purchasable","17":"product-type-variable","18":"has-default-attributes"},"acf":[],"brands":[{"id":962,"name":"Cennamo","slug":"cennamo"}],"_links":{"self":[{"href":"https:\/\/pawz.rs\/en\/wp-json\/wp\/v2\/product\/26275","targetHints":{"allow":["GET"]}}],"collection":[{"href":"https:\/\/pawz.rs\/en\/wp-json\/wp\/v2\/product"}],"about":[{"href":"https:\/\/pawz.rs\/en\/wp-json\/wp\/v2\/types\/product"}],"replies":[{"embeddable":true,"href":"https:\/\/pawz.rs\/en\/wp-json\/wp\/v2\/comments?post=26275"}],"wp:featuredmedia":[{"embeddable":true,"href":"https:\/\/pawz.rs\/en\/wp-json\/wp\/v2\/media\/26278"}],"wp:attachment":[{"href":"https:\/\/pawz.rs\/en\/wp-json\/wp\/v2\/media?parent=26275"}],"wp:term":[{"taxonomy":"pwb-brand","embeddable":true,"href":"https:\/\/pawz.rs\/en\/wp-json\/wp\/v2\/pwb-brand?post=26275"},{"taxonomy":"product_cat","embeddable":true,"href":"https:\/\/pawz.rs\/en\/wp-json\/wp\/v2\/product_cat?post=26275"},{"taxonomy":"product_tag","embeddable":true,"href":"https:\/\/pawz.rs\/en\/wp-json\/wp\/v2\/product_tag?post=26275"}],"curies":[{"name":"wp","href":"https:\/\/api.w.org\/{rel}","templated":true}]}}