{"id":26279,"date":"2024-06-06T19:17:12","date_gmt":"2024-06-06T17:17:12","guid":{"rendered":"https:\/\/pawz.rs\/?post_type=product&#038;p=26279"},"modified":"2026-02-07T21:20:29","modified_gmt":"2026-02-07T20:20:29","slug":"cennamo-healthy-and-tasty-dog-puppy-low-grain-salmon","status":"publish","type":"product","link":"https:\/\/pawz.rs\/en\/cennamo-healthy-and-tasty-dog-puppy-low-grain-salmon\/","title":{"rendered":"Cennamo Healthy And Tasty Dog Puppy Low Grain Salmon"},"content":{"rendered":"<p><strong>Cennamo Healthy And Tasty Dog Puppy Low Grain Salmon<\/strong><\/p>\n<p>Veoma kvalitetna, kompletna i izbalansirana hrana, stvorena da zadovolji delikatne potrebe \u0161tenaca svih veli\u010dina, od 2 do 12 meseci starosti.<\/p>\n<p>Njegova posebna receptura podrazumeva upotrebu \u017eitarica u ograni\u010denim koli\u010dinama, zbog \u010dega se zove niskozrnasta, a odlikuje se odabranim i stru\u010dno izbalansiranim sirovinama koje daju vrhunsku ishranu i izvanrednu ukusnost.<br \/>\nFormula je savr\u0161ena za pratnju \u0161tenaca u delikatnoj fazi rasta, dok ne postanu odrasli psi u punom zdravlju i blagostanju. Visok ukus i svarljivost pogoduju unosu i optimalnoj asimilaciji hranljivih materija.<br \/>\nStoga je to funkcionalna hrana sposobna da unapredi i pobolj\u0161a op\u0161te blagostanje \u017eivotinje.<br \/>\nHT superpremium hrana je formulisana sa najmanje: 70% proteina \u017eivotinjskog porekla, 20% proteina biljnog porekla iz ljudskih proizvoda, 10% voc\u0301a, mineralnih soli i prirodnih vitaminskih dodataka, prema ishrani predaka.<\/p>\n<p><strong>Sastav:<\/strong><br \/>\nRiblje bra\u0161no (losos) 35%, skrob od gra\u0161ka, \u017eivotinjska mast (svinjska mast i pilec\u0301a mast), beli sirak 10%, pirina\u010d 4%, tapioka, su\u0161ena pulpa cvekle, hidrolizovani \u017eivotinjski proteini, pulpa su\u0161ene cikorije (izvor inulina) 2% , riblje ulje (izvor Omega-3) 1%, minerali, su\u0161ena pulpa roga\u010da, su\u0161eni spanac\u0301 0,5%<\/p>\n<div class=\"pro-details-list\">\n<p class=\"reference\"><strong>Nutritivni dodaci:<\/strong><br \/>\nVitamin A 26.000 IU\/Kg, Vitamin D3 1.800 IU\/Kg, Vitamin E 200 mg\/KG, Hidrirani kelat glicina 172 mg\/kg, Cink-sulfat monohidrat 300 mg\/kg, Helat 5 mg bakra 5 mg kg, holin hlorid 3,500 mg\/kg, L-karnitin 150 mg<\/p>\n<p><strong>Analytical composition:<br \/>\n<\/strong>Sirovi proteini 31%, Sirove masti 17%, Sirova vlakna 2,30%, Sirovi pepeo 7%, Fosfor 1,10%<\/p>\n<p>Serve food in dry form with available fresh water.<br \/>\nFor your pet&#039;s health, consult a veterinarian regularly.<\/p>\n<p>Store the product in a dry, dark and cool place.<\/p>\n<p>Proizvo\u0111a\u010d: Cennamo<br \/>\nZemlja porekla: Italija<\/p>\n<\/div>\n\n    <div class=\"xs_social_share_widget xs_share_url after_content \t\tmain_content  wslu-style-1 wslu-share-box-shaped wslu-fill-colored wslu-none wslu-share-horizontal wslu-theme-font-no wslu-main_content\">\n\n\t\t\n        <ul>\n\t\t\t        <\/ul>\n    <\/div>","protected":false},"excerpt":{"rendered":"<p>Cennamo Healthy And Tasty Dog Puppy Low Grain Salmon je hrana namenjena \u0161tencima svih rasa, sa lososom i \u017eitaricama u ograni\u010denim koli\u010dinama<\/p>","protected":false},"featured_media":26282,"comment_status":"open","ping_status":"closed","template":"","meta":{"_acf_changed":false},"pwb-brand":[962],"product_cat":[47,48,49],"product_tag":[],"class_list":{"0":"post-26279","1":"product","2":"type-product","3":"status-publish","4":"has-post-thumbnail","6":"pwb-brand-cennamo","7":"product_cat-psi","8":"product_cat-hrana-za-pse","9":"product_cat-granule-za-pse","11":"first","12":"instock","13":"taxable","14":"shipping-taxable","15":"purchasable","16":"product-type-variable","17":"has-default-attributes"},"acf":[],"brands":[{"id":962,"name":"Cennamo","slug":"cennamo"}],"_links":{"self":[{"href":"https:\/\/pawz.rs\/en\/wp-json\/wp\/v2\/product\/26279","targetHints":{"allow":["GET"]}}],"collection":[{"href":"https:\/\/pawz.rs\/en\/wp-json\/wp\/v2\/product"}],"about":[{"href":"https:\/\/pawz.rs\/en\/wp-json\/wp\/v2\/types\/product"}],"replies":[{"embeddable":true,"href":"https:\/\/pawz.rs\/en\/wp-json\/wp\/v2\/comments?post=26279"}],"wp:featuredmedia":[{"embeddable":true,"href":"https:\/\/pawz.rs\/en\/wp-json\/wp\/v2\/media\/26282"}],"wp:attachment":[{"href":"https:\/\/pawz.rs\/en\/wp-json\/wp\/v2\/media?parent=26279"}],"wp:term":[{"taxonomy":"pwb-brand","embeddable":true,"href":"https:\/\/pawz.rs\/en\/wp-json\/wp\/v2\/pwb-brand?post=26279"},{"taxonomy":"product_cat","embeddable":true,"href":"https:\/\/pawz.rs\/en\/wp-json\/wp\/v2\/product_cat?post=26279"},{"taxonomy":"product_tag","embeddable":true,"href":"https:\/\/pawz.rs\/en\/wp-json\/wp\/v2\/product_tag?post=26279"}],"curies":[{"name":"wp","href":"https:\/\/api.w.org\/{rel}","templated":true}]}}