{"id":26283,"date":"2024-06-06T19:17:11","date_gmt":"2024-06-06T17:17:11","guid":{"rendered":"https:\/\/pawz.rs\/?post_type=product&#038;p=26283"},"modified":"2026-02-07T21:20:30","modified_gmt":"2026-02-07T20:20:30","slug":"cennamo-healthy-and-tasty-dog-medium-adult-lamb-rice","status":"publish","type":"product","link":"https:\/\/pawz.rs\/en\/cennamo-healthy-and-tasty-dog-medium-adult-lamb-rice\/","title":{"rendered":"Cennamo Healthy And Tasty Dog Medium Adult Lamb &#038; Rice"},"content":{"rendered":"<p><strong>Cennamo Healthy And Tasty Dog Medium Adult Lamb &amp; Rice<\/strong><\/p>\n<p>Potpuna hrana bogata jagnjetinom i pirin\u010dem za pse.<\/p>\n<p>Prou\u010deni i formulisani od strane nutricionista, za pse srednje veli\u010dine, kako bi zadovoljili njihove potrebe u ishrani i da bi im pomogli da svakodnevno izvode \u017eivot u najboljoj fizi\u010dkoj formi.<br \/>\nVisok ukus i svarljivost pogoduju optimalnom unosu i asimilaciji hranljivih materija.<br \/>\nStoga je to funkcionalna hrana sposobna da unapredi i pobolj\u0161a op\u0161te dobrobit \u017eivotinje<\/p>\n<p><strong>Sastav:<\/strong><br \/>\nPrera\u0111eni \u017eivotinjski proteini (jagnjetina 30%), pirina\u010d 10%, kukuruz, ulja i masti, pirina\u010d, kukuruzna folija, pulpa cvekle, su\u0161ena pulpa roga\u010da, FOS (frukto-oligo-saharidi), pivski kvasac, ruzmarin<\/p>\n<div class=\"pro-details-list\">\n<p class=\"reference\"><strong>Nutritivni dodaci:<\/strong><br \/>\nVitamin A 26.000 IU\/kg, vitamin D3 1.200 IU\/kg, vitamin E 200 mg\/kg, hidratisani kelat glicina 172 mg\/kg, cink-sulfat monohidrat 300 mg\/kg, hidratisani bakrov helat glicina 35 mg\/kg hlorid 3.500 mg\/kg<\/p>\n<p>Serve food in dry form with available fresh water.<br \/>\nFor your pet&#039;s health, consult a veterinarian regularly.<\/p>\n<p>Store the product in a dry, dark and cool place.<\/p>\n<p>Proizvo\u0111a\u010d: Cennamo<br \/>\nZemlja porekla: Italija<\/p>\n<\/div>\n\n    <div class=\"xs_social_share_widget xs_share_url after_content \t\tmain_content  wslu-style-1 wslu-share-box-shaped wslu-fill-colored wslu-none wslu-share-horizontal wslu-theme-font-no wslu-main_content\">\n\n\t\t\n        <ul>\n\t\t\t        <\/ul>\n    <\/div>","protected":false},"excerpt":{"rendered":"<p>Cennamo Healthy And Tasty Dog Medium Adult je kompletna hrana za odrasle pse srednjih rasa, sa jagnjetinom i pirin\u010dem<\/p>","protected":false},"featured_media":26287,"comment_status":"open","ping_status":"closed","template":"","meta":{"_acf_changed":false},"pwb-brand":[962],"product_cat":[47,48,49],"product_tag":[],"class_list":{"0":"post-26283","1":"product","2":"type-product","3":"status-publish","4":"has-post-thumbnail","6":"pwb-brand-cennamo","7":"product_cat-psi","8":"product_cat-hrana-za-pse","9":"product_cat-granule-za-pse","11":"first","12":"instock","13":"taxable","14":"shipping-taxable","15":"purchasable","16":"product-type-variable","17":"has-default-attributes"},"acf":[],"brands":[{"id":962,"name":"Cennamo","slug":"cennamo"}],"_links":{"self":[{"href":"https:\/\/pawz.rs\/en\/wp-json\/wp\/v2\/product\/26283","targetHints":{"allow":["GET"]}}],"collection":[{"href":"https:\/\/pawz.rs\/en\/wp-json\/wp\/v2\/product"}],"about":[{"href":"https:\/\/pawz.rs\/en\/wp-json\/wp\/v2\/types\/product"}],"replies":[{"embeddable":true,"href":"https:\/\/pawz.rs\/en\/wp-json\/wp\/v2\/comments?post=26283"}],"wp:featuredmedia":[{"embeddable":true,"href":"https:\/\/pawz.rs\/en\/wp-json\/wp\/v2\/media\/26287"}],"wp:attachment":[{"href":"https:\/\/pawz.rs\/en\/wp-json\/wp\/v2\/media?parent=26283"}],"wp:term":[{"taxonomy":"pwb-brand","embeddable":true,"href":"https:\/\/pawz.rs\/en\/wp-json\/wp\/v2\/pwb-brand?post=26283"},{"taxonomy":"product_cat","embeddable":true,"href":"https:\/\/pawz.rs\/en\/wp-json\/wp\/v2\/product_cat?post=26283"},{"taxonomy":"product_tag","embeddable":true,"href":"https:\/\/pawz.rs\/en\/wp-json\/wp\/v2\/product_tag?post=26283"}],"curies":[{"name":"wp","href":"https:\/\/api.w.org\/{rel}","templated":true}]}}