{"id":26288,"date":"2024-06-06T19:17:10","date_gmt":"2024-06-06T17:17:10","guid":{"rendered":"https:\/\/pawz.rs\/?post_type=product&#038;p=26288"},"modified":"2026-02-07T21:23:32","modified_gmt":"2026-02-07T20:23:32","slug":"cennamo-healthy-and-tasty-dog-medium-adult-chicken-and-turkey-3-kg","status":"publish","type":"product","link":"https:\/\/pawz.rs\/en\/cennamo-healthy-and-tasty-dog-medium-adult-chicken-and-turkey-3-kg\/","title":{"rendered":"Cennamo Healthy And Tasty Dog Medium Adult Chicken And Turkey 3 kg"},"content":{"rendered":"<p><strong>Cennamo Healthy And Tasty Dog Medium Chicken And Turkey 3 kg<\/strong><\/p>\n<p>Potpuna hrana bogata pilec\u0301im i c\u0301urec\u0301im mesom za pse za odr\u017eavanje.<\/p>\n<p>Prou\u010deni i formulisani od strane nutricionista kako bi se zadovoljile nutritivne potrebe na\u0161ih vernih prijatelja koji obavljaju normalnu fizi\u010dku aktivnost i kako bi im pomogli da svakodnevno provode \u017eivot u najboljoj fizi\u010dkoj formi.<\/p>\n<p>Visok ukus i svarljivost pogoduju unosu i optimalnoj asimilaciji hranljivih materija.<br \/>\nStoga je to funkcionalna hrana sposobna da unapredi i pobolj\u0161a op\u0161te blagostanje \u017eivotinje.<\/p>\n<p><strong>Sastav:<\/strong><br \/>\nDehidrirani proteini piletine i c\u0301uretine 30%, pirina\u010d, ulja i masti, kukuruz, kukuruzna folija, su\u0161ena pulpa cvekle, su\u0161ena pulpa roga\u010da, FOS (frukto-oligo-saharidi), pivski kvasac.<\/p>\n<div class=\"pro-details-list\">\n<p class=\"reference\"><strong>Nutritivni dodaci:<\/strong><br \/>\nVitamin A 26.000 IU\/Kg, Vitamin D3 1.200 IU\/Kg, Vitamin E 200 mg\/KG, hidratisani kelat glicina 172 mg\/kg, cink sulfat monohidrat 300 mg\/kg, hidratisani bakrov helat od 35 mg\/kg glicina hlorid 3.500 mg\/kg<\/p>\n<p>Serve food in dry form with available fresh water.<br \/>\nFor your pet&#039;s health, consult a veterinarian regularly.<\/p>\n<p>Store the product in a dry, dark and cool place.<\/p>\n<p>Proizvo\u0111a\u010d: Cennamo<br \/>\nZemlja porekla: Italija<\/p>\n<\/div>\n\n    <div class=\"xs_social_share_widget xs_share_url after_content \t\tmain_content  wslu-style-1 wslu-share-box-shaped wslu-fill-colored wslu-none wslu-share-horizontal wslu-theme-font-no wslu-main_content\">\n\n\t\t\n        <ul>\n\t\t\t        <\/ul>\n    <\/div>","protected":false},"excerpt":{"rendered":"<p>Cennamo Healthy And Tasty Dog Medium Adult je kompletna hrana za odrasle pse srednjih rasa, sa kombinacijom ukusa piletine i \u0107uretine<\/p>","protected":false},"featured_media":26291,"comment_status":"open","ping_status":"closed","template":"","meta":{"_acf_changed":false},"pwb-brand":[962],"product_cat":[49,48,47],"product_tag":[],"class_list":{"0":"post-26288","1":"product","2":"type-product","3":"status-publish","4":"has-post-thumbnail","6":"pwb-brand-cennamo","7":"product_cat-granule-za-pse","8":"product_cat-hrana-za-pse","9":"product_cat-psi","11":"first","12":"instock","13":"taxable","14":"shipping-taxable","15":"purchasable","16":"product-type-simple"},"acf":[],"brands":[{"id":962,"name":"Cennamo","slug":"cennamo"}],"_links":{"self":[{"href":"https:\/\/pawz.rs\/en\/wp-json\/wp\/v2\/product\/26288","targetHints":{"allow":["GET"]}}],"collection":[{"href":"https:\/\/pawz.rs\/en\/wp-json\/wp\/v2\/product"}],"about":[{"href":"https:\/\/pawz.rs\/en\/wp-json\/wp\/v2\/types\/product"}],"replies":[{"embeddable":true,"href":"https:\/\/pawz.rs\/en\/wp-json\/wp\/v2\/comments?post=26288"}],"wp:featuredmedia":[{"embeddable":true,"href":"https:\/\/pawz.rs\/en\/wp-json\/wp\/v2\/media\/26291"}],"wp:attachment":[{"href":"https:\/\/pawz.rs\/en\/wp-json\/wp\/v2\/media?parent=26288"}],"wp:term":[{"taxonomy":"pwb-brand","embeddable":true,"href":"https:\/\/pawz.rs\/en\/wp-json\/wp\/v2\/pwb-brand?post=26288"},{"taxonomy":"product_cat","embeddable":true,"href":"https:\/\/pawz.rs\/en\/wp-json\/wp\/v2\/product_cat?post=26288"},{"taxonomy":"product_tag","embeddable":true,"href":"https:\/\/pawz.rs\/en\/wp-json\/wp\/v2\/product_tag?post=26288"}],"curies":[{"name":"wp","href":"https:\/\/api.w.org\/{rel}","templated":true}]}}