{"id":26297,"date":"2024-06-06T19:17:07","date_gmt":"2024-06-06T17:17:07","guid":{"rendered":"https:\/\/pawz.rs\/?post_type=product&#038;p=26297"},"modified":"2026-02-07T21:23:32","modified_gmt":"2026-02-07T20:23:32","slug":"cennamo-healthy-and-tasty-dog-mini-adult-salmon-2-kg","status":"publish","type":"product","link":"https:\/\/pawz.rs\/en\/cennamo-healthy-and-tasty-dog-mini-adult-salmon-2-kg\/","title":{"rendered":"Cennamo Healthy And Tasty Dog Mini Adult Salmon 2 kg"},"content":{"rendered":"<p><strong>Cennamo Healthy And Tasty Dog Mini Adult Salmon 2 kg<\/strong><\/p>\n<p>Potpuna hrana, bogata ribom, izbalansirana za odrasle pse za odr\u017eavanje malih rasa.<\/p>\n<p>Posebno pogodan za pse koji imaju osetljivu dlaku ili pate od problema sa ishranom, ribe, sa niskim alergenim potencijalom, obezbe\u0111uju visoku koli\u010dinu lako asimilirane energije, spre\u010davajuc\u0301i probleme sa jetrom.<br \/>\nStoga je to funkcionalna hrana sposobna da unapredi i pobolj\u0161a op\u0161te blagostanje \u017eivotinje.<br \/>\nHT superpremium hrana je formulisana sa najmanje: 70% proteina \u017eivotinjskog porekla, 20% proteina biljnog porekla iz ljudskih proizvoda, 10% voc\u0301a, mineralnih soli i prirodnih vitaminskih dodataka, prema ishrani predaka<\/p>\n<p><strong>Sastav:<\/strong><br \/>\nRiblje bra\u0161no (losos 40%), pirina\u010d 10%, ulja i masti, kukuruz, kukuruzna folija, su\u0161ena pulpa cvekle, su\u0161ena pulpa roga\u010da, FOS (frukto-oligo-saharidi), pivski kvasac.<\/p>\n<div class=\"pro-details-list\">\n<p class=\"reference\"><strong>Nutritivni dodaci:<\/strong><br \/>\nVitamin A 26.000 IU\/Kg, Vitamin D3 1.200 IU\/Kg, Vitamin E 200 mg\/KG, Hidrirani kelat glicina 172 mg\/kg, Cink sulfat monohidrat 300 mg\/kg, hidrat 5 mg bakra 5 mg kg, holin hlorid 3.500 mg\/kg. Organolepti\u010dki dodaci: Ekstrakt nara; Ekstrakt borovnice; Bioflavonoidi (voc\u0301ni ekstrakti); Rosmarinus officinalis 0,22 mg\/kg.<\/p>\n<p><strong>Analytical composition:<\/strong><br \/>\nSirovi proteini 28%, Sirove masti 16%, Sirova vlakna 2%, Sirovi pepeo 6,50%, Fosfor 0,80%<\/p>\n<p>Serve food in dry form with available fresh water.<br \/>\nFor your pet&#039;s health, consult a veterinarian regularly.<\/p>\n<p>Store the product in a dry, dark and cool place.<\/p>\n<p>Proizvo\u0111a\u010d: Cennamo<br \/>\nZemlja porekla: Italija<\/p>\n<\/div>\n\n    <div class=\"xs_social_share_widget xs_share_url after_content \t\tmain_content  wslu-style-1 wslu-share-box-shaped wslu-fill-colored wslu-none wslu-share-horizontal wslu-theme-font-no wslu-main_content\">\n\n\t\t\n        <ul>\n\t\t\t        <\/ul>\n    <\/div>","protected":false},"excerpt":{"rendered":"<p>Cennamo Healthy And Tasty Dog Mini Adult je kompletna hrana sa lososom namenjena psima malih rasa<\/p>","protected":false},"featured_media":26295,"comment_status":"open","ping_status":"closed","template":"","meta":{"_acf_changed":false},"pwb-brand":[962],"product_cat":[47,48,49],"product_tag":[],"class_list":{"0":"post-26297","1":"product","2":"type-product","3":"status-publish","4":"has-post-thumbnail","6":"pwb-brand-cennamo","7":"product_cat-psi","8":"product_cat-hrana-za-pse","9":"product_cat-granule-za-pse","11":"first","12":"instock","13":"taxable","14":"shipping-taxable","15":"purchasable","16":"product-type-simple"},"acf":[],"brands":[{"id":962,"name":"Cennamo","slug":"cennamo"}],"_links":{"self":[{"href":"https:\/\/pawz.rs\/en\/wp-json\/wp\/v2\/product\/26297","targetHints":{"allow":["GET"]}}],"collection":[{"href":"https:\/\/pawz.rs\/en\/wp-json\/wp\/v2\/product"}],"about":[{"href":"https:\/\/pawz.rs\/en\/wp-json\/wp\/v2\/types\/product"}],"replies":[{"embeddable":true,"href":"https:\/\/pawz.rs\/en\/wp-json\/wp\/v2\/comments?post=26297"}],"wp:featuredmedia":[{"embeddable":true,"href":"https:\/\/pawz.rs\/en\/wp-json\/wp\/v2\/media\/26295"}],"wp:attachment":[{"href":"https:\/\/pawz.rs\/en\/wp-json\/wp\/v2\/media?parent=26297"}],"wp:term":[{"taxonomy":"pwb-brand","embeddable":true,"href":"https:\/\/pawz.rs\/en\/wp-json\/wp\/v2\/pwb-brand?post=26297"},{"taxonomy":"product_cat","embeddable":true,"href":"https:\/\/pawz.rs\/en\/wp-json\/wp\/v2\/product_cat?post=26297"},{"taxonomy":"product_tag","embeddable":true,"href":"https:\/\/pawz.rs\/en\/wp-json\/wp\/v2\/product_tag?post=26297"}],"curies":[{"name":"wp","href":"https:\/\/api.w.org\/{rel}","templated":true}]}}