{"id":26299,"date":"2024-06-06T19:17:06","date_gmt":"2024-06-06T17:17:06","guid":{"rendered":"https:\/\/pawz.rs\/?post_type=product&#038;p=26299"},"modified":"2026-02-07T21:23:32","modified_gmt":"2026-02-07T20:23:32","slug":"cennamo-healthy-and-tasty-cat-adult-chicken-and-beef-2-kg","status":"publish","type":"product","link":"https:\/\/pawz.rs\/en\/cennamo-healthy-and-tasty-cat-adult-chicken-and-beef-2-kg\/","title":{"rendered":"Cennamo Healthy And Tasty Cat Adult Chicken And Beef 2 kg"},"content":{"rendered":"<p><strong>Cennamo Healthy And Tasty Cat Adult Chicken And Beef 2 kg<\/strong><\/p>\n<p>Super-premium hrana za odrasle ma\u010dke, potpuna i uravnote\u017eena od jedne godine nadalje na bazi govedine i piletine.<br \/>\nHT superpremium hrana je formulisana sa najmanje: 70% proteina \u017eivotinjskog porekla, 20% proteina biljnog porekla iz proizvoda za ljudsku upotrebu, 10% od voc\u0301a, mineralnih soli i prirodnih vitaminskih integracija.<\/p>\n<p><strong>Sastav:<\/strong><br \/>\nDehidrirani \u017eivotinjski proteini (piletina 15%, govedina 15%), kukuruz, pirina\u010d, riblje bra\u0161no, ulja i masti, pulpa cvekle, riblje ulje, kukuruzno ulje, kukuruzni gluten, natrijum hlorid, pivski kvasac, hidrolizat pilec\u0301ih proteina, prirodni ekstrakt borovnice, prirodni ekstrakt nara, bioflavonoidi (voc\u0301ni ekstrakti), ekstrakt ruzmarina.<\/p>\n<div class=\"pro-details-list\">\n<p class=\"reference\"><strong>Nutritivni dodaci:<\/strong><br \/>\nVitamin A 16.000 IU\/Kg, Vitamin D3 1.600 IU\/Kg, Vitamin E 160 mg\/KG, C vitamin 130 mg\/Kg, Niacin 30 mg\/Kg, Pantotenska kiselina 16mg\/Kg, Holin hlorid 2,20 mg\/kg Cink oksid 108 mg\/kg, cink sulfat monohidrat 120 mg\/kg, mangan sulfat monohidrat 150 mg\/kg, gvo\u017e\u0111e sulfat monohidrat 44 mg\/kg, gvo\u017e\u0111e karbonat 60 mg\/kg, bakrov sulfat pentahidrat 2 kg, sodijum sek hidrat 50 mg\/kg. DL-metionin 3000mg\/kg<\/p>\n<p><strong>Analytical composition:<br \/>\n<\/strong>Sirovi proteini 31%, Sirova ulja i masti 10,50%, Sirova vlakna 1,40%, Sirovi pepeo 7,50%, Fosfor 0,9%, Magnezijum 0,08% Taurin 1800mg\/Kg<\/p>\n<p>Serve food in dry form with available fresh water.<br \/>\nFor your pet&#039;s health, consult a veterinarian regularly.<\/p>\n<p>Store the product in a dry, dark and cool place.<\/p>\n<p>Proizvo\u0111a\u010d: Cennamo<br \/>\nZemlja porekla: Italija<\/p>\n<\/div>\n\n    <div class=\"xs_social_share_widget xs_share_url after_content \t\tmain_content  wslu-style-1 wslu-share-box-shaped wslu-fill-colored wslu-none wslu-share-horizontal wslu-theme-font-no wslu-main_content\">\n\n\t\t\n        <ul>\n\t\t\t        <\/ul>\n    <\/div>","protected":false},"excerpt":{"rendered":"<p>Cennamo Healthy And Tasty Cat Adult je kompletna hrana za odrasle ma\u010dke sa kombinacijom dva ukusa, piletine i govedine<\/p>","protected":false},"featured_media":26300,"comment_status":"open","ping_status":"closed","template":"","meta":{"_acf_changed":false},"pwb-brand":[962],"product_cat":[23,21,149],"product_tag":[],"class_list":{"0":"post-26299","1":"product","2":"type-product","3":"status-publish","4":"has-post-thumbnail","6":"pwb-brand-cennamo","7":"product_cat-macke","8":"product_cat-hrana-za-macke","9":"product_cat-granule-za-macke","11":"first","12":"instock","13":"taxable","14":"shipping-taxable","15":"purchasable","16":"product-type-simple"},"acf":[],"brands":[{"id":962,"name":"Cennamo","slug":"cennamo"}],"_links":{"self":[{"href":"https:\/\/pawz.rs\/en\/wp-json\/wp\/v2\/product\/26299","targetHints":{"allow":["GET"]}}],"collection":[{"href":"https:\/\/pawz.rs\/en\/wp-json\/wp\/v2\/product"}],"about":[{"href":"https:\/\/pawz.rs\/en\/wp-json\/wp\/v2\/types\/product"}],"replies":[{"embeddable":true,"href":"https:\/\/pawz.rs\/en\/wp-json\/wp\/v2\/comments?post=26299"}],"wp:featuredmedia":[{"embeddable":true,"href":"https:\/\/pawz.rs\/en\/wp-json\/wp\/v2\/media\/26300"}],"wp:attachment":[{"href":"https:\/\/pawz.rs\/en\/wp-json\/wp\/v2\/media?parent=26299"}],"wp:term":[{"taxonomy":"pwb-brand","embeddable":true,"href":"https:\/\/pawz.rs\/en\/wp-json\/wp\/v2\/pwb-brand?post=26299"},{"taxonomy":"product_cat","embeddable":true,"href":"https:\/\/pawz.rs\/en\/wp-json\/wp\/v2\/product_cat?post=26299"},{"taxonomy":"product_tag","embeddable":true,"href":"https:\/\/pawz.rs\/en\/wp-json\/wp\/v2\/product_tag?post=26299"}],"curies":[{"name":"wp","href":"https:\/\/api.w.org\/{rel}","templated":true}]}}