{"id":26303,"date":"2024-06-06T19:17:04","date_gmt":"2024-06-06T17:17:04","guid":{"rendered":"https:\/\/pawz.rs\/?post_type=product&#038;p=26303"},"modified":"2026-02-07T21:23:32","modified_gmt":"2026-02-07T20:23:32","slug":"cennamo-healthy-and-tasty-cat-adult-sterilised-with-salmon-2-kg","status":"publish","type":"product","link":"https:\/\/pawz.rs\/en\/cennamo-healthy-and-tasty-cat-adult-sterilised-with-salmon-2-kg\/","title":{"rendered":"Cennamo Healthy And Tasty Cat Adult Sterilised With Salmon 2 kg"},"content":{"rendered":"<p><strong>Cennamo Healthy And Tasty Cat Adult Sterilised With Salmon 2 kg<\/strong><\/p>\n<p>Potpuna i uravnote\u017eena superpremium hrana za odrasle ma\u010dke od godinu dana pa nadalje, idealna za sterilisane ma\u010dke sa niskim sadr\u017eajem masti i obogac\u0301ena je L-karnitinom na bazi dehidriranog lososa.<br \/>\nHT superpremium hrana je formulisana sa najmanje: 70% proteina \u017eivotinjskog porekla, 20% proteina biljnog porekla iz ljudskih proizvoda, 10% voc\u0301a, mineralnih soli i prirodnih vitaminskih dodataka, prema ishrani predaka.<\/p>\n<p><strong>Sastav:<br \/>\n<\/strong>Riblje bra\u0161no (losos 35%), dehidrirani pilec\u0301i protein, kukuruz, pirina\u010d 5%, ulja i masti, pulpa cvekle, riblje ulje, kukuruzno ulje, kukuruzni gluten, natrijum hlorid, pivski kvasac, hidrolizat pilec\u0301ih proteina, prirodni ekstrakt borovnice, prirodni nar ekstrakt, bioflavonoidi (voc\u0301ni ekstrakti), ekstrakt ruzmarina<\/p>\n<div class=\"pro-details-list\">\n<p class=\"reference\"><strong>Nutritivni dodaci:<\/strong><br \/>\nVitamin A 16.000 IU\/Kg, Vitamin D3 1.600 IU\/Kg, Vitamin E 160 mg\/KG, C vitamin 130 mg\/KG, Niacin 30 mg, Pantotenska kiselina 16 mg, Holin hlorid 2.200 IU\/Kg, Cink suhlor 10 mg, cink-sulfat 10 mg 120 mg, mangan sulfat monohidrat 150 mg, gvo\u017e\u0111e sulfat monohidrat 44 mg, gvo\u017e\u0111e karbonat 60 mg, bakrov sulfat pentahidrat 50 mg, natrijum selenit 0,22 mg, DL-metionin 3.000 mg.<\/p>\n<p><strong>Analytical composition:<\/strong><br \/>\nSirovi proteini 33%, Sirova ulja i masti 10,50%, Sirova vlakna 4%, Sirovi pepeo 7,50%, Fosfor 0,9%, Magnezijum 0,08%, Taurin 1800mg\/Kg<\/p>\n<p>Serve food in dry form with available fresh water.<br \/>\nFor your pet&#039;s health, consult a veterinarian regularly.<\/p>\n<p>Store the product in a dry, dark and cool place.<\/p>\n<p>Proizvo\u0111a\u010d: Cennamo<br \/>\nZemlja porekla: Italija<\/p>\n<\/div>\n\n    <div class=\"xs_social_share_widget xs_share_url after_content \t\tmain_content  wslu-style-1 wslu-share-box-shaped wslu-fill-colored wslu-none wslu-share-horizontal wslu-theme-font-no wslu-main_content\">\n\n\t\t\n        <ul>\n\t\t\t        <\/ul>\n    <\/div>","protected":false},"excerpt":{"rendered":"<p>Cennamo Healthy And Tasty Cat Adult Sterilised je kompletna hrana za odrasle sterilisane ma\u010dke sa lososom<\/p>","protected":false},"featured_media":26304,"comment_status":"open","ping_status":"closed","template":"","meta":{"_acf_changed":false},"pwb-brand":[962],"product_cat":[23,21,149],"product_tag":[],"class_list":{"0":"post-26303","1":"product","2":"type-product","3":"status-publish","4":"has-post-thumbnail","6":"pwb-brand-cennamo","7":"product_cat-macke","8":"product_cat-hrana-za-macke","9":"product_cat-granule-za-macke","11":"first","12":"instock","13":"taxable","14":"shipping-taxable","15":"purchasable","16":"product-type-simple"},"acf":[],"brands":[{"id":962,"name":"Cennamo","slug":"cennamo"}],"_links":{"self":[{"href":"https:\/\/pawz.rs\/en\/wp-json\/wp\/v2\/product\/26303","targetHints":{"allow":["GET"]}}],"collection":[{"href":"https:\/\/pawz.rs\/en\/wp-json\/wp\/v2\/product"}],"about":[{"href":"https:\/\/pawz.rs\/en\/wp-json\/wp\/v2\/types\/product"}],"replies":[{"embeddable":true,"href":"https:\/\/pawz.rs\/en\/wp-json\/wp\/v2\/comments?post=26303"}],"wp:featuredmedia":[{"embeddable":true,"href":"https:\/\/pawz.rs\/en\/wp-json\/wp\/v2\/media\/26304"}],"wp:attachment":[{"href":"https:\/\/pawz.rs\/en\/wp-json\/wp\/v2\/media?parent=26303"}],"wp:term":[{"taxonomy":"pwb-brand","embeddable":true,"href":"https:\/\/pawz.rs\/en\/wp-json\/wp\/v2\/pwb-brand?post=26303"},{"taxonomy":"product_cat","embeddable":true,"href":"https:\/\/pawz.rs\/en\/wp-json\/wp\/v2\/product_cat?post=26303"},{"taxonomy":"product_tag","embeddable":true,"href":"https:\/\/pawz.rs\/en\/wp-json\/wp\/v2\/product_tag?post=26303"}],"curies":[{"name":"wp","href":"https:\/\/api.w.org\/{rel}","templated":true}]}}