{"id":26307,"date":"2024-06-06T19:17:03","date_gmt":"2024-06-06T17:17:03","guid":{"rendered":"https:\/\/pawz.rs\/?post_type=product&#038;p=26307"},"modified":"2026-02-07T21:20:34","modified_gmt":"2026-02-07T20:20:34","slug":"cennamo-diamant-dog-puppy-with-chicken","status":"publish","type":"product","link":"https:\/\/pawz.rs\/en\/cennamo-diamant-dog-puppy-with-chicken\/","title":{"rendered":"Cennamo Diamant Dog Puppy With Chicken"},"content":{"rendered":"<p><strong>Cennamo Diamant Dog Puppy With Chicken\u00a0<\/strong><\/p>\n<p class=\"quickview-para\">Kompletna hrana za \u0161tence svih rasa i veli\u010dina, koju su prou\u010davali i formulisali nutricionisti kako bi zadovoljili potrebe \u0161tenaca i pomogli im da pro\u017eive najva\u017eniji period svog \u017eivota punim pluc\u0301ima, doprinosec\u0301i njihovom pravilnom razvoju i rastu skeleta i mi\u0161ic\u0301a.<br \/>\nTehnologija kojom se proizvodi daje mu poseban ukus i svarljivost.<br \/>\nPravilna ishrana poma\u017ee u razvoju njihovih mo\u017edanih c\u0301elija, strukture kostiju i mi\u0161ic\u0301ne mase.<\/p>\n<p><strong>Sastav:<\/strong><br \/>\nDehidrirani \u017eivotinjski proteini (piletina i c\u0301uretina 25%), kukuruz, p\u0161enica, pirina\u010d, pulpa cvekle, pulpa cikorije (izvor inulina), ulja i masti, hidrolizovani \u017eivotinjski proteini, kvasac, minerali, ekstrakt roga\u010da, ekstrakt kestena, FOS (fruktooligosaharidi)<\/p>\n<div class=\"pro-details-list\">\n<p class=\"reference\"><strong>Nutritivni dodaci:<\/strong><br \/>\nVitamin A 18.000 IU\/kg, vitamin D3 1200 IU\/kg, vitamin E 100 mg\/kg, folna kiselina 1 mg\/kg, linolna kiselina 1,57 mg\/kg, cink oksid 180 mg, gvo\u017e\u0111e sulfat monohidrat 312 mg, holin hlorid\/1500m<\/p>\n<p>Serve food in dry form with available fresh water.<br \/>\nFor your pet&#039;s health, consult a veterinarian regularly.<\/p>\n<p>Store the product in a dry, dark and cool place.<\/p>\n<p>Proizvo\u0111a\u010d: Cennamo<br \/>\nZemlja porekla: Italija<\/p>\n<\/div>\n\n    <div class=\"xs_social_share_widget xs_share_url after_content \t\tmain_content  wslu-style-1 wslu-share-box-shaped wslu-fill-colored wslu-none wslu-share-horizontal wslu-theme-font-no wslu-main_content\">\n\n\t\t\n        <ul>\n\t\t\t        <\/ul>\n    <\/div>","protected":false},"excerpt":{"rendered":"<p>Cennamo Diamant Puppy je kompletna suva hrana za \u0161tence svih rasa, sa piletinom<\/p>","protected":false},"featured_media":26310,"comment_status":"open","ping_status":"closed","template":"","meta":{"_acf_changed":false},"pwb-brand":[962],"product_cat":[49,48,47],"product_tag":[],"class_list":{"0":"post-26307","1":"product","2":"type-product","3":"status-publish","4":"has-post-thumbnail","6":"pwb-brand-cennamo","7":"product_cat-granule-za-pse","8":"product_cat-hrana-za-pse","9":"product_cat-psi","11":"first","12":"instock","13":"taxable","14":"shipping-taxable","15":"purchasable","16":"product-type-variable","17":"has-default-attributes"},"acf":[],"brands":[{"id":962,"name":"Cennamo","slug":"cennamo"}],"_links":{"self":[{"href":"https:\/\/pawz.rs\/en\/wp-json\/wp\/v2\/product\/26307","targetHints":{"allow":["GET"]}}],"collection":[{"href":"https:\/\/pawz.rs\/en\/wp-json\/wp\/v2\/product"}],"about":[{"href":"https:\/\/pawz.rs\/en\/wp-json\/wp\/v2\/types\/product"}],"replies":[{"embeddable":true,"href":"https:\/\/pawz.rs\/en\/wp-json\/wp\/v2\/comments?post=26307"}],"wp:featuredmedia":[{"embeddable":true,"href":"https:\/\/pawz.rs\/en\/wp-json\/wp\/v2\/media\/26310"}],"wp:attachment":[{"href":"https:\/\/pawz.rs\/en\/wp-json\/wp\/v2\/media?parent=26307"}],"wp:term":[{"taxonomy":"pwb-brand","embeddable":true,"href":"https:\/\/pawz.rs\/en\/wp-json\/wp\/v2\/pwb-brand?post=26307"},{"taxonomy":"product_cat","embeddable":true,"href":"https:\/\/pawz.rs\/en\/wp-json\/wp\/v2\/product_cat?post=26307"},{"taxonomy":"product_tag","embeddable":true,"href":"https:\/\/pawz.rs\/en\/wp-json\/wp\/v2\/product_tag?post=26307"}],"curies":[{"name":"wp","href":"https:\/\/api.w.org\/{rel}","templated":true}]}}