{"id":26311,"date":"2024-06-06T19:17:02","date_gmt":"2024-06-06T17:17:02","guid":{"rendered":"https:\/\/pawz.rs\/?post_type=product&#038;p=26311"},"modified":"2026-02-07T21:20:35","modified_gmt":"2026-02-07T20:20:35","slug":"cennamo-diamant-dog-adult-with-chicken","status":"publish","type":"product","link":"https:\/\/pawz.rs\/en\/cennamo-diamant-dog-adult-with-chicken\/","title":{"rendered":"Cennamo Diamant Dog Adult With Chicken"},"content":{"rendered":"<p><strong>Cennamo Diamant Dog Adult With Chicken<\/strong><\/p>\n<p class=\"quickview-para\">Potpuna hrana za odrasle pse za odr\u017eavanje srednjih\/velikih rasa.<br \/>\nPredstavlja kompletnu i uravnote\u017eenu dnevnu ishranu: sadr\u017ei piletinu i c\u0301uretinu kao visoko svarljiv izvor proteina.<\/p>\n<p><strong>Sastav:<\/strong><br \/>\nDehidrirani \u017eivotinjski proteini (piletina i c\u0301uretina 25%), kukuruz, durum p\u0161enica predaka, pirina\u010d, pulpa cvekle, pulpa cikorije (izvor inulina), ulja i masti, hidrolizovani \u017eivotinjski proteini, kvasac, minerali, ekstrakt roga\u010da, ekstrakt kestena, FOS ( fruktooligosaharidi).<\/p>\n<div class=\"pro-details-list\">\n<p class=\"reference\"><strong>Nutritivni dodaci:<\/strong><br \/>\nVitamin A 15.000 IU\/kg, Vitamin D3 950 IU\/kg, Vitamin E 100mg\/kg, Cink oksid 150 mg, Gvozdeni sulfat monohidrat 260 mg. Holin hlorid 1500 mg\/kg. Sirovi proteini 25%, Sirove masti 11,50%, Sirova vlakna 3,90%, Sirovi pepeo 9,50%, Fosfor 1,10%<\/p>\n<p>Serve food in dry form with available fresh water.<br \/>\nFor your pet&#039;s health, consult a veterinarian regularly.<\/p>\n<p>Store the product in a dry, dark and cool place.<\/p>\n<p>Proizvo\u0111a\u010d: Cennamo<br \/>\nZemlja porekla: Italija<\/p>\n<\/div>\n\n    <div class=\"xs_social_share_widget xs_share_url after_content \t\tmain_content  wslu-style-1 wslu-share-box-shaped wslu-fill-colored wslu-none wslu-share-horizontal wslu-theme-font-no wslu-main_content\">\n\n\t\t\n        <ul>\n\t\t\t        <\/ul>\n    <\/div>","protected":false},"excerpt":{"rendered":"<p>Cennamo Diamant Adult je kompletna suva hrana za odrasle pse srednje i velike rase, sa piletinom<\/p>","protected":false},"featured_media":26314,"comment_status":"open","ping_status":"closed","template":"","meta":{"_acf_changed":false},"pwb-brand":[962],"product_cat":[47,48,49],"product_tag":[],"class_list":{"0":"post-26311","1":"product","2":"type-product","3":"status-publish","4":"has-post-thumbnail","6":"pwb-brand-cennamo","7":"product_cat-psi","8":"product_cat-hrana-za-pse","9":"product_cat-granule-za-pse","11":"first","12":"instock","13":"taxable","14":"shipping-taxable","15":"purchasable","16":"product-type-variable","17":"has-default-attributes"},"acf":[],"brands":[{"id":962,"name":"Cennamo","slug":"cennamo"}],"_links":{"self":[{"href":"https:\/\/pawz.rs\/en\/wp-json\/wp\/v2\/product\/26311","targetHints":{"allow":["GET"]}}],"collection":[{"href":"https:\/\/pawz.rs\/en\/wp-json\/wp\/v2\/product"}],"about":[{"href":"https:\/\/pawz.rs\/en\/wp-json\/wp\/v2\/types\/product"}],"replies":[{"embeddable":true,"href":"https:\/\/pawz.rs\/en\/wp-json\/wp\/v2\/comments?post=26311"}],"wp:featuredmedia":[{"embeddable":true,"href":"https:\/\/pawz.rs\/en\/wp-json\/wp\/v2\/media\/26314"}],"wp:attachment":[{"href":"https:\/\/pawz.rs\/en\/wp-json\/wp\/v2\/media?parent=26311"}],"wp:term":[{"taxonomy":"pwb-brand","embeddable":true,"href":"https:\/\/pawz.rs\/en\/wp-json\/wp\/v2\/pwb-brand?post=26311"},{"taxonomy":"product_cat","embeddable":true,"href":"https:\/\/pawz.rs\/en\/wp-json\/wp\/v2\/product_cat?post=26311"},{"taxonomy":"product_tag","embeddable":true,"href":"https:\/\/pawz.rs\/en\/wp-json\/wp\/v2\/product_tag?post=26311"}],"curies":[{"name":"wp","href":"https:\/\/api.w.org\/{rel}","templated":true}]}}