{"id":26315,"date":"2024-06-06T19:17:01","date_gmt":"2024-06-06T17:17:01","guid":{"rendered":"https:\/\/pawz.rs\/?post_type=product&#038;p=26315"},"modified":"2026-02-07T21:20:36","modified_gmt":"2026-02-07T20:20:36","slug":"cennamo-diamant-dog-adult-with-lamb","status":"publish","type":"product","link":"https:\/\/pawz.rs\/en\/cennamo-diamant-dog-adult-with-lamb\/","title":{"rendered":"Cennamo Diamant Dog Adult With Lamb"},"content":{"rendered":"<p><strong>Cennamo Diamant Dog Adult With Lamb<\/strong><\/p>\n<p class=\"quickview-para\">Potpuna hrana za odrasle pse za odr\u017eavanje svih rasa.<br \/>\nProu\u010deni i formulisani za probleme sa hranom ili su skloni problemima sa hranom.<br \/>\nJagnjetina prisutna me\u0111u sastojcima obezbe\u0111uje dobar nivo lako svarljive i lako svarljive energije.<\/p>\n<p><strong>Sastav:<\/strong><br \/>\nDehidrirani \u017eivotinjski proteini (jagnjetina 10%), kukuruz, durum p\u0161enica predaka, pirina\u010d, pulpa cvekle, pulpa cikorije (izvor inulina), ulja i masti, hidrolizovani \u017eivotinjski proteini, kvasac, minerali, ekstrakt roga\u010da, kesten, FOS (frukto-oligosaharidi ).<\/p>\n<div class=\"pro-details-list\">\n<p class=\"reference\"><strong>Nutritivni dodaci:<\/strong><br \/>\nVitamin A 15.000 IU\/kg, Vitamin D3 950 IU\/kg, Vitamin E 100mg\/kg, Cink oksid 150 mg, Gvozdeni sulfat monohidrat 260 mg, Holin hlorid 1500mg\/kg<\/p>\n<p><strong>Analytical composition:<\/strong><br \/>\nSirovi proteini 25%, Sirove masti 11%, Sirova vlakna 3,30%, Sirovi pepeo 9,20%, Fosfor 1,20%<\/p>\n<p>Serve food in dry form with available fresh water.<br \/>\nFor your pet&#039;s health, consult a veterinarian regularly.<\/p>\n<p>Store the product in a dry, dark and cool place.<\/p>\n<p>Proizvo\u0111a\u010d: Cennamo<br \/>\nZemlja porekla: Italija<\/p>\n<\/div>\n\n    <div class=\"xs_social_share_widget xs_share_url after_content \t\tmain_content  wslu-style-1 wslu-share-box-shaped wslu-fill-colored wslu-none wslu-share-horizontal wslu-theme-font-no wslu-main_content\">\n\n\t\t\n        <ul>\n\t\t\t        <\/ul>\n    <\/div>","protected":false},"excerpt":{"rendered":"<p>Cennamo Diamant Adult je kompletna suva hrana za odrasle pse svih rasa sa jagnjetinom<\/p>","protected":false},"featured_media":26318,"comment_status":"open","ping_status":"closed","template":"","meta":{"_acf_changed":false},"pwb-brand":[962],"product_cat":[47,48,49],"product_tag":[],"class_list":{"0":"post-26315","1":"product","2":"type-product","3":"status-publish","4":"has-post-thumbnail","6":"pwb-brand-cennamo","7":"product_cat-psi","8":"product_cat-hrana-za-pse","9":"product_cat-granule-za-pse","11":"first","12":"instock","13":"taxable","14":"shipping-taxable","15":"purchasable","16":"product-type-variable","17":"has-default-attributes"},"acf":[],"brands":[{"id":962,"name":"Cennamo","slug":"cennamo"}],"_links":{"self":[{"href":"https:\/\/pawz.rs\/en\/wp-json\/wp\/v2\/product\/26315","targetHints":{"allow":["GET"]}}],"collection":[{"href":"https:\/\/pawz.rs\/en\/wp-json\/wp\/v2\/product"}],"about":[{"href":"https:\/\/pawz.rs\/en\/wp-json\/wp\/v2\/types\/product"}],"replies":[{"embeddable":true,"href":"https:\/\/pawz.rs\/en\/wp-json\/wp\/v2\/comments?post=26315"}],"wp:featuredmedia":[{"embeddable":true,"href":"https:\/\/pawz.rs\/en\/wp-json\/wp\/v2\/media\/26318"}],"wp:attachment":[{"href":"https:\/\/pawz.rs\/en\/wp-json\/wp\/v2\/media?parent=26315"}],"wp:term":[{"taxonomy":"pwb-brand","embeddable":true,"href":"https:\/\/pawz.rs\/en\/wp-json\/wp\/v2\/pwb-brand?post=26315"},{"taxonomy":"product_cat","embeddable":true,"href":"https:\/\/pawz.rs\/en\/wp-json\/wp\/v2\/product_cat?post=26315"},{"taxonomy":"product_tag","embeddable":true,"href":"https:\/\/pawz.rs\/en\/wp-json\/wp\/v2\/product_tag?post=26315"}],"curies":[{"name":"wp","href":"https:\/\/api.w.org\/{rel}","templated":true}]}}