{"id":26319,"date":"2024-06-06T19:17:00","date_gmt":"2024-06-06T17:17:00","guid":{"rendered":"https:\/\/pawz.rs\/?post_type=product&#038;p=26319"},"modified":"2026-02-07T21:20:36","modified_gmt":"2026-02-07T20:20:36","slug":"cennamo-diamant-cat-adult-micio-mix-2-kg","status":"publish","type":"product","link":"https:\/\/pawz.rs\/en\/cennamo-diamant-cat-adult-micio-mix-2-kg\/","title":{"rendered":"Cennamo Diamant Cat Adult Micio Mix 2 kg"},"content":{"rendered":"<p><strong>Cennamo Diamant Cat Adult Micio Mix 2 kg<\/strong><\/p>\n<p>Kompletna hrana za odrasle ma\u010dke koje \u017eive u kuc\u0301i i van nje.<br \/>\nProu\u010deni i formulisani od strane na\u0161ih nutricionista kako bi najbolje zadovoljili potrebe na\u0161ih voljenih ma\u010daka. Tehnologija kojom se ovi kroketi proizvode daje im posebnu svarljivost i ukus.<\/p>\n<p><strong>Sastav:<br \/>\n<\/strong>Meso i prera\u0111evine, riba i riblji nusproizvodi, \u017eitarice, ulja i masti, povrc\u0301e, minerali.<\/p>\n<div class=\"pro-details-list\">\n<p class=\"reference\"><strong>Nutritivni dodaci:<\/strong><br \/>\nRiba i riblji nusproizvodi, \u017eitarice, ulja i masti, povrc\u0301e, minerali. Nutritivni dodaci: Vitamin A 12.000 IU\/Kg, Vitamin D3 600 IU\/Kg, Vitamin E 85mg\/KG.<\/p>\n<p><strong>Analytical composition:<\/strong><br \/>\nVla\u017enost 8%, sirovi proteini 28%, sirova ulja i masti 14%, sirova vlakna 2,2%, sirovi pepeo 9%<\/p>\n<p>Serve food in dry form with available fresh water.<br \/>\nFor your pet&#039;s health, consult a veterinarian regularly.<\/p>\n<p>Store the product in a dry, dark and cool place.<\/p>\n<p>Proizvo\u0111a\u010d: Cennamo<br \/>\nZemlja porekla: Italija<\/p>\n<\/div>\n\n    <div class=\"xs_social_share_widget xs_share_url after_content \t\tmain_content  wslu-style-1 wslu-share-box-shaped wslu-fill-colored wslu-none wslu-share-horizontal wslu-theme-font-no wslu-main_content\">\n\n\t\t\n        <ul>\n\t\t\t        <\/ul>\n    <\/div>","protected":false},"excerpt":{"rendered":"<p>Cennamo Diamant Micio Mix je suva hrana za odrasle ma\u010dke<\/p>","protected":false},"featured_media":26320,"comment_status":"open","ping_status":"closed","template":"","meta":{"_acf_changed":false},"pwb-brand":[962],"product_cat":[23,21,149],"product_tag":[],"class_list":{"0":"post-26319","1":"product","2":"type-product","3":"status-publish","4":"has-post-thumbnail","6":"pwb-brand-cennamo","7":"product_cat-macke","8":"product_cat-hrana-za-macke","9":"product_cat-granule-za-macke","11":"first","12":"instock","13":"taxable","14":"shipping-taxable","15":"purchasable","16":"product-type-simple"},"acf":[],"brands":[{"id":962,"name":"Cennamo","slug":"cennamo"}],"_links":{"self":[{"href":"https:\/\/pawz.rs\/en\/wp-json\/wp\/v2\/product\/26319","targetHints":{"allow":["GET"]}}],"collection":[{"href":"https:\/\/pawz.rs\/en\/wp-json\/wp\/v2\/product"}],"about":[{"href":"https:\/\/pawz.rs\/en\/wp-json\/wp\/v2\/types\/product"}],"replies":[{"embeddable":true,"href":"https:\/\/pawz.rs\/en\/wp-json\/wp\/v2\/comments?post=26319"}],"wp:featuredmedia":[{"embeddable":true,"href":"https:\/\/pawz.rs\/en\/wp-json\/wp\/v2\/media\/26320"}],"wp:attachment":[{"href":"https:\/\/pawz.rs\/en\/wp-json\/wp\/v2\/media?parent=26319"}],"wp:term":[{"taxonomy":"pwb-brand","embeddable":true,"href":"https:\/\/pawz.rs\/en\/wp-json\/wp\/v2\/pwb-brand?post=26319"},{"taxonomy":"product_cat","embeddable":true,"href":"https:\/\/pawz.rs\/en\/wp-json\/wp\/v2\/product_cat?post=26319"},{"taxonomy":"product_tag","embeddable":true,"href":"https:\/\/pawz.rs\/en\/wp-json\/wp\/v2\/product_tag?post=26319"}],"curies":[{"name":"wp","href":"https:\/\/api.w.org\/{rel}","templated":true}]}}