{"id":26323,"date":"2024-06-06T19:16:58","date_gmt":"2024-06-06T17:16:58","guid":{"rendered":"https:\/\/pawz.rs\/?post_type=product&#038;p=26323"},"modified":"2026-02-07T21:20:37","modified_gmt":"2026-02-07T20:20:37","slug":"cennamo-diamant-cat-adult-sterilised-micio-chicken-2-kg","status":"publish","type":"product","link":"https:\/\/pawz.rs\/en\/cennamo-diamant-cat-adult-sterilised-micio-chicken-2-kg\/","title":{"rendered":"Cennamo Diamant Cat Adult Sterilised Micio Chicken 2 kg"},"content":{"rendered":"<p><strong>Cennamo Diamant Cat Adult Sterilised Micio Chicken 2 kg<\/strong><\/p>\n<p class=\"quickview-para\">Kompletna hrana za sterilisane odrasle ma\u010dke sa niskim sadr\u017eajem masti, smanjenim sadr\u017eajem kalorija i zahvaljujuc\u0301i dodatku L-karnitina idealna je za kontrolu te\u017eine le\u010denih subjekata.<\/p>\n<p class=\"quickview-para\">Smanjen sadr\u017eaj fosfora i magnezijuma poma\u017ee u smanjenju pH urinarnog trakta. Zbog toga je idealna hrana koja poma\u017ee da ma\u010dka bude zdrava.<\/p>\n<p><strong>Sastav:<br \/>\n<\/strong>Dehidrirani \u017eivotinjski proteini (piletina 30%), pirina\u010d, kukuruz, durum p\u0161enica predaka, pilec\u0301e ulje 3%, lososovo ulje 1%, pulpa cvekle, pulpa cikorije, hidrolizat pilec\u0301ih proteina, minerali, frukto-oligo-saharidi.<\/p>\n<div class=\"pro-details-list\">\n<p><strong>Analytical composition:<\/strong><br \/>\nSirovi proteini 29%, Sirova ulja i masti 12%, Sirova vlakna 3,50%, Sirovi pepeo 8%, Kalcijum 1,10%, Fosfor 0,80%, Magnezijum 0,08%<\/p>\n<p>Serve food in dry form with available fresh water.<br \/>\nFor your pet&#039;s health, consult a veterinarian regularly.<\/p>\n<p>Store the product in a dry, dark and cool place.<\/p>\n<p>Proizvo\u0111a\u010d: Cennamo<br \/>\nZemlja porekla: Italija<\/p>\n<\/div>\n\n    <div class=\"xs_social_share_widget xs_share_url after_content \t\tmain_content  wslu-style-1 wslu-share-box-shaped wslu-fill-colored wslu-none wslu-share-horizontal wslu-theme-font-no wslu-main_content\">\n\n\t\t\n        <ul>\n\t\t\t        <\/ul>\n    <\/div>","protected":false},"excerpt":{"rendered":"<p>Cennamo Diamant Sterilised Micio je kompletna suva hrana za odrasle sterilisane ma\u010dke, sa piletinom<\/p>","protected":false},"featured_media":26324,"comment_status":"open","ping_status":"closed","template":"","meta":{"_acf_changed":false},"pwb-brand":[962],"product_cat":[23,21,149],"product_tag":[],"class_list":{"0":"post-26323","1":"product","2":"type-product","3":"status-publish","4":"has-post-thumbnail","6":"pwb-brand-cennamo","7":"product_cat-macke","8":"product_cat-hrana-za-macke","9":"product_cat-granule-za-macke","11":"first","12":"instock","13":"taxable","14":"shipping-taxable","15":"purchasable","16":"product-type-simple"},"acf":[],"brands":[{"id":962,"name":"Cennamo","slug":"cennamo"}],"_links":{"self":[{"href":"https:\/\/pawz.rs\/en\/wp-json\/wp\/v2\/product\/26323","targetHints":{"allow":["GET"]}}],"collection":[{"href":"https:\/\/pawz.rs\/en\/wp-json\/wp\/v2\/product"}],"about":[{"href":"https:\/\/pawz.rs\/en\/wp-json\/wp\/v2\/types\/product"}],"replies":[{"embeddable":true,"href":"https:\/\/pawz.rs\/en\/wp-json\/wp\/v2\/comments?post=26323"}],"wp:featuredmedia":[{"embeddable":true,"href":"https:\/\/pawz.rs\/en\/wp-json\/wp\/v2\/media\/26324"}],"wp:attachment":[{"href":"https:\/\/pawz.rs\/en\/wp-json\/wp\/v2\/media?parent=26323"}],"wp:term":[{"taxonomy":"pwb-brand","embeddable":true,"href":"https:\/\/pawz.rs\/en\/wp-json\/wp\/v2\/pwb-brand?post=26323"},{"taxonomy":"product_cat","embeddable":true,"href":"https:\/\/pawz.rs\/en\/wp-json\/wp\/v2\/product_cat?post=26323"},{"taxonomy":"product_tag","embeddable":true,"href":"https:\/\/pawz.rs\/en\/wp-json\/wp\/v2\/product_tag?post=26323"}],"curies":[{"name":"wp","href":"https:\/\/api.w.org\/{rel}","templated":true}]}}