{"id":26362,"date":"2024-06-07T20:39:53","date_gmt":"2024-06-07T18:39:53","guid":{"rendered":"https:\/\/pawz.rs\/?post_type=product&#038;p=26362"},"modified":"2026-02-07T21:23:41","modified_gmt":"2026-02-07T20:23:41","slug":"cennamo-prestige-cat-sterilised-chicken-1-5-kg","status":"publish","type":"product","link":"https:\/\/pawz.rs\/en\/cennamo-prestige-cat-sterilised-chicken-1-5-kg\/","title":{"rendered":"Cennamo Prestige Cat Sterilised Chicken 1.5 kg"},"content":{"rendered":"<p><strong>Cennamo Prestige Cat Sterilised Chicken 1.5 kg<\/strong><\/p>\n<p class=\"quickview-para\">Nakon sterilizacije, ma\u010dke \u010desto imaju tendenciju da unose vec\u0301u koli\u010dinu hranljivih materija.<\/p>\n<p class=\"quickview-para\">U isto vreme, me\u0111utim, postaju manje aktivni, \u0161to mo\u017ee dovesti do prekomerne te\u017eine.<br \/>\nPoma\u017ee u smanjenju rizika od prekomernog dobijanja na te\u017eini, a da i dalje zadr\u017ei svoju ma\u010dku sitom.<br \/>\nPRESTIGE CAT je kompletna hrana za sterilisane odrasle ma\u010dke.<br \/>\nProu\u010davana i formulisana za osobe sa niskom dnevnom fizi\u010dkom aktivno\u0161c\u0301u, to je kompletna i izbalansirana hrana, koja sadr\u017ei sve hranljive materije neophodne za odr\u017eavanje forme. Formulisan od odabranih sirovina i obogac\u0301en vitaminima i mineralnim solima.<\/p>\n<p><strong>Sastav:<br \/>\n<\/strong>Prera\u0111eni pilec\u0301i proteini 28%, kukuruz, pirina\u010d, svinjski \u010dvarci, p\u0161eni\u010dne mekinje, pilec\u0301a mast, hidrolizovani pilec\u0301i proteini, riblje bra\u0161no, hidrolizovani svinjski protein, semenke platana (Plantago psillium) 0,06%, minerali, dehidrirani kvasac (Bio MOS) 0. voc\u0301ni oligosaharidi (FOS) 0,06%, Iucca schidigera 0,025%<\/p>\n<div class=\"pro-details-list\">\n<p><strong>Nutritivni sastav:<\/strong><br \/>\nVitamin A 25000 IU\/kg, vitamin D3 1700mg\/kg, vitamin E, holin hlorid 1000mg\/kg, DL-metionin 900mg\/kg, taurin 1500mg\/kg, gvo\u017e\u0111e 115 mg\/kg\/kg, cink 22 mg\/kg, mangan 90 mg\/kg, jod 0,6 mg\/kg, selen 0,18 mg\/kg<\/p>\n<p><strong>Analytical composition:<\/strong><br \/>\nSirovi proteini 32,50%, Sirove masti 12,50%, Sirova vlakna 3,9%, Sirovi pepeo 6,30%, Fosfor 0,90%, Magnezijum 0,06%<\/p>\n<p>Serve food in dry form with available fresh water.<br \/>\nFor your pet&#039;s health, consult a veterinarian regularly.<\/p>\n<p>Store the product in a dry, dark and cool place.<\/p>\n<p>Proizvo\u0111a\u010d: Cennamo<br \/>\nZemlja porekla: Italija<\/p>\n<\/div>\n\n    <div class=\"xs_social_share_widget xs_share_url after_content \t\tmain_content  wslu-style-1 wslu-share-box-shaped wslu-fill-colored wslu-none wslu-share-horizontal wslu-theme-font-no wslu-main_content\">\n\n\t\t\n        <ul>\n\t\t\t        <\/ul>\n    <\/div>","protected":false},"excerpt":{"rendered":"<p>Cennamo Prestige Sterilised, je kompletna hrana za odrasle sterilisane ma\u010dke, sa ukusom piletine<\/p>","protected":false},"featured_media":26363,"comment_status":"open","ping_status":"closed","template":"","meta":{"_acf_changed":false},"pwb-brand":[962],"product_cat":[23,21,149],"product_tag":[],"class_list":{"0":"post-26362","1":"product","2":"type-product","3":"status-publish","4":"has-post-thumbnail","6":"pwb-brand-cennamo","7":"product_cat-macke","8":"product_cat-hrana-za-macke","9":"product_cat-granule-za-macke","11":"first","12":"instock","13":"taxable","14":"shipping-taxable","15":"purchasable","16":"product-type-simple"},"acf":[],"brands":[{"id":962,"name":"Cennamo","slug":"cennamo"}],"_links":{"self":[{"href":"https:\/\/pawz.rs\/en\/wp-json\/wp\/v2\/product\/26362","targetHints":{"allow":["GET"]}}],"collection":[{"href":"https:\/\/pawz.rs\/en\/wp-json\/wp\/v2\/product"}],"about":[{"href":"https:\/\/pawz.rs\/en\/wp-json\/wp\/v2\/types\/product"}],"replies":[{"embeddable":true,"href":"https:\/\/pawz.rs\/en\/wp-json\/wp\/v2\/comments?post=26362"}],"wp:featuredmedia":[{"embeddable":true,"href":"https:\/\/pawz.rs\/en\/wp-json\/wp\/v2\/media\/26363"}],"wp:attachment":[{"href":"https:\/\/pawz.rs\/en\/wp-json\/wp\/v2\/media?parent=26362"}],"wp:term":[{"taxonomy":"pwb-brand","embeddable":true,"href":"https:\/\/pawz.rs\/en\/wp-json\/wp\/v2\/pwb-brand?post=26362"},{"taxonomy":"product_cat","embeddable":true,"href":"https:\/\/pawz.rs\/en\/wp-json\/wp\/v2\/product_cat?post=26362"},{"taxonomy":"product_tag","embeddable":true,"href":"https:\/\/pawz.rs\/en\/wp-json\/wp\/v2\/product_tag?post=26362"}],"curies":[{"name":"wp","href":"https:\/\/api.w.org\/{rel}","templated":true}]}}