{"id":26719,"date":"2024-06-07T20:39:51","date_gmt":"2024-06-07T18:39:51","guid":{"rendered":"https:\/\/pawz.rs\/?post_type=product&#038;p=26719"},"modified":"2026-02-07T21:23:41","modified_gmt":"2026-02-07T20:23:41","slug":"cennamo-prestige-dog-medium-adult-salmon-2-kg","status":"publish","type":"product","link":"https:\/\/pawz.rs\/en\/cennamo-prestige-dog-medium-adult-salmon-2-kg\/","title":{"rendered":"Cennamo Prestige Dog Medium Adult Salmon 2 kg"},"content":{"rendered":"<p><strong>Cennamo Prestige Dog Medium Adult Salmon 2 kg<\/strong><\/p>\n<p>Potpuna i uravnote\u017eena visokokvalitetna hrana za odrasle pse srednje veli\u010dine.<\/p>\n<p>Formulisan sa lososom kao jedinim izvorom \u017eivotinjskih proteina, koji obezbe\u0111uje odli\u010dne proteine, omega-3 polinezasic\u0301ene masti, vitamine i minerale.<br \/>\nRecept tako\u0111e uklju\u010duje pirina\u010d visoke svarljivosti i bioraspolo\u017eivosti hranljivih materija koje obezbe\u0111uje, a koje lako asimiluje creva.<\/p>\n<p><strong>Sastav:<\/strong><br \/>\nRiblje bra\u0161no (losos 30%), kukuruz, kukuruzna folija, p\u0161enica, pirina\u010d (5%), \u017eivotinjska mast, su\u0161ena pulpa cvekle, hidrolizovani \u017eivotinjski proteini, su\u0161ena pulpa cikorije 2% (izvor inulina), riblje ulje 1% ( izvor Omega3), su\u0161ena pulpa roga\u010da, minerali, kondotrin sulfat 0,06%, glukozamin 0,05%<\/p>\n<div class=\"pro-details-list\">\n<p class=\"reference\"><strong>Nutritivni dodaci:<\/strong><br \/>\nVitamin A 20.000 IU\/Kg, Vitamin D3 1.400 IU\/Kg, Vitamin E 130 mg\/KG, Cink sulfat monohidrat 300 mg\/Kg, Holin hlorid 3500 mg\/Kg, L-karnitin 150 mg\/Kg<\/p>\n<p>Serve food in dry form with available fresh water.<br \/>\nFor your pet&#039;s health, consult a veterinarian regularly.<\/p>\n<p>Store the product in a dry, dark and cool place.<\/p>\n<p>Proizvo\u0111a\u010d: Cennamo<br \/>\nZemlja porekla: Italija<\/p>\n<\/div>\n\n    <div class=\"xs_social_share_widget xs_share_url after_content \t\tmain_content  wslu-style-1 wslu-share-box-shaped wslu-fill-colored wslu-none wslu-share-horizontal wslu-theme-font-no wslu-main_content\">\n\n\t\t\n        <ul>\n\t\t\t        <\/ul>\n    <\/div>","protected":false},"excerpt":{"rendered":"<p>Cennamo Prestige Dog Adult Salmon je suva hrana za odrasle pse sa lososom<\/p>","protected":false},"featured_media":26722,"comment_status":"open","ping_status":"closed","template":"","meta":{"_acf_changed":false},"pwb-brand":[962],"product_cat":[47,48,49],"product_tag":[],"class_list":{"0":"post-26719","1":"product","2":"type-product","3":"status-publish","4":"has-post-thumbnail","6":"pwb-brand-cennamo","7":"product_cat-psi","8":"product_cat-hrana-za-pse","9":"product_cat-granule-za-pse","11":"first","12":"instock","13":"taxable","14":"shipping-taxable","15":"purchasable","16":"product-type-simple"},"acf":[],"brands":[{"id":962,"name":"Cennamo","slug":"cennamo"}],"_links":{"self":[{"href":"https:\/\/pawz.rs\/en\/wp-json\/wp\/v2\/product\/26719","targetHints":{"allow":["GET"]}}],"collection":[{"href":"https:\/\/pawz.rs\/en\/wp-json\/wp\/v2\/product"}],"about":[{"href":"https:\/\/pawz.rs\/en\/wp-json\/wp\/v2\/types\/product"}],"replies":[{"embeddable":true,"href":"https:\/\/pawz.rs\/en\/wp-json\/wp\/v2\/comments?post=26719"}],"wp:featuredmedia":[{"embeddable":true,"href":"https:\/\/pawz.rs\/en\/wp-json\/wp\/v2\/media\/26722"}],"wp:attachment":[{"href":"https:\/\/pawz.rs\/en\/wp-json\/wp\/v2\/media?parent=26719"}],"wp:term":[{"taxonomy":"pwb-brand","embeddable":true,"href":"https:\/\/pawz.rs\/en\/wp-json\/wp\/v2\/pwb-brand?post=26719"},{"taxonomy":"product_cat","embeddable":true,"href":"https:\/\/pawz.rs\/en\/wp-json\/wp\/v2\/product_cat?post=26719"},{"taxonomy":"product_tag","embeddable":true,"href":"https:\/\/pawz.rs\/en\/wp-json\/wp\/v2\/product_tag?post=26719"}],"curies":[{"name":"wp","href":"https:\/\/api.w.org\/{rel}","templated":true}]}}