{"id":26730,"date":"2024-06-07T20:39:48","date_gmt":"2024-06-07T18:39:48","guid":{"rendered":"https:\/\/pawz.rs\/?post_type=product&#038;p=26730"},"modified":"2026-02-07T21:20:22","modified_gmt":"2026-02-07T20:20:22","slug":"cennamo-prestige-mini-adult-chicken","status":"publish","type":"product","link":"https:\/\/pawz.rs\/en\/cennamo-prestige-mini-adult-chicken\/","title":{"rendered":"Cennamo Prestige Mini Adult Chicken"},"content":{"rendered":"<p><strong>Cennamo Prestige Mini Adult Chicken\u00a0<\/strong><\/p>\n<p>Kompletna i izbalansirana hrana visokog kvaliteta za odrasle pse malih rasa.<\/p>\n<p>Formulisan sa piletinom kao jedinim izvorom \u017eivotinjskih proteina, koji garantuje odli\u010dan unos i svarljivost proteina, bogat sadr\u017eaj mineralnih soli (uklju\u010dujuc\u0301i kalcijum, fosfor, magnezijum i selen) i nizak sadr\u017eaj masti.<br \/>\nNivoi proteina i masti su izbalansirani kako bi zadovoljili specifi\u010dne zahteve pasa malih rasa. Zbog svega ovoga, to je veoma ukusna hrana i savr\u0161ena za odr\u017eavanje psa u odli\u010dnom zdravlju.<\/p>\n<p><strong>Sastav:<\/strong><br \/>\nDehidrirani pilec\u0301i proteini (min.30%), kukuruz, kukuruzna folija, durum p\u0161enica predaka, pirina\u010d (5%), \u017eivotinjska mast, su\u0161ena pulpa cvekle, hidrolizovani \u017eivotinjski proteini, su\u0161ena pulpa cikorije 2% (izvor inulina), riblje ulje 1 % (izvor Omega3), su\u0161ena pulpa roga\u010da, minerali, hondroitin sulfat 0,06%, glukozamin 0,05%.<\/p>\n<div class=\"pro-details-list\">\n<p class=\"reference\"><strong>Nutritivni dodaci:<\/strong><br \/>\nVitamin A 20.000 IU\/Kg, Vitamin D3 1.400 IU\/Kg, Vitamin D3 130 mg\/KG, Cink sulfat monohidrat 300 mg\/Kg, Holin hlorid 3500 mg\/Kg, L-karnitin 150 mg\/Kg.<\/p>\n<p><strong>Analytical composition:<\/strong><br \/>\nSirovi proteini 34%, Sirove masti 15%, Sirova vlakna 2,5%, Sirovi pepeo 8%, Fosfor 1%<\/p>\n<p>Serve food in dry form with available fresh water.<br \/>\nFor your pet&#039;s health, consult a veterinarian regularly.<\/p>\n<p>Store the product in a dry, dark and cool place.<\/p>\n<p>Proizvo\u0111a\u010d: Cennamo<br \/>\nZemlja porekla: Italija<\/p>\n<\/div>\n\n    <div class=\"xs_social_share_widget xs_share_url after_content \t\tmain_content  wslu-style-1 wslu-share-box-shaped wslu-fill-colored wslu-none wslu-share-horizontal wslu-theme-font-no wslu-main_content\">\n\n\t\t\n        <ul>\n\t\t\t        <\/ul>\n    <\/div>","protected":false},"excerpt":{"rendered":"<p>Cennamo Prestige Mini Adult je kompletna suva hrana za odrasle pse mini rase, sa piletinom<\/p>","protected":false},"featured_media":26731,"comment_status":"open","ping_status":"closed","template":"","meta":{"_acf_changed":false},"pwb-brand":[962],"product_cat":[47,48,49],"product_tag":[],"class_list":{"0":"post-26730","1":"product","2":"type-product","3":"status-publish","4":"has-post-thumbnail","6":"pwb-brand-cennamo","7":"product_cat-psi","8":"product_cat-hrana-za-pse","9":"product_cat-granule-za-pse","11":"first","12":"instock","13":"taxable","14":"shipping-taxable","15":"purchasable","16":"product-type-variable","17":"has-default-attributes"},"acf":[],"brands":[{"id":962,"name":"Cennamo","slug":"cennamo"}],"_links":{"self":[{"href":"https:\/\/pawz.rs\/en\/wp-json\/wp\/v2\/product\/26730","targetHints":{"allow":["GET"]}}],"collection":[{"href":"https:\/\/pawz.rs\/en\/wp-json\/wp\/v2\/product"}],"about":[{"href":"https:\/\/pawz.rs\/en\/wp-json\/wp\/v2\/types\/product"}],"replies":[{"embeddable":true,"href":"https:\/\/pawz.rs\/en\/wp-json\/wp\/v2\/comments?post=26730"}],"wp:featuredmedia":[{"embeddable":true,"href":"https:\/\/pawz.rs\/en\/wp-json\/wp\/v2\/media\/26731"}],"wp:attachment":[{"href":"https:\/\/pawz.rs\/en\/wp-json\/wp\/v2\/media?parent=26730"}],"wp:term":[{"taxonomy":"pwb-brand","embeddable":true,"href":"https:\/\/pawz.rs\/en\/wp-json\/wp\/v2\/pwb-brand?post=26730"},{"taxonomy":"product_cat","embeddable":true,"href":"https:\/\/pawz.rs\/en\/wp-json\/wp\/v2\/product_cat?post=26730"},{"taxonomy":"product_tag","embeddable":true,"href":"https:\/\/pawz.rs\/en\/wp-json\/wp\/v2\/product_tag?post=26730"}],"curies":[{"name":"wp","href":"https:\/\/api.w.org\/{rel}","templated":true}]}}