{"id":26739,"date":"2024-06-07T20:39:45","date_gmt":"2024-06-07T18:39:45","guid":{"rendered":"https:\/\/pawz.rs\/?post_type=product&#038;p=26739"},"modified":"2026-02-07T21:23:49","modified_gmt":"2026-02-07T20:23:49","slug":"cennamo-prestige-maxi-adult-chicken-12-kg","status":"publish","type":"product","link":"https:\/\/pawz.rs\/en\/cennamo-prestige-maxi-adult-chicken-12-kg\/","title":{"rendered":"Cennamo Prestige Maxi Adult Chicken 12 kg"},"content":{"rendered":"<p><strong>Cennamo Prestige Maxi Adult Chicken 12 kg<\/strong><\/p>\n<p>Potpuna i uravnote\u017eena hrana visokog kvaliteta za odrasle pse velikih rasa.<\/p>\n<p>Formulisan sa piletinom kao jedinim izvorom \u017eivotinjskih proteina, stoga je veoma ukusan i savr\u0161en za odr\u017eavanje zdravlja va\u0161eg psa.<\/p>\n<p><strong>Sastav:<\/strong><br \/>\nPiletina 38% (od toga 80% dehidrirana piletina i 20% hidrolizovana sve\u017ea piletina), durum p\u0161enica, kukuruz, kukuruzno bra\u0161no, pirina\u010d, \u017eivotinjska mast, su\u0161ena pulpa cvekle, pulpa su\u0161ene cikorije (izvor inulina), riblje ulje (izvor Omega-3), bra\u0161no od su\u0161enih mahuna roga\u010da, minerali, hondroitin sulfat 0,06%, glukozamin 0,05%.<\/p>\n<div class=\"pro-details-list\">\n<p class=\"reference\"><strong>Nutritivni dodaci:<\/strong><br \/>\nVitamin A 20.000 UI\/kg, vitamin D3 1.400 UI\/kg, vitamin E 130 mg\/kg, holin hlorid: 3.500 mg\/kg, selen 0,2 mg\/kg, mangan 30 mg\/kg, cink 120 mg\/ kg, Bakar 10 mg\/kg, Gvo\u017e\u0111e 100 mg\/kg, Jod 1,6 mg\/kg; DL-metionin: 1.500 mg\/kg, L-karnitin 150 mg\/kg.<\/p>\n<p><strong>Analytical composition:<\/strong><br \/>\nSirovi proteini: 25%, Sirove masti: 13%, Sirova vlakna: 2,5%, Sirovi pepeo: 8%, Kalcijum: 1,2%, Fosfor: 1%<\/p>\n<p>Serve food in dry form with available fresh water.<br \/>\nFor your pet&#039;s health, consult a veterinarian regularly.<\/p>\n<p>Store the product in a dry, dark and cool place.<\/p>\n<p>Proizvo\u0111a\u010d: Cennamo<br \/>\nZemlja porekla: Italija<\/p>\n<\/div>\n\n    <div class=\"xs_social_share_widget xs_share_url after_content \t\tmain_content  wslu-style-1 wslu-share-box-shaped wslu-fill-colored wslu-none wslu-share-horizontal wslu-theme-font-no wslu-main_content\">\n\n\t\t\n        <ul>\n\t\t\t        <\/ul>\n    <\/div>","protected":false},"excerpt":{"rendered":"<p>Cennamo Prestige Maxi Adult Chicken je kompletna hrana sa piletinom, sa odrasle pse velike rase<\/p>","protected":false},"featured_media":26740,"comment_status":"open","ping_status":"closed","template":"","meta":{"_acf_changed":false},"pwb-brand":[962],"product_cat":[47,48,49],"product_tag":[],"class_list":{"0":"post-26739","1":"product","2":"type-product","3":"status-publish","4":"has-post-thumbnail","6":"pwb-brand-cennamo","7":"product_cat-psi","8":"product_cat-hrana-za-pse","9":"product_cat-granule-za-pse","11":"first","12":"instock","13":"taxable","14":"shipping-taxable","15":"purchasable","16":"product-type-simple"},"acf":[],"brands":[{"id":962,"name":"Cennamo","slug":"cennamo"}],"_links":{"self":[{"href":"https:\/\/pawz.rs\/en\/wp-json\/wp\/v2\/product\/26739","targetHints":{"allow":["GET"]}}],"collection":[{"href":"https:\/\/pawz.rs\/en\/wp-json\/wp\/v2\/product"}],"about":[{"href":"https:\/\/pawz.rs\/en\/wp-json\/wp\/v2\/types\/product"}],"replies":[{"embeddable":true,"href":"https:\/\/pawz.rs\/en\/wp-json\/wp\/v2\/comments?post=26739"}],"wp:featuredmedia":[{"embeddable":true,"href":"https:\/\/pawz.rs\/en\/wp-json\/wp\/v2\/media\/26740"}],"wp:attachment":[{"href":"https:\/\/pawz.rs\/en\/wp-json\/wp\/v2\/media?parent=26739"}],"wp:term":[{"taxonomy":"pwb-brand","embeddable":true,"href":"https:\/\/pawz.rs\/en\/wp-json\/wp\/v2\/pwb-brand?post=26739"},{"taxonomy":"product_cat","embeddable":true,"href":"https:\/\/pawz.rs\/en\/wp-json\/wp\/v2\/product_cat?post=26739"},{"taxonomy":"product_tag","embeddable":true,"href":"https:\/\/pawz.rs\/en\/wp-json\/wp\/v2\/product_tag?post=26739"}],"curies":[{"name":"wp","href":"https:\/\/api.w.org\/{rel}","templated":true}]}}