{"id":26743,"date":"2024-06-07T20:39:43","date_gmt":"2024-06-07T18:39:43","guid":{"rendered":"https:\/\/pawz.rs\/?post_type=product&#038;p=26743"},"modified":"2026-05-05T18:18:35","modified_gmt":"2026-05-05T16:18:35","slug":"cennamo-salmon-oil-500-ml","status":"publish","type":"product","link":"https:\/\/pawz.rs\/en\/cennamo-salmon-oil-500-ml\/","title":{"rendered":"Cennamo Salmon Oil 500 ml"},"content":{"rendered":"<p><strong>Cennamo Salmon Oil 500 ml<\/strong><\/p>\n<p>Dodatak ishrani za suvu i vla\u017enu hranu za pse i ma\u010dke.<\/p>\n<p>Recept bogat Omega 3 masnim kiselinama, vitaminima A, D, E, K, neophodnim za imuni sistem.<br \/>\nJa\u010da imuni sistem, povec\u0301ava energetsku vrednost dnevnog obroka.<\/p>\n<p>To \u010dini hranu mnogo ukusnijom i ukusnijom. \u010cini dlaku sjajnom i sjajnom. Posebno pogodan za \u0161tence.<\/p>\n<p><strong><span class=\"ref-naslovi\">Sastav:<br \/>\n<\/span><\/strong>Proizvod prerade lososa.<\/p>\n<p><strong>Analytical composition: <\/strong><br \/>\nMasne kiseline 5,0% max, Peroksid 10,0 max, p-Anisidin 3,0 max, Voda 1,0% max, a-tokoferol 20,0-25,0 (mg\/100g), Fosfolipidi 3,0 (g\/kg), Iron (g\/kg) 2,0 (mg\/kg) max, bakar 0,10 (mg\/kg) max, \u017eiva 0,01 (mg\/kg) max, vitamin E 30 mg\/100 g, Omega 3 polinezasic\u0301ene esencijalne masne kiseline EPA+DHA 7,0% minimum.<\/p>\n<p>Store the product in a dry, dark and cool place.<\/p>\n<p>Proizvo\u0111a\u010d: Cennamo<br \/>\nZemlja porekla: Italija<\/p>\n\n    <div class=\"xs_social_share_widget xs_share_url after_content \t\tmain_content  wslu-style-1 wslu-share-box-shaped wslu-fill-colored wslu-none wslu-share-horizontal wslu-theme-font-no wslu-main_content\">\n\n\t\t\n        <ul>\n\t\t\t        <\/ul>\n    <\/div>","protected":false},"excerpt":{"rendered":"<p>Cennamo Slamon Oil predstavlja dodatak ishrani, u obliku lososovog ulja, za bolji kvalitet dlake, va\u0161eg ljubimca<\/p>","protected":false},"featured_media":26744,"comment_status":"open","ping_status":"closed","template":"","meta":{"_acf_changed":false},"pwb-brand":[962],"product_cat":[23,47,414,391],"product_tag":[],"class_list":{"0":"post-26743","1":"product","2":"type-product","3":"status-publish","4":"has-post-thumbnail","6":"pwb-brand-cennamo","7":"product_cat-macke","8":"product_cat-psi","9":"product_cat-vitamini-suplementi-i-preparati-za-macke","10":"product_cat-vitamini-suplementi-i-preparati-za-pse","12":"first","13":"instock","14":"taxable","15":"shipping-taxable","16":"purchasable","17":"product-type-simple"},"acf":[],"brands":[{"id":962,"name":"Cennamo","slug":"cennamo"}],"_links":{"self":[{"href":"https:\/\/pawz.rs\/en\/wp-json\/wp\/v2\/product\/26743","targetHints":{"allow":["GET"]}}],"collection":[{"href":"https:\/\/pawz.rs\/en\/wp-json\/wp\/v2\/product"}],"about":[{"href":"https:\/\/pawz.rs\/en\/wp-json\/wp\/v2\/types\/product"}],"replies":[{"embeddable":true,"href":"https:\/\/pawz.rs\/en\/wp-json\/wp\/v2\/comments?post=26743"}],"wp:featuredmedia":[{"embeddable":true,"href":"https:\/\/pawz.rs\/en\/wp-json\/wp\/v2\/media\/26744"}],"wp:attachment":[{"href":"https:\/\/pawz.rs\/en\/wp-json\/wp\/v2\/media?parent=26743"}],"wp:term":[{"taxonomy":"pwb-brand","embeddable":true,"href":"https:\/\/pawz.rs\/en\/wp-json\/wp\/v2\/pwb-brand?post=26743"},{"taxonomy":"product_cat","embeddable":true,"href":"https:\/\/pawz.rs\/en\/wp-json\/wp\/v2\/product_cat?post=26743"},{"taxonomy":"product_tag","embeddable":true,"href":"https:\/\/pawz.rs\/en\/wp-json\/wp\/v2\/product_tag?post=26743"}],"curies":[{"name":"wp","href":"https:\/\/api.w.org\/{rel}","templated":true}]}}