{"id":26937,"date":"2024-09-03T14:38:44","date_gmt":"2024-09-03T12:38:44","guid":{"rendered":"https:\/\/pawz.rs\/?post_type=product&#038;p=26937"},"modified":"2026-05-06T21:41:40","modified_gmt":"2026-05-06T19:41:40","slug":"animonda-carny-cat-kitten-koktel-od-mesa-zivine","status":"publish","type":"product","link":"https:\/\/pawz.rs\/en\/animonda-carny-cat-kitten-koktel-od-mesa-zivine\/","title":{"rendered":"Animonda Carny Cat Kitten Koktel Od Mesa \u017divine"},"content":{"rendered":"<p><strong>Animonda Carny Cat Kitten Koktel Od Mesa \u017divine<\/strong><\/p>\n<ul>\n<li>Kompletna vla\u017ena hrana za ma\u010dke u razvoju<\/li>\n<li>100% sve\u017ei mesni sastojci: piletina, \u0107uretina i pa\u010detina<\/li>\n<li>Bez \u017eitarica, soje i \u0161e\u0107era<\/li>\n<li>Bez dodatih ve\u0161ta\u010dkih boja i konzervansa<\/li>\n<\/ul>\n<p>Carny Koktel od Mesa \u017divine je idealno prilago\u0111ena potrebama ma\u010daka koje su u razvoju tokom prve godine \u017eivota.<\/p>\n<p>Mesni sastojci: piletina, \u0107uretina i pa\u010detina su isekcani na male komade veli\u010dine zalogaja, tako da va\u0161 krznati prijatelj neometano u\u017eiva u svakom zalogaju.<\/p>\n<p><strong>Sastav:<\/strong><br \/>\n39 % piletina (jetra, stomak, srce), 18 % c\u0301uretina (meso, srce), 6 % pa\u010dije meso, minerali, ulje kanole, riblje ulje, ulje \u0161afranike.<\/p>\n<p><strong>Analiti\u010dki sastojci:<br \/>\n<\/strong>Protein 10,5 %, Masti 6,3 %, Sirova vlakna 0,3 %, Sirovi pepeo 1,8 % Vlaga 80 %, Taurin 0,6 g\/kg<\/p>\n<p><strong>Nutritivni aditivi po kg<\/strong>:<br \/>\n00 IE 3a671, 04 mg 3b202, 2 mg 3b503, 16 mg 3b605, 2 mg 3b406<\/p>\n<p>Serve food in dry form with available fresh water.<br \/>\nFor your pet&#039;s health, consult a veterinarian regularly.<\/p>\n<p>Store the product in a dry, dark and cool place.<\/p>\n<p>Proizvo\u0111a\u010d: Rothenfelde<br \/>\nCountry of origin: Germany<\/p>\n\n    <div class=\"xs_social_share_widget xs_share_url after_content \t\tmain_content  wslu-style-1 wslu-share-box-shaped wslu-fill-colored wslu-none wslu-share-horizontal wslu-theme-font-no wslu-main_content\">\n\n\t\t\n        <ul>\n\t\t\t        <\/ul>\n    <\/div>","protected":false},"excerpt":{"rendered":"<p>Animonda Carny Cat Kitten je vla\u017ena hrana u vidu pa\u0161tete namenjena za ma\u010di\u0107e<\/p>","protected":false},"featured_media":26375,"comment_status":"open","ping_status":"closed","template":"","meta":{"_acf_changed":false},"pwb-brand":[965],"product_cat":[23,21,150],"product_tag":[],"class_list":{"0":"post-26937","1":"product","2":"type-product","3":"status-publish","4":"has-post-thumbnail","6":"pwb-brand-animonda","7":"product_cat-macke","8":"product_cat-hrana-za-macke","9":"product_cat-vlazna-hrana-za-macke","11":"first","12":"instock","13":"taxable","14":"shipping-taxable","15":"purchasable","16":"product-type-variable","17":"has-default-attributes"},"acf":[],"brands":[{"id":965,"name":"Animonda","slug":"animonda"}],"_links":{"self":[{"href":"https:\/\/pawz.rs\/en\/wp-json\/wp\/v2\/product\/26937","targetHints":{"allow":["GET"]}}],"collection":[{"href":"https:\/\/pawz.rs\/en\/wp-json\/wp\/v2\/product"}],"about":[{"href":"https:\/\/pawz.rs\/en\/wp-json\/wp\/v2\/types\/product"}],"replies":[{"embeddable":true,"href":"https:\/\/pawz.rs\/en\/wp-json\/wp\/v2\/comments?post=26937"}],"wp:featuredmedia":[{"embeddable":true,"href":"https:\/\/pawz.rs\/en\/wp-json\/wp\/v2\/media\/26375"}],"wp:attachment":[{"href":"https:\/\/pawz.rs\/en\/wp-json\/wp\/v2\/media?parent=26937"}],"wp:term":[{"taxonomy":"pwb-brand","embeddable":true,"href":"https:\/\/pawz.rs\/en\/wp-json\/wp\/v2\/pwb-brand?post=26937"},{"taxonomy":"product_cat","embeddable":true,"href":"https:\/\/pawz.rs\/en\/wp-json\/wp\/v2\/product_cat?post=26937"},{"taxonomy":"product_tag","embeddable":true,"href":"https:\/\/pawz.rs\/en\/wp-json\/wp\/v2\/product_tag?post=26937"}],"curies":[{"name":"wp","href":"https:\/\/api.w.org\/{rel}","templated":true}]}}