{"id":26938,"date":"2024-09-03T14:38:56","date_gmt":"2024-09-03T12:38:56","guid":{"rendered":"https:\/\/pawz.rs\/?post_type=product&#038;p=26938"},"modified":"2026-05-06T21:41:40","modified_gmt":"2026-05-06T19:41:40","slug":"animonda-vom-feinsten-cat-adult-curetina-u-sosu-od-jogurta","status":"publish","type":"product","link":"https:\/\/pawz.rs\/en\/animonda-vom-feinsten-cat-adult-curetina-u-sosu-od-jogurta\/","title":{"rendered":"Animonda Vom Feinsten Cat Adult \u0106uretina U Sosu Od Jogurta"},"content":{"rendered":"<p><strong>Animonda Vom Feinsten Cat Adult \u0106uretina U Sosu Od Jogurta<\/strong><\/p>\n<p>Kompletna hrana za ma\u010dke starosti od 1 do 6 godina<br \/>\nOva kombinacija ukusa \u0107e odu\u0161eviti svaku ma\u010dku svojom neodoljivim sastojcima. Mesnati u\u017eitak za sve obo\u017eavaice vla\u017ene hrane.<br \/>\nHrana je posebno palatabilna i stimuli\u0161e apetit.<\/p>\n<p><strong>Sastav:<br \/>\n<\/strong>Meso i proizvodi od mesa 40% (piletina, 15% \u0107uretina, svinjetina), ulja, minerrali, povr\u0107e, mleko i ple\u010dni proizvodi (0,2% jogurt u prahu)<\/p>\n<p><strong>Analiti\u010dki satojci<\/strong>:<br \/>\nBelan\u010devine 9%, Masti 6%, Sirova vlakna 0,3%, Pepo 1,8%, Vlaga 80%, Taurin 0,6g\/kg.<\/p>\n<p><strong>Supplements per kg:<\/strong><br \/>\n200 j.m 3a671, 1 mg 3b406, 11,4 mg 3b605, 1,4 mg 3b503, 0,1 mg 3b202<\/p>\n<p>Serve food in dry form with available fresh water.<br \/>\nFor your pet&#039;s health, consult a veterinarian regularly.<\/p>\n<p>Store the product in a dry, dark and cool place.<\/p>\n<p>Proizvo\u0111a\u010d: Rothenfelde<br \/>\nCountry of origin: Germany<\/p>\n\n    <div class=\"xs_social_share_widget xs_share_url after_content \t\tmain_content  wslu-style-1 wslu-share-box-shaped wslu-fill-colored wslu-none wslu-share-horizontal wslu-theme-font-no wslu-main_content\">\n\n\t\t\n        <ul>\n\t\t\t        <\/ul>\n    <\/div>","protected":false},"excerpt":{"rendered":"<p>Animonda Vom Feinsten Cat Adult je vla\u017ena hrana za odrasle ma\u010dke, sa \u0107uretinom u sosu od jogurta<\/p>","protected":false},"featured_media":26377,"comment_status":"open","ping_status":"closed","template":"","meta":{"_acf_changed":false},"pwb-brand":[965],"product_cat":[23,21,150],"product_tag":[],"class_list":{"0":"post-26938","1":"product","2":"type-product","3":"status-publish","4":"has-post-thumbnail","6":"pwb-brand-animonda","7":"product_cat-macke","8":"product_cat-hrana-za-macke","9":"product_cat-vlazna-hrana-za-macke","11":"first","12":"outofstock","13":"taxable","14":"shipping-taxable","15":"purchasable","16":"product-type-variable","17":"has-default-attributes"},"acf":[],"brands":[{"id":965,"name":"Animonda","slug":"animonda"}],"_links":{"self":[{"href":"https:\/\/pawz.rs\/en\/wp-json\/wp\/v2\/product\/26938","targetHints":{"allow":["GET"]}}],"collection":[{"href":"https:\/\/pawz.rs\/en\/wp-json\/wp\/v2\/product"}],"about":[{"href":"https:\/\/pawz.rs\/en\/wp-json\/wp\/v2\/types\/product"}],"replies":[{"embeddable":true,"href":"https:\/\/pawz.rs\/en\/wp-json\/wp\/v2\/comments?post=26938"}],"wp:featuredmedia":[{"embeddable":true,"href":"https:\/\/pawz.rs\/en\/wp-json\/wp\/v2\/media\/26377"}],"wp:attachment":[{"href":"https:\/\/pawz.rs\/en\/wp-json\/wp\/v2\/media?parent=26938"}],"wp:term":[{"taxonomy":"pwb-brand","embeddable":true,"href":"https:\/\/pawz.rs\/en\/wp-json\/wp\/v2\/pwb-brand?post=26938"},{"taxonomy":"product_cat","embeddable":true,"href":"https:\/\/pawz.rs\/en\/wp-json\/wp\/v2\/product_cat?post=26938"},{"taxonomy":"product_tag","embeddable":true,"href":"https:\/\/pawz.rs\/en\/wp-json\/wp\/v2\/product_tag?post=26938"}],"curies":[{"name":"wp","href":"https:\/\/api.w.org\/{rel}","templated":true}]}}