{"id":26939,"date":"2024-09-03T14:38:54","date_gmt":"2024-09-03T12:38:54","guid":{"rendered":"https:\/\/pawz.rs\/?post_type=product&#038;p=26939"},"modified":"2026-05-06T21:41:40","modified_gmt":"2026-05-06T19:41:40","slug":"animonda-vom-feinsten-cat-adult-govedina-u-mlecnom-sosu","status":"publish","type":"product","link":"https:\/\/pawz.rs\/en\/animonda-vom-feinsten-cat-adult-govedina-u-mlecnom-sosu\/","title":{"rendered":"Animonda Vom Feinsten Cat Adult Govedina U Mle\u010dnom Sosu"},"content":{"rendered":"<p><strong><span class=\"ui-provider\" style=\"border: 0px;margin: 0px;padding: 0px\">Animonda Vom Feinsten Cat Adult Govedina U Mle\u010dnom Sosu<\/span><\/strong><\/p>\n<p style=\"font-weight: 400\">Potpuna hrana za odrasle ma\u010dke uzrasta od 1 do 6 godina.<br \/>\nHrana je posebno palatabilna i stimuli\u0161e apetit.<\/p>\n<p><strong>Sastav<\/strong>:<br \/>\nMeso i proizvodi od mesa 40% (piletina, govedina 15%, svinjetina), ulja i masti, povr\u0107e, mleko i mle\u010dni proizvodi (0,2% mleko u prahu)<\/p>\n<p><strong>Analiti\u010dki sastav<\/strong>: B<br \/>\nBelan\u010devine 9%, Masti 6%, Sirova vlakna 0,3%, Pepeo 1,8%, Vlaga 80%, Taurin 0,6%.<\/p>\n<p><strong>Supplements per kg:<br \/>\n<\/strong>200 m.j 3a671, 1 mg 3b406, 11,4 mg3b605, 1,4 mg 3b503, 0,1 mg3b202<\/p>\n<p>Serve food in dry form with available fresh water.<br \/>\nFor your pet&#039;s health, consult a veterinarian regularly.<\/p>\n<p>Store the product in a dry, dark and cool place.<\/p>\n<p>Proizvo\u0111a\u010d: Rothenfelde<br \/>\nCountry of origin: Germany<\/p>\n\n    <div class=\"xs_social_share_widget xs_share_url after_content \t\tmain_content  wslu-style-1 wslu-share-box-shaped wslu-fill-colored wslu-none wslu-share-horizontal wslu-theme-font-no wslu-main_content\">\n\n\t\t\n        <ul>\n\t\t\t        <\/ul>\n    <\/div>","protected":false},"excerpt":{"rendered":"<p><span class=\"ui-provider\" style=\"border: 0px;margin: 0px;padding: 0px\">Animonda Vom Feinsten Cat Adult predstavlja kompletnu vla\u017enu hranu za odrasle ma\u010dke sa govedinom u mle\u010dnom sosu<\/span><\/p>","protected":false},"featured_media":26379,"comment_status":"open","ping_status":"closed","template":"","meta":{"_acf_changed":false},"pwb-brand":[965],"product_cat":[23,21,150],"product_tag":[],"class_list":{"0":"post-26939","1":"product","2":"type-product","3":"status-publish","4":"has-post-thumbnail","6":"pwb-brand-animonda","7":"product_cat-macke","8":"product_cat-hrana-za-macke","9":"product_cat-vlazna-hrana-za-macke","11":"first","12":"outofstock","13":"taxable","14":"shipping-taxable","15":"purchasable","16":"product-type-variable","17":"has-default-attributes"},"acf":[],"brands":[{"id":965,"name":"Animonda","slug":"animonda"}],"_links":{"self":[{"href":"https:\/\/pawz.rs\/en\/wp-json\/wp\/v2\/product\/26939","targetHints":{"allow":["GET"]}}],"collection":[{"href":"https:\/\/pawz.rs\/en\/wp-json\/wp\/v2\/product"}],"about":[{"href":"https:\/\/pawz.rs\/en\/wp-json\/wp\/v2\/types\/product"}],"replies":[{"embeddable":true,"href":"https:\/\/pawz.rs\/en\/wp-json\/wp\/v2\/comments?post=26939"}],"wp:featuredmedia":[{"embeddable":true,"href":"https:\/\/pawz.rs\/en\/wp-json\/wp\/v2\/media\/26379"}],"wp:attachment":[{"href":"https:\/\/pawz.rs\/en\/wp-json\/wp\/v2\/media?parent=26939"}],"wp:term":[{"taxonomy":"pwb-brand","embeddable":true,"href":"https:\/\/pawz.rs\/en\/wp-json\/wp\/v2\/pwb-brand?post=26939"},{"taxonomy":"product_cat","embeddable":true,"href":"https:\/\/pawz.rs\/en\/wp-json\/wp\/v2\/product_cat?post=26939"},{"taxonomy":"product_tag","embeddable":true,"href":"https:\/\/pawz.rs\/en\/wp-json\/wp\/v2\/product_tag?post=26939"}],"curies":[{"name":"wp","href":"https:\/\/api.w.org\/{rel}","templated":true}]}}