{"id":26940,"date":"2024-09-03T14:38:55","date_gmt":"2024-09-03T12:38:55","guid":{"rendered":"https:\/\/pawz.rs\/?post_type=product&#038;p=26940"},"modified":"2026-05-06T21:41:40","modified_gmt":"2026-05-06T19:41:40","slug":"animonda-vom-feinsten-cat-adult-zecetina-u-krem-sosu","status":"publish","type":"product","link":"https:\/\/pawz.rs\/en\/animonda-vom-feinsten-cat-adult-zecetina-u-krem-sosu\/","title":{"rendered":"Animonda Vom Feinsten Cat Adult Ze\u010detina u Krem Sosu"},"content":{"rendered":"<p class=\"MsoNormal\"><strong>Animonda Vom Feinsten Cat Adult Ze\u010detina u Krem Sosu<\/strong><\/p>\n<p class=\"MsoNormal\"><span class=\"ui-provider\">Potpuna hrana za odrasle ma\u010dke uzrasta od 1 do 6 godina.<br \/>\n<\/span>Hrana je posebno palatabilna i stimuli\u0161e apetit.<\/p>\n<p><strong>Sastav<\/strong>:<br \/>\nMeso i proizvodi od mesa 40% (piletina, zec 8%, govedina, svinjetina) ulja i masti, minerali, povr\u0107e, mleko i mle\u010dni proizvodi,\u00a0krema u prahu 0,2%)<\/p>\n<p><strong>Analytical composition:<\/strong><br \/>\nBelan\u010devine 9%, Masti 6%, Sirova vlakna 0,3%, Pepeo 1,8%, Vlaga 80%, Taurin 0,6g\/kg.<\/p>\n<p><strong>Supplements per kg:<\/strong><br \/>\nD3 200IE, jod 0,1mg, Bakar 1,0mg, Mangan 1,4mg, Cink 11,4mg,<\/p>\n<p>Serve food in dry form with available fresh water.<br \/>\nFor your pet&#039;s health, consult a veterinarian regularly.<\/p>\n<p>Store the product in a dry, dark and cool place.<\/p>\n<p>Proizvo\u0111a\u010d: Rothenfelde<br \/>\nCountry of origin: Germany<\/p>\n\n    <div class=\"xs_social_share_widget xs_share_url after_content \t\tmain_content  wslu-style-1 wslu-share-box-shaped wslu-fill-colored wslu-none wslu-share-horizontal wslu-theme-font-no wslu-main_content\">\n\n\t\t\n        <ul>\n\t\t\t        <\/ul>\n    <\/div>","protected":false},"excerpt":{"rendered":"<p>Animonda Vom Feinsten Cat Adult je vla\u017ena hrana namenjena odraslim ma\u010dkama, sa ukusom ze\u010detine u kremastom sosu<\/p>","protected":false},"featured_media":26381,"comment_status":"open","ping_status":"closed","template":"","meta":{"_acf_changed":false},"pwb-brand":[965],"product_cat":[23,21,150],"product_tag":[],"class_list":{"0":"post-26940","1":"product","2":"type-product","3":"status-publish","4":"has-post-thumbnail","6":"pwb-brand-animonda","7":"product_cat-macke","8":"product_cat-hrana-za-macke","9":"product_cat-vlazna-hrana-za-macke","11":"first","12":"outofstock","13":"taxable","14":"shipping-taxable","15":"purchasable","16":"product-type-variable","17":"has-default-attributes"},"acf":[],"brands":[{"id":965,"name":"Animonda","slug":"animonda"}],"_links":{"self":[{"href":"https:\/\/pawz.rs\/en\/wp-json\/wp\/v2\/product\/26940","targetHints":{"allow":["GET"]}}],"collection":[{"href":"https:\/\/pawz.rs\/en\/wp-json\/wp\/v2\/product"}],"about":[{"href":"https:\/\/pawz.rs\/en\/wp-json\/wp\/v2\/types\/product"}],"replies":[{"embeddable":true,"href":"https:\/\/pawz.rs\/en\/wp-json\/wp\/v2\/comments?post=26940"}],"wp:featuredmedia":[{"embeddable":true,"href":"https:\/\/pawz.rs\/en\/wp-json\/wp\/v2\/media\/26381"}],"wp:attachment":[{"href":"https:\/\/pawz.rs\/en\/wp-json\/wp\/v2\/media?parent=26940"}],"wp:term":[{"taxonomy":"pwb-brand","embeddable":true,"href":"https:\/\/pawz.rs\/en\/wp-json\/wp\/v2\/pwb-brand?post=26940"},{"taxonomy":"product_cat","embeddable":true,"href":"https:\/\/pawz.rs\/en\/wp-json\/wp\/v2\/product_cat?post=26940"},{"taxonomy":"product_tag","embeddable":true,"href":"https:\/\/pawz.rs\/en\/wp-json\/wp\/v2\/product_tag?post=26940"}],"curies":[{"name":"wp","href":"https:\/\/api.w.org\/{rel}","templated":true}]}}