{"id":26941,"date":"2024-06-07T22:24:39","date_gmt":"2024-06-07T20:24:39","guid":{"rendered":"https:\/\/pawz.rs\/?post_type=product&#038;p=26941"},"modified":"2026-04-05T21:09:40","modified_gmt":"2026-04-05T19:09:40","slug":"animonda-integra-protect-renal-cat-adult-curetina","status":"publish","type":"product","link":"https:\/\/pawz.rs\/en\/animonda-integra-protect-renal-cat-adult-curetina\/","title":{"rendered":"Animonda Integra Protect Renal Cat Adult \u0106uretina"},"content":{"rendered":"<p><strong>Animonda Integra Protect Renal Cat Adult \u0106uretina<\/strong><\/p>\n<p>Kompletna vla\u017ena dijetetska hrana za ma\u010dke za podr\u0161ku bubre\u017enoj funkciji u slu\u010daju privremene i hroni\u010dne bubre\u017ene insuficijencije.<\/p>\n<p><strong>Hrana koja poma\u017ee, \u0161titi i ima odli\u010dan ukus!<\/strong><\/p>\n<ul>\n<li>Ne sadr\u017ei zrna<\/li>\n<li>Sadr\u017ei vodu za pic\u0301e. Voda za pic\u0301e nije sirovina i stoga ne mo\u017ee biti navedena u deklaraciji<\/li>\n<li>Bogat mineralima &#8211; esencijalnim neorganskim hranljivim materijama<\/li>\n<\/ul>\n<p>Integra Protect Renal dijetalna hrana je specijalno razvijena za ma\u010dke sa hroni\u010dnom bubre\u017enom insuficijencijom (hroni\u010dna bolest bubrega = CKD). Sadr\u017ei smanjeni udeo proteina i fosfora koji podr\u017eavaju funkciju bubrega. Hroni\u010dna bubre\u017ena insuficijencija (CKD) je rezultat progresivnog ireverzibilnog gubitka funkcionalnog tkiva bubrega (nefrona). To je gubitak koji gotovo neprimetno napreduje mesecima, pa \u010dak i godinama. Vidljivi simptomi se, na\u017ealost, ne pojavljuju sve dok koli\u010dina funkcionalnog bubre\u017enog tkiva ne padne ispod 25%.<\/p>\n<p><strong>O\u0161tec\u0301enje bubrega nastaje zbog:<\/strong><\/p>\n<ul>\n<li>Infekcija<\/li>\n<li>\u0160okova<\/li>\n<li>Autoimune bolesti<\/li>\n<li>Uro\u0111ene abnormalnosti<\/li>\n<li>Intokication<\/li>\n<li>Nesrec\u0301a<\/li>\n<li>Neoplazije<\/li>\n<\/ul>\n<p>Bubre\u017ena dijeta se razlikuje od konvencionalne hrane po smanjenom sadr\u017eaju proteina i fosfora; snabdeven je visokokvalitetnim proteinima, ali u niskim koli\u010dinama (dovodi do smanjenja uremi\u010dkih supstanci). Ograni\u010denje nivoa fosfora odla\u017ee progresiju gubitka funkcije bubrega. Pronala\u017eenje namirnica koje istovremeno reaguju na probleme CKD u kombinaciji sa alergijom na hranu je gotovo nemoguc\u0301a misija, jer se le\u010denje alergije sastoji od izbegavanja \u017eivotinjskih i\/ili biljnih proteina. Zato je INTEGRA PROTECT\u00ae Renal najbolji izbor za va\u0161u ma\u010dku jer ne sadr\u017ei \u017eitarice i sadr\u017ei samo pa\u017eljivo odabrane proteine \u017eivotinjskog porekla. Zbog svoje sposobnosti da istovremeno le\u010di dva razli\u010dita stanja, INTEGRA PROTECT\u00ae se naziva multifunkcionalna dijeta.<\/p>\n<p><strong>Sastav<\/strong>:<br \/>\nMeso i \u017eivotinjski derivati (43 % c\u0301uretina), povrc\u0301e (krompir), ulja i masti (kanola ulje), minerali, derivati biljnog porekla. Izvori proteina: c\u0301uretina.<\/p>\n<p><strong>Analiti\u010dki sastojci:<br \/>\n<\/strong>Protein 7,8 %, masti 11,5 %, sirova vlakna 0,5 %, sirovi pepeo 1,3 %, vlaga 76 %, kalcijum 0,22 %, fosfor 0,16 %, natrijum 0,16 %, kalijum 0,16 %, linolna kiselina 1,8 %, taurin 0,7 g\/kg<\/p>\n<p><strong>Supplements per kg:<br \/>\n<\/strong>80 IE 3a671, 04 mg 3b202, 2 mg 3b406, 2 mg 3b503, 16 mg 3b605<\/p>\n<p><strong>Preporu\u010deno vreme upotrebe:<br \/>\n<\/strong>Preporu\u010duje se mi\u0161ljenje veterinara pre po\u010detka i\/ili produ\u017eenja upotrebe; u po\u010detku koristiti 6 meseci. Ako znaci netolerancije prestanu, mo\u017ee se koristiti neograni\u010deno.<\/p>\n<p>Serve food in dry form with available fresh water.<br \/>\nFor your pet&#039;s health, consult a veterinarian regularly.<\/p>\n<p>Store the product in a dry, dark and cool place.<\/p>\n<p>Proizvo\u0111a\u010d: Rothenfelde<br \/>\nCountry of origin: Germany<\/p>\n<p>&nbsp;<\/p>\n\n    <div class=\"xs_social_share_widget xs_share_url after_content \t\tmain_content  wslu-style-1 wslu-share-box-shaped wslu-fill-colored wslu-none wslu-share-horizontal wslu-theme-font-no wslu-main_content\">\n\n\t\t\n        <ul>\n\t\t\t        <\/ul>\n    <\/div>","protected":false},"excerpt":{"rendered":"<p>Animonda Integra Protect Renal Cat Adult predstavlja dijetetsku vla\u017enu hranu za odrasle ma\u010dke koje imaju bubre\u017enu insuficijenciju, ili drugi problem vezanih za bubrege<\/p>","protected":false},"featured_media":26383,"comment_status":"open","ping_status":"closed","template":"","meta":{"_acf_changed":false},"pwb-brand":[965],"product_cat":[21,23,711],"product_tag":[1251],"class_list":{"0":"post-26941","1":"product","2":"type-product","3":"status-publish","4":"has-post-thumbnail","6":"pwb-brand-animonda","7":"product_cat-hrana-za-macke","8":"product_cat-macke","9":"product_cat-veterinarske-dijete-za-macke","10":"product_tag-veterinarske-dijete","12":"first","13":"instock","14":"taxable","15":"shipping-taxable","16":"purchasable","17":"product-type-variable","18":"has-default-attributes"},"acf":[],"brands":[{"id":965,"name":"Animonda","slug":"animonda"}],"_links":{"self":[{"href":"https:\/\/pawz.rs\/en\/wp-json\/wp\/v2\/product\/26941","targetHints":{"allow":["GET"]}}],"collection":[{"href":"https:\/\/pawz.rs\/en\/wp-json\/wp\/v2\/product"}],"about":[{"href":"https:\/\/pawz.rs\/en\/wp-json\/wp\/v2\/types\/product"}],"replies":[{"embeddable":true,"href":"https:\/\/pawz.rs\/en\/wp-json\/wp\/v2\/comments?post=26941"}],"wp:featuredmedia":[{"embeddable":true,"href":"https:\/\/pawz.rs\/en\/wp-json\/wp\/v2\/media\/26383"}],"wp:attachment":[{"href":"https:\/\/pawz.rs\/en\/wp-json\/wp\/v2\/media?parent=26941"}],"wp:term":[{"taxonomy":"pwb-brand","embeddable":true,"href":"https:\/\/pawz.rs\/en\/wp-json\/wp\/v2\/pwb-brand?post=26941"},{"taxonomy":"product_cat","embeddable":true,"href":"https:\/\/pawz.rs\/en\/wp-json\/wp\/v2\/product_cat?post=26941"},{"taxonomy":"product_tag","embeddable":true,"href":"https:\/\/pawz.rs\/en\/wp-json\/wp\/v2\/product_tag?post=26941"}],"curies":[{"name":"wp","href":"https:\/\/api.w.org\/{rel}","templated":true}]}}