{"id":26947,"date":"2024-09-03T14:38:21","date_gmt":"2024-09-03T12:38:21","guid":{"rendered":"https:\/\/pawz.rs\/?post_type=product&#038;p=26947"},"modified":"2026-05-06T21:41:42","modified_gmt":"2026-05-06T19:41:42","slug":"animonda-vom-feinsten-light-dog-adult-curetina-i-sunka","status":"publish","type":"product","link":"https:\/\/pawz.rs\/en\/animonda-vom-feinsten-light-dog-adult-curetina-i-sunka\/","title":{"rendered":"Animonda Vom Feinsten Light Dog Adult \u0106uretina i \u0160unka"},"content":{"rendered":"<p><strong>Animonda Vom Feinsten Light Dog Adult \u0106uretina i \u0160unka<\/strong><\/p>\n<p>Kompletna vla\u017ena hrana za odrasle pse starosti 1 do 6 godina.<br \/>\nHrana je posebno palatabilna i stimuli\u0161e apetit.<\/p>\n<p><strong>Sastav:<\/strong><br \/>\n\u0106uretina (52%), \u0161unka (6%), kalcijum karbonat, Natrijum hlorid.<\/p>\n<p><strong>Analytical composition:<\/strong><br \/>\nSirov\u00a0protein\u00a010,5%, Masti 4,5%, Sirova vlakna 0,4%, sirovi pepeo 2%, vlaga 81%.<\/p>\n<p><strong>Dodaci (po kg)-Prehrambeni dodaci:<br \/>\n<\/strong>\u00a0150 IE Vitamin D3,\u00a01 mg Bakar amino kiselina,\u00a0\u00a026 mg Cink sulfat, monohidrat,\u00a01,7 mg Manganov sulfat monohidrat,\u00a00,4 mg Kalcijum jodat.<\/p>\n<p>Serve food in dry form with available fresh water.<br \/>\nFor your pet&#039;s health, consult a veterinarian regularly.<\/p>\n<p>Store the product in a dry, dark and cool place.<\/p>\n<p>Proizvo\u0111a\u010d: Rothenfelde<br \/>\nCountry of origin: Germany<\/p>\n\n    <div class=\"xs_social_share_widget xs_share_url after_content \t\tmain_content  wslu-style-1 wslu-share-box-shaped wslu-fill-colored wslu-none wslu-share-horizontal wslu-theme-font-no wslu-main_content\">\n\n\t\t\n        <ul>\n\t\t\t        <\/ul>\n    <\/div>","protected":false},"excerpt":{"rendered":"<p>Animonda Vom Feinsten Light Dog Adult je pa\u0161teta za odrasle pse svih rasa, sa \u0107uretinom i \u0161unkom<\/p>","protected":false},"featured_media":26395,"comment_status":"open","ping_status":"closed","template":"","meta":{"_acf_changed":false},"pwb-brand":[965],"product_cat":[47,48,50],"product_tag":[],"class_list":{"0":"post-26947","1":"product","2":"type-product","3":"status-publish","4":"has-post-thumbnail","6":"pwb-brand-animonda","7":"product_cat-psi","8":"product_cat-hrana-za-pse","9":"product_cat-vlazna-hrana-za-pse","11":"first","12":"instock","13":"taxable","14":"shipping-taxable","15":"purchasable","16":"product-type-variable","17":"has-default-attributes"},"acf":[],"brands":[{"id":965,"name":"Animonda","slug":"animonda"}],"_links":{"self":[{"href":"https:\/\/pawz.rs\/en\/wp-json\/wp\/v2\/product\/26947","targetHints":{"allow":["GET"]}}],"collection":[{"href":"https:\/\/pawz.rs\/en\/wp-json\/wp\/v2\/product"}],"about":[{"href":"https:\/\/pawz.rs\/en\/wp-json\/wp\/v2\/types\/product"}],"replies":[{"embeddable":true,"href":"https:\/\/pawz.rs\/en\/wp-json\/wp\/v2\/comments?post=26947"}],"wp:featuredmedia":[{"embeddable":true,"href":"https:\/\/pawz.rs\/en\/wp-json\/wp\/v2\/media\/26395"}],"wp:attachment":[{"href":"https:\/\/pawz.rs\/en\/wp-json\/wp\/v2\/media?parent=26947"}],"wp:term":[{"taxonomy":"pwb-brand","embeddable":true,"href":"https:\/\/pawz.rs\/en\/wp-json\/wp\/v2\/pwb-brand?post=26947"},{"taxonomy":"product_cat","embeddable":true,"href":"https:\/\/pawz.rs\/en\/wp-json\/wp\/v2\/product_cat?post=26947"},{"taxonomy":"product_tag","embeddable":true,"href":"https:\/\/pawz.rs\/en\/wp-json\/wp\/v2\/product_tag?post=26947"}],"curies":[{"name":"wp","href":"https:\/\/api.w.org\/{rel}","templated":true}]}}