{"id":26949,"date":"2024-06-07T22:24:39","date_gmt":"2024-06-07T20:24:39","guid":{"rendered":"https:\/\/pawz.rs\/?post_type=product&#038;p=26949"},"modified":"2026-05-06T21:41:47","modified_gmt":"2026-05-06T19:41:47","slug":"animonda-carny-cat-drink-piletina","status":"publish","type":"product","link":"https:\/\/pawz.rs\/en\/animonda-carny-cat-drink-piletina\/","title":{"rendered":"Animonda Carny Cat Drink Piletina"},"content":{"rendered":"<p><strong>Animonda Carny Cat Drink Piletina<\/strong><\/p>\n<ul>\n<li>Dopunska hrana za ma\u010dke starosti od 1 do 6 godina<\/li>\n<li>Bez \u017eitarica, soje i \u0161e\u0107era<\/li>\n<li>Bez dodatih ve\u0161ta\u010dkih boja i zasla\u0111iva\u010da<\/li>\n<li>Te\u010dni obrok za ma\u010dke sa mesnatim trakama<\/li>\n<li>Bez mleka<\/li>\n<\/ul>\n<p>Ukusna kombinacija pile\u0107eg bujona sa trakicama od mesa.<br \/>\nIdealno za u\u017einu izme\u0111u obroka i na taj na\u010din va\u0161a ma\u010dka unosi dodatnu te\u010dnost.<br \/>\n3 &#8211; 4 serviranja za 2 dana<\/p>\n<p><strong>Sastav<\/strong>:<br \/>\nMesnati \u017eivotinjski sastojci (5 % file piletine), dodaci povr\u0107a, minerali.<\/p>\n<p><strong>Analiti\u010dki sastav<\/strong>:<br \/>\nBelan\u010devine 2,1 %, masti 0,1 %, sirova vlakna 0,5 %, sirovi pepeo 1 %, vlage 96 %.<\/p>\n<p>Serve food in dry form with available fresh water.<br \/>\nFor your pet&#039;s health, consult a veterinarian regularly.<\/p>\n<p>Store the product in a dry, dark and cool place.<\/p>\n<p>Proizvo\u0111a\u010d: Rothenfelde<br \/>\nCountry of origin: Germany<\/p>\n\n    <div class=\"xs_social_share_widget xs_share_url after_content \t\tmain_content  wslu-style-1 wslu-share-box-shaped wslu-fill-colored wslu-none wslu-share-horizontal wslu-theme-font-no wslu-main_content\">\n\n\t\t\n        <ul>\n\t\t\t        <\/ul>\n    <\/div>","protected":false},"excerpt":{"rendered":"<p>Animonda Carny Cat Drink predstavlja dopunsku hranu namenjeno za sve odrasle ma\u010dke, sa piletinom<\/p>","protected":false},"featured_media":26399,"comment_status":"open","ping_status":"closed","template":"","meta":{"_acf_changed":false},"pwb-brand":[965],"product_cat":[23,21,150],"product_tag":[],"class_list":{"0":"post-26949","1":"product","2":"type-product","3":"status-publish","4":"has-post-thumbnail","6":"pwb-brand-animonda","7":"product_cat-macke","8":"product_cat-hrana-za-macke","9":"product_cat-vlazna-hrana-za-macke","11":"first","12":"instock","13":"taxable","14":"shipping-taxable","15":"purchasable","16":"product-type-variable","17":"has-default-attributes"},"acf":[],"brands":[{"id":965,"name":"Animonda","slug":"animonda"}],"_links":{"self":[{"href":"https:\/\/pawz.rs\/en\/wp-json\/wp\/v2\/product\/26949","targetHints":{"allow":["GET"]}}],"collection":[{"href":"https:\/\/pawz.rs\/en\/wp-json\/wp\/v2\/product"}],"about":[{"href":"https:\/\/pawz.rs\/en\/wp-json\/wp\/v2\/types\/product"}],"replies":[{"embeddable":true,"href":"https:\/\/pawz.rs\/en\/wp-json\/wp\/v2\/comments?post=26949"}],"wp:featuredmedia":[{"embeddable":true,"href":"https:\/\/pawz.rs\/en\/wp-json\/wp\/v2\/media\/26399"}],"wp:attachment":[{"href":"https:\/\/pawz.rs\/en\/wp-json\/wp\/v2\/media?parent=26949"}],"wp:term":[{"taxonomy":"pwb-brand","embeddable":true,"href":"https:\/\/pawz.rs\/en\/wp-json\/wp\/v2\/pwb-brand?post=26949"},{"taxonomy":"product_cat","embeddable":true,"href":"https:\/\/pawz.rs\/en\/wp-json\/wp\/v2\/product_cat?post=26949"},{"taxonomy":"product_tag","embeddable":true,"href":"https:\/\/pawz.rs\/en\/wp-json\/wp\/v2\/product_tag?post=26949"}],"curies":[{"name":"wp","href":"https:\/\/api.w.org\/{rel}","templated":true}]}}