{"id":26955,"date":"2024-09-03T14:38:43","date_gmt":"2024-09-03T12:38:43","guid":{"rendered":"https:\/\/pawz.rs\/?post_type=product&#038;p=26955"},"modified":"2026-05-06T21:41:47","modified_gmt":"2026-05-06T19:41:47","slug":"animonda-carny-cat-kitten-govedina-piletina-i-zecetina","status":"publish","type":"product","link":"https:\/\/pawz.rs\/en\/animonda-carny-cat-kitten-govedina-piletina-i-zecetina\/","title":{"rendered":"Animonda Carny Cat Kitten Govedina, Piletina i Ze\u010detina"},"content":{"rendered":"<p><strong>Animonda Carny Cat Kitten Govedina, Piletina i Ze\u010detina<\/strong><\/p>\n<ul>\n<li>Kompletna hrana za ma\u010di\u0107e u razvoju<\/li>\n<li>Bez \u017eitarica, soje i \u0161e\u0107era<\/li>\n<li>Bez dodatih ve\u0161ta\u010dkih boja i zasla\u0111iva\u010da<\/li>\n<\/ul>\n<p>Ukusna vla\u017ena hrana za ma\u010di\u0107e od govedine sa lakovarivom piletinom i ze\u010detinom.<br \/>\nMesnati u\u017eitak za ma\u010di\u0107e koji su nedavno otkrili i razvili ljubav prema vla\u017enoj hrani.<\/p>\n<p><strong>Sastav:<br \/>\n<\/strong>27 % govedina (plu\u0107a, meso), 24 % piletina (jetra, meso, rca), 12 % ze\u010detina (iznutrice), minerali, ulje kanole, riblje ulje, \u0161afranovo ulje.<\/p>\n<p><strong>Analytical composition:<\/strong><br \/>\nBelan\u010devine 10,5 %, masti 6,3 %, sirova vlakna 0,3 %,\u00a0sirovi pepeo 1,8 %, vlaga 80 %, taurin 0,6 g\/kg<\/p>\n<p><strong>Nutritivni dodaci:<\/strong><br \/>\n00 IE 3a671, 04 mg 3b202, 2 mg 3b503, 16 mg 3b605, 2 mg 3b406<\/p>\n<p>Serve food in dry form with available fresh water.<br \/>\nFor your pet&#039;s health, consult a veterinarian regularly.<\/p>\n<p>Store the product in a dry, dark and cool place.<\/p>\n<p>Proizvo\u0111a\u010d: Rothenfelde<br \/>\nCountry of origin: Germany<\/p>\n\n    <div class=\"xs_social_share_widget xs_share_url after_content \t\tmain_content  wslu-style-1 wslu-share-box-shaped wslu-fill-colored wslu-none wslu-share-horizontal wslu-theme-font-no wslu-main_content\">\n\n\t\t\n        <ul>\n\t\t\t        <\/ul>\n    <\/div>","protected":false},"excerpt":{"rendered":"<p>Animonda Carny Cat Kitten je pa\u0161teta namenjena ma\u010di\u0107ima, sa govedinom, piletinom i ze\u010detinom<\/p>","protected":false},"featured_media":26411,"comment_status":"open","ping_status":"closed","template":"","meta":{"_acf_changed":false},"pwb-brand":[965],"product_cat":[23,21,150],"product_tag":[],"class_list":{"0":"post-26955","1":"product","2":"type-product","3":"status-publish","4":"has-post-thumbnail","6":"pwb-brand-animonda","7":"product_cat-macke","8":"product_cat-hrana-za-macke","9":"product_cat-vlazna-hrana-za-macke","11":"first","12":"instock","13":"taxable","14":"shipping-taxable","15":"purchasable","16":"product-type-variable","17":"has-default-attributes"},"acf":[],"brands":[{"id":965,"name":"Animonda","slug":"animonda"}],"_links":{"self":[{"href":"https:\/\/pawz.rs\/en\/wp-json\/wp\/v2\/product\/26955","targetHints":{"allow":["GET"]}}],"collection":[{"href":"https:\/\/pawz.rs\/en\/wp-json\/wp\/v2\/product"}],"about":[{"href":"https:\/\/pawz.rs\/en\/wp-json\/wp\/v2\/types\/product"}],"replies":[{"embeddable":true,"href":"https:\/\/pawz.rs\/en\/wp-json\/wp\/v2\/comments?post=26955"}],"wp:featuredmedia":[{"embeddable":true,"href":"https:\/\/pawz.rs\/en\/wp-json\/wp\/v2\/media\/26411"}],"wp:attachment":[{"href":"https:\/\/pawz.rs\/en\/wp-json\/wp\/v2\/media?parent=26955"}],"wp:term":[{"taxonomy":"pwb-brand","embeddable":true,"href":"https:\/\/pawz.rs\/en\/wp-json\/wp\/v2\/pwb-brand?post=26955"},{"taxonomy":"product_cat","embeddable":true,"href":"https:\/\/pawz.rs\/en\/wp-json\/wp\/v2\/product_cat?post=26955"},{"taxonomy":"product_tag","embeddable":true,"href":"https:\/\/pawz.rs\/en\/wp-json\/wp\/v2\/product_tag?post=26955"}],"curies":[{"name":"wp","href":"https:\/\/api.w.org\/{rel}","templated":true}]}}