{"id":26966,"date":"2024-09-03T14:38:01","date_gmt":"2024-09-03T12:38:01","guid":{"rendered":"https:\/\/pawz.rs\/?post_type=product&#038;p=26966"},"modified":"2026-05-06T21:41:49","modified_gmt":"2026-05-06T19:41:49","slug":"animonda-grancarno-dog-superfood-jagnjetina-amarant-brusnica-i-lososovo-ulje","status":"publish","type":"product","link":"https:\/\/pawz.rs\/en\/animonda-grancarno-dog-superfood-jagnjetina-amarant-brusnica-i-lososovo-ulje\/","title":{"rendered":"Animonda GranCarno Dog Superfood Jagnjetina + Amarant, Brusnica i Lososovo Ulje"},"content":{"rendered":"<p><strong>Animonda GranCarno Dog Superfood Jagnjetina + Amarant, Brusnica i Lososovo Ulje<\/strong><\/p>\n<ul>\n<li>Kompletna vla\u017ena\u00a0hrana za odrasle pse<\/li>\n<li>Bez \u017eitarica, se\u0107era ili soje<\/li>\n<li>Bez ve\u0161ta\u010dkih boja i zasla\u0111iva\u010da<\/li>\n<\/ul>\n<p>GranCarno Superfoods ukusna je i zdrava i uravnote\u017eena hrana, sadr\u017ei samo jedan izvor belan\u010devina \u017eivotinjskog porekla. Superfoods hrana je bitan izvor posebnih hranjivih stvari kao \u0161to su: fitonutrijenti, antioksidansi, minerali i elementi u tragovima, i na taj na\u010din doprinosi dobrobiti va\u0161eg psa.<br \/>\nPrehrana s posebno odabranim izvorom mesnatih sastojaka garantuje jedinstveni ukus koji \u0107e Va\u0161i psi obo\u017eavati.<\/p>\n<p><strong>Sastav<\/strong>:<br \/>\n68% jagnjetine (srce, plu\u0107a, jetra, \u0161kembi\u0107i) 2% amarant, 0,8% brusnice, 0,2% lososovo ulje.<\/p>\n<p><strong>Analiti\u010dki sastojci:<\/strong><br \/>\nSirov protein 10,5%, Udeo masti 8,0%, Sirova vlakna 0,5%, Sirovi pepeo 2,5%, Vlaga 75%.<\/p>\n<p><strong>Prehrambeni dodaci (po kg):<\/strong><br \/>\n3a671 (Vitamin D3) 200 IJ, 3b202 (Jod) 0,75 mg, 3b503 (Mangan) 1,4 mg, 3b605 (Cink) 25 mg.<\/p>\n<p>Serve food in dry form with available fresh water.<br \/>\nFor your pet&#039;s health, consult a veterinarian regularly.<\/p>\n<p>Store the product in a dry, dark and cool place.<\/p>\n<p>Proizvo\u0111a\u010d: Rothenfelde<br \/>\nCountry of origin: Germany<\/p>\n\n    <div class=\"xs_social_share_widget xs_share_url after_content \t\tmain_content  wslu-style-1 wslu-share-box-shaped wslu-fill-colored wslu-none wslu-share-horizontal wslu-theme-font-no wslu-main_content\">\n\n\t\t\n        <ul>\n\t\t\t        <\/ul>\n    <\/div>","protected":false},"excerpt":{"rendered":"<p>Animonda GranCarno Dog Superfood je vla\u017ena hrana u konzervi za odrasle pse sa jagnjetinom<\/p>","protected":false},"featured_media":26433,"comment_status":"open","ping_status":"closed","template":"","meta":{"_acf_changed":false},"pwb-brand":[965],"product_cat":[47,48,50],"product_tag":[],"class_list":{"0":"post-26966","1":"product","2":"type-product","3":"status-publish","4":"has-post-thumbnail","6":"pwb-brand-animonda","7":"product_cat-psi","8":"product_cat-hrana-za-pse","9":"product_cat-vlazna-hrana-za-pse","11":"first","12":"outofstock","13":"taxable","14":"shipping-taxable","15":"purchasable","16":"product-type-variable","17":"has-default-attributes"},"acf":[],"brands":[{"id":965,"name":"Animonda","slug":"animonda"}],"_links":{"self":[{"href":"https:\/\/pawz.rs\/en\/wp-json\/wp\/v2\/product\/26966","targetHints":{"allow":["GET"]}}],"collection":[{"href":"https:\/\/pawz.rs\/en\/wp-json\/wp\/v2\/product"}],"about":[{"href":"https:\/\/pawz.rs\/en\/wp-json\/wp\/v2\/types\/product"}],"replies":[{"embeddable":true,"href":"https:\/\/pawz.rs\/en\/wp-json\/wp\/v2\/comments?post=26966"}],"wp:featuredmedia":[{"embeddable":true,"href":"https:\/\/pawz.rs\/en\/wp-json\/wp\/v2\/media\/26433"}],"wp:attachment":[{"href":"https:\/\/pawz.rs\/en\/wp-json\/wp\/v2\/media?parent=26966"}],"wp:term":[{"taxonomy":"pwb-brand","embeddable":true,"href":"https:\/\/pawz.rs\/en\/wp-json\/wp\/v2\/pwb-brand?post=26966"},{"taxonomy":"product_cat","embeddable":true,"href":"https:\/\/pawz.rs\/en\/wp-json\/wp\/v2\/product_cat?post=26966"},{"taxonomy":"product_tag","embeddable":true,"href":"https:\/\/pawz.rs\/en\/wp-json\/wp\/v2\/product_tag?post=26966"}],"curies":[{"name":"wp","href":"https:\/\/api.w.org\/{rel}","templated":true}]}}