{"id":26972,"date":"2024-06-07T22:24:44","date_gmt":"2024-06-07T20:24:44","guid":{"rendered":"https:\/\/pawz.rs\/?post_type=product&#038;p=26972"},"modified":"2026-05-06T21:41:55","modified_gmt":"2026-05-06T19:41:55","slug":"animonda-grancarno-single-protein-dog-adult-govedina","status":"publish","type":"product","link":"https:\/\/pawz.rs\/en\/animonda-grancarno-single-protein-dog-adult-govedina\/","title":{"rendered":"Animonda GranCarno Single Protein Dog Adult Govedina"},"content":{"rendered":"<p><strong>Animonda GranCarno Single Protein Dog Adult Govedina<\/strong><\/p>\n<ul>\n<li>Kompletna hrana za pase uzrasta od 1 do 6 god<\/li>\n<li>Bez \u017eitarica, se\u0107era ili soje<\/li>\n<li>Bez ve\u0161ta\u010dkih boja i zasla\u0111iva\u010da<\/li>\n<\/ul>\n<p>GranCarno Adult Single Protein \u010dista govedina: pse\u0107a hrana napravljena od samo jednog \u017eivotinjskog proteina za odrasle \u010detvorono\u017ene prijatelje.<br \/>\nSve\u017ei, mesnati sastojci obezbe\u0111uju im sve secijalne hranljive materije koje su im potrebne svakodnevno.<\/p>\n<p><strong>Sastav:<\/strong><br \/>\n65% govedina (meso, srca, plu\u0107a, jetra, vime), kalcijum karbonat, natrijum hlorid.<\/p>\n<p><strong>Analytical composition:<br \/>\n<\/strong>Protein 11%, Sadr\u017eaj masti 8%, Sirova vlakna 0.5%, Sirov pepeo 2.5%, Vlaga 75%.<\/p>\n<p><strong>Nutritivni dodaci po kg<\/strong>:<br \/>\n00 IE 3a671, 0,75 mg 3b202, 14 mg 3b503, 25 mg 3b605.<\/p>\n<p>Serve food in dry form with available fresh water.<br \/>\nFor your pet&#039;s health, consult a veterinarian regularly.<\/p>\n<p>Store the product in a dry, dark and cool place.<\/p>\n<p>Proizvo\u0111a\u010d: Rothenfelde<br \/>\nCountry of origin: Germany<\/p>\n<p>&nbsp;<\/p>\n\n    <div class=\"xs_social_share_widget xs_share_url after_content \t\tmain_content  wslu-style-1 wslu-share-box-shaped wslu-fill-colored wslu-none wslu-share-horizontal wslu-theme-font-no wslu-main_content\">\n\n\t\t\n        <ul>\n\t\t\t        <\/ul>\n    <\/div>","protected":false},"excerpt":{"rendered":"<p>Animonda GranCarno Single Protein je kompletna vla\u017ena hrana sa samo jednim proteinom \u017eivotinjskog porekla, govedinom<\/p>","protected":false},"featured_media":26445,"comment_status":"open","ping_status":"closed","template":"","meta":{"_acf_changed":false},"pwb-brand":[965],"product_cat":[47,48,50],"product_tag":[],"class_list":{"0":"post-26972","1":"product","2":"type-product","3":"status-publish","4":"has-post-thumbnail","6":"pwb-brand-animonda","7":"product_cat-psi","8":"product_cat-hrana-za-pse","9":"product_cat-vlazna-hrana-za-pse","11":"first","12":"instock","13":"taxable","14":"shipping-taxable","15":"purchasable","16":"product-type-variable","17":"has-default-attributes"},"acf":[],"brands":[{"id":965,"name":"Animonda","slug":"animonda"}],"_links":{"self":[{"href":"https:\/\/pawz.rs\/en\/wp-json\/wp\/v2\/product\/26972","targetHints":{"allow":["GET"]}}],"collection":[{"href":"https:\/\/pawz.rs\/en\/wp-json\/wp\/v2\/product"}],"about":[{"href":"https:\/\/pawz.rs\/en\/wp-json\/wp\/v2\/types\/product"}],"replies":[{"embeddable":true,"href":"https:\/\/pawz.rs\/en\/wp-json\/wp\/v2\/comments?post=26972"}],"wp:featuredmedia":[{"embeddable":true,"href":"https:\/\/pawz.rs\/en\/wp-json\/wp\/v2\/media\/26445"}],"wp:attachment":[{"href":"https:\/\/pawz.rs\/en\/wp-json\/wp\/v2\/media?parent=26972"}],"wp:term":[{"taxonomy":"pwb-brand","embeddable":true,"href":"https:\/\/pawz.rs\/en\/wp-json\/wp\/v2\/pwb-brand?post=26972"},{"taxonomy":"product_cat","embeddable":true,"href":"https:\/\/pawz.rs\/en\/wp-json\/wp\/v2\/product_cat?post=26972"},{"taxonomy":"product_tag","embeddable":true,"href":"https:\/\/pawz.rs\/en\/wp-json\/wp\/v2\/product_tag?post=26972"}],"curies":[{"name":"wp","href":"https:\/\/api.w.org\/{rel}","templated":true}]}}