{"id":26974,"date":"2024-09-03T14:37:56","date_gmt":"2024-09-03T12:37:56","guid":{"rendered":"https:\/\/pawz.rs\/?post_type=product&#038;p=26974"},"modified":"2026-05-06T21:41:55","modified_gmt":"2026-05-06T19:41:55","slug":"animonda-grancarno-dog-sensitive-piletina-i-krompir","status":"publish","type":"product","link":"https:\/\/pawz.rs\/en\/animonda-grancarno-dog-sensitive-piletina-i-krompir\/","title":{"rendered":"Animonda GranCarno Dog Sensitive Piletina i Krompir"},"content":{"rendered":"<p><strong>Animonda GranCarno Dog Sensitive Piletina i Krompir<\/strong><\/p>\n<ul>\n<li>Kompletna vla\u017ena hrana za osetljive pase uzrasta od 1 do 6 god<\/li>\n<li>Bez \u017eitarica, se\u0107era ili soje<\/li>\n<li>Bez ve\u0161ta\u010dkih boja i zasla\u0111iva\u010da<\/li>\n<\/ul>\n<p>GranCarno Sensitive\u00a0obezbe\u0111uje psima sve esecijalne materije koje su im potrebne u toku dana.<\/p>\n<p>GranCarno je napravljena od 100% sve\u017eim mesnih sastojaka koji su dopunjeni sa piletinom i krompirom.<\/p>\n<p><strong>Sastav:<\/strong><br \/>\n53% piletina (stomak, srce, jetra, vrat), 10% krompir, kalcijum karbonat, natrijum hlorid.<\/p>\n<p><strong>Analiti\u010dki sastojci:<br \/>\n<\/strong>Protein 9%, Sadr\u017eaj masti 4%, Sirova vlakna 0.4%, Sirov pepeo 1.9%, Vlaga 81%.<\/p>\n<p><strong>Nutritivni dodaci po kg:<br \/>\n<\/strong>\u00a000 IE 3a671, 0,75 mg 3b202, 14 mg 3b503, 25 mg 3b605, 1 mg 3b405.<\/p>\n<p>Serve food in dry form with available fresh water.<br \/>\nFor your pet&#039;s health, consult a veterinarian regularly.<\/p>\n<p>Store the product in a dry, dark and cool place.<\/p>\n<p>Proizvo\u0111a\u010d: Rothenfelde<br \/>\nCountry of origin: Germany<\/p>\n<p>&nbsp;<\/p>\n<p>&nbsp;<\/p>\n\n    <div class=\"xs_social_share_widget xs_share_url after_content \t\tmain_content  wslu-style-1 wslu-share-box-shaped wslu-fill-colored wslu-none wslu-share-horizontal wslu-theme-font-no wslu-main_content\">\n\n\t\t\n        <ul>\n\t\t\t        <\/ul>\n    <\/div>","protected":false},"excerpt":{"rendered":"<p>Animonda GranCarno Dog Sensitive je vla\u017ena hrana namenjena psima svih rasa, posebno onima koji imaju osetljiv digestivni sistem, sa piletinom i krompirom<\/p>","protected":false},"featured_media":26449,"comment_status":"open","ping_status":"closed","template":"","meta":{"_acf_changed":false},"pwb-brand":[965],"product_cat":[47,48,50],"product_tag":[],"class_list":{"0":"post-26974","1":"product","2":"type-product","3":"status-publish","4":"has-post-thumbnail","6":"pwb-brand-animonda","7":"product_cat-psi","8":"product_cat-hrana-za-pse","9":"product_cat-vlazna-hrana-za-pse","11":"first","12":"instock","13":"taxable","14":"shipping-taxable","15":"purchasable","16":"product-type-variable","17":"has-default-attributes"},"acf":[],"brands":[{"id":965,"name":"Animonda","slug":"animonda"}],"_links":{"self":[{"href":"https:\/\/pawz.rs\/en\/wp-json\/wp\/v2\/product\/26974","targetHints":{"allow":["GET"]}}],"collection":[{"href":"https:\/\/pawz.rs\/en\/wp-json\/wp\/v2\/product"}],"about":[{"href":"https:\/\/pawz.rs\/en\/wp-json\/wp\/v2\/types\/product"}],"replies":[{"embeddable":true,"href":"https:\/\/pawz.rs\/en\/wp-json\/wp\/v2\/comments?post=26974"}],"wp:featuredmedia":[{"embeddable":true,"href":"https:\/\/pawz.rs\/en\/wp-json\/wp\/v2\/media\/26449"}],"wp:attachment":[{"href":"https:\/\/pawz.rs\/en\/wp-json\/wp\/v2\/media?parent=26974"}],"wp:term":[{"taxonomy":"pwb-brand","embeddable":true,"href":"https:\/\/pawz.rs\/en\/wp-json\/wp\/v2\/pwb-brand?post=26974"},{"taxonomy":"product_cat","embeddable":true,"href":"https:\/\/pawz.rs\/en\/wp-json\/wp\/v2\/product_cat?post=26974"},{"taxonomy":"product_tag","embeddable":true,"href":"https:\/\/pawz.rs\/en\/wp-json\/wp\/v2\/product_tag?post=26974"}],"curies":[{"name":"wp","href":"https:\/\/api.w.org\/{rel}","templated":true}]}}