{"id":26978,"date":"2024-09-03T14:37:58","date_gmt":"2024-09-03T12:37:58","guid":{"rendered":"https:\/\/pawz.rs\/?post_type=product&#038;p=26978"},"modified":"2026-05-06T21:41:56","modified_gmt":"2026-05-06T19:41:56","slug":"animonda-grancarno-dog-adult-pileca-jetra","status":"publish","type":"product","link":"https:\/\/pawz.rs\/en\/animonda-grancarno-dog-adult-pileca-jetra\/","title":{"rendered":"Animonda GranCarno Dog Adult Pile\u0107a Jetra"},"content":{"rendered":"<p><strong>Animonda GranCarno Dog Adult Pile\u0107a Jetra<\/strong><\/p>\n<ul>\n<li>Kompletna hrana za pase uzrasta od 1 do 6 god<\/li>\n<li>Bez \u017eitarica, se\u0107era ili soje<\/li>\n<li>Bez ve\u0161ta\u010dkih boja i zasla\u0111iva\u010da<\/li>\n<\/ul>\n<p>Pa\u017eljivo odabrani mesnati svinjski, pile\u0107i i govedve\u0111i sastojci obezbe\u0111uju prijatnu promenu u \u010diniji svakog psa.<\/p>\n<p>Ova vla\u017ena hrana obezbe\u0111uje va\u0161em psa sve esencijalne hranljive materije koje su mu potrebne svakog dana.<\/p>\n<p>Visoko kvalitetna hrana za pse sadr\u017ei ulje repice koje obezbe\u0111uje vredne nezasi\u0107ene masne kiseline.<\/p>\n<p><strong>Sastav:<br \/>\n<\/strong>44% svinjetina (plu\u0107a, srca, meso, kora), 20% piletina (13% jetra, srce), 3% govedina (vime), minerali, inulin, ulje repice.<\/p>\n<p><strong>Analytical composition:<br \/>\n<\/strong>Protein 10.5%, Sadr\u017eaj masti\u00a0\u00a0 \u00a07.5%, Sirova vlakna 0.5%, Sirov pepeo 1.9%, Vlaga 78%.<\/p>\n<p><strong>Nutritivni dodaci po kg:<\/strong><br \/>\n00 IE 3a671, 0,4 mg 3b202, 17 mg 3b503, 25 mg 3b605, 21 mg 3b406.<\/p>\n<p>Serve food in dry form with available fresh water.<br \/>\nFor your pet&#039;s health, consult a veterinarian regularly.<\/p>\n<p>Store the product in a dry, dark and cool place.<\/p>\n<p>Proizvo\u0111a\u010d: Rothenfelde<br \/>\nCountry of origin: Germany<\/p>\n<p>&nbsp;<\/p>\n<p>&nbsp;<\/p>\n\n    <div class=\"xs_social_share_widget xs_share_url after_content \t\tmain_content  wslu-style-1 wslu-share-box-shaped wslu-fill-colored wslu-none wslu-share-horizontal wslu-theme-font-no wslu-main_content\">\n\n\t\t\n        <ul>\n\t\t\t        <\/ul>\n    <\/div>","protected":false},"excerpt":{"rendered":"<p>Animonda GranCarno Dog Adult je kompletna vla\u017ena hrana namenjena odraslim psima svih rasa<\/p>","protected":false},"featured_media":26457,"comment_status":"open","ping_status":"closed","template":"","meta":{"_acf_changed":false},"pwb-brand":[965],"product_cat":[47,48,50],"product_tag":[],"class_list":{"0":"post-26978","1":"product","2":"type-product","3":"status-publish","4":"has-post-thumbnail","6":"pwb-brand-animonda","7":"product_cat-psi","8":"product_cat-hrana-za-pse","9":"product_cat-vlazna-hrana-za-pse","11":"first","12":"outofstock","13":"taxable","14":"shipping-taxable","15":"purchasable","16":"product-type-variable","17":"has-default-attributes"},"acf":[],"brands":[{"id":965,"name":"Animonda","slug":"animonda"}],"_links":{"self":[{"href":"https:\/\/pawz.rs\/en\/wp-json\/wp\/v2\/product\/26978","targetHints":{"allow":["GET"]}}],"collection":[{"href":"https:\/\/pawz.rs\/en\/wp-json\/wp\/v2\/product"}],"about":[{"href":"https:\/\/pawz.rs\/en\/wp-json\/wp\/v2\/types\/product"}],"replies":[{"embeddable":true,"href":"https:\/\/pawz.rs\/en\/wp-json\/wp\/v2\/comments?post=26978"}],"wp:featuredmedia":[{"embeddable":true,"href":"https:\/\/pawz.rs\/en\/wp-json\/wp\/v2\/media\/26457"}],"wp:attachment":[{"href":"https:\/\/pawz.rs\/en\/wp-json\/wp\/v2\/media?parent=26978"}],"wp:term":[{"taxonomy":"pwb-brand","embeddable":true,"href":"https:\/\/pawz.rs\/en\/wp-json\/wp\/v2\/pwb-brand?post=26978"},{"taxonomy":"product_cat","embeddable":true,"href":"https:\/\/pawz.rs\/en\/wp-json\/wp\/v2\/product_cat?post=26978"},{"taxonomy":"product_tag","embeddable":true,"href":"https:\/\/pawz.rs\/en\/wp-json\/wp\/v2\/product_tag?post=26978"}],"curies":[{"name":"wp","href":"https:\/\/api.w.org\/{rel}","templated":true}]}}