{"id":26979,"date":"2024-09-03T14:37:57","date_gmt":"2024-09-03T12:37:57","guid":{"rendered":"https:\/\/pawz.rs\/?post_type=product&#038;p=26979"},"modified":"2026-01-29T15:33:07","modified_gmt":"2026-01-29T14:33:07","slug":"animonda-grancarno-dog-adult-govedina-losos-i-spanac","status":"publish","type":"product","link":"https:\/\/pawz.rs\/en\/animonda-grancarno-dog-adult-govedina-losos-i-spanac\/","title":{"rendered":"Animonda GranCarno Dog Adult Govedina, Losos i Spana\u0107"},"content":{"rendered":"<p><strong>Animonda GranCarno Dog Adult Govedina, Losos i Spana\u0107<\/strong><\/p>\n<ul>\n<li>Kompletna hrana za pase uzrasta od 1 do 6 god<\/li>\n<li>Bez \u017eitarica, se\u0107era ili soje<\/li>\n<li>Bez ve\u0161ta\u010dkih boja i zasla\u0111iva\u010da<\/li>\n<\/ul>\n<p>Neuporedivo u\u017eivanje, ba\u0161 kao \u0161to ga psi vole, ukusna govedina i ne\u017eni losos sa oplemenjen ukusnim spana\u0107em.<\/p>\n<p>Vla\u017ena hrana odli\u010dnog ukusa obezbe\u0111uje ljubimce sa svim esencijalnim hranljivim materijama koji su im potrebni u toku dana.<\/p>\n<p><strong>Sastav:<\/strong><br \/>\n52% govedina (plu\u0107a, srca, jetra, meso, vime, bubrezi), 12% losos, 4% spana\u0107, kalcijum karbonat, natrijum hlorid.<\/p>\n<p><strong>Analytical composition:<\/strong><br \/>\nProtein 11%, Sadr\u017eaj masti 8.5%, Sirova vlakna 0.5%, Sirov pepeo 1.8%, Vlaga\u00a0\u00a077%.<\/p>\n<p><strong>Nutritivni dodaci po kg<\/strong>:<br \/>\n75 mg 3b202, 14 mg 3b503, 25 mg 3b605.<\/p>\n<p>Serve food in dry form with available fresh water.<br \/>\nFor your pet&#039;s health, consult a veterinarian regularly.<\/p>\n<p>Store the product in a dry, dark and cool place.<\/p>\n<p>Proizvo\u0111a\u010d: Rothenfelde<br \/>\nCountry of origin: Germany<\/p>\n\n    <div class=\"xs_social_share_widget xs_share_url after_content \t\tmain_content  wslu-style-1 wslu-share-box-shaped wslu-fill-colored wslu-none wslu-share-horizontal wslu-theme-font-no wslu-main_content\">\n\n\t\t\n        <ul>\n\t\t\t        <\/ul>\n    <\/div>","protected":false},"excerpt":{"rendered":"<p>Animonda GranCarno Dog Adult je vla\u017ena hrana u konzervi sa govedinom i lososom<\/p>","protected":false},"featured_media":26459,"comment_status":"open","ping_status":"closed","template":"","meta":{"_acf_changed":false},"pwb-brand":[965],"product_cat":[48,47,50],"product_tag":[],"class_list":{"0":"post-26979","1":"product","2":"type-product","3":"status-publish","4":"has-post-thumbnail","6":"pwb-brand-animonda","7":"product_cat-hrana-za-pse","8":"product_cat-psi","9":"product_cat-vlazna-hrana-za-pse","11":"first","12":"instock","13":"taxable","14":"shipping-taxable","15":"purchasable","16":"product-type-variable","17":"has-default-attributes"},"acf":[],"brands":[{"id":965,"name":"Animonda","slug":"animonda"}],"_links":{"self":[{"href":"https:\/\/pawz.rs\/en\/wp-json\/wp\/v2\/product\/26979","targetHints":{"allow":["GET"]}}],"collection":[{"href":"https:\/\/pawz.rs\/en\/wp-json\/wp\/v2\/product"}],"about":[{"href":"https:\/\/pawz.rs\/en\/wp-json\/wp\/v2\/types\/product"}],"replies":[{"embeddable":true,"href":"https:\/\/pawz.rs\/en\/wp-json\/wp\/v2\/comments?post=26979"}],"wp:featuredmedia":[{"embeddable":true,"href":"https:\/\/pawz.rs\/en\/wp-json\/wp\/v2\/media\/26459"}],"wp:attachment":[{"href":"https:\/\/pawz.rs\/en\/wp-json\/wp\/v2\/media?parent=26979"}],"wp:term":[{"taxonomy":"pwb-brand","embeddable":true,"href":"https:\/\/pawz.rs\/en\/wp-json\/wp\/v2\/pwb-brand?post=26979"},{"taxonomy":"product_cat","embeddable":true,"href":"https:\/\/pawz.rs\/en\/wp-json\/wp\/v2\/product_cat?post=26979"},{"taxonomy":"product_tag","embeddable":true,"href":"https:\/\/pawz.rs\/en\/wp-json\/wp\/v2\/product_tag?post=26979"}],"curies":[{"name":"wp","href":"https:\/\/api.w.org\/{rel}","templated":true}]}}