{"id":26983,"date":"2024-09-03T14:39:07","date_gmt":"2024-09-03T12:39:07","guid":{"rendered":"https:\/\/pawz.rs\/?post_type=product&#038;p=26983"},"modified":"2026-04-05T21:10:04","modified_gmt":"2026-04-05T19:10:04","slug":"animonda-integra-protect-cat-adult-urinary-oxalate-govedina","status":"publish","type":"product","link":"https:\/\/pawz.rs\/en\/animonda-integra-protect-cat-adult-urinary-oxalate-govedina\/","title":{"rendered":"Animonda Integra Protect Cat Adult Urinary Oxalate Govedina"},"content":{"rendered":"<p><strong>Animonda Integra Protect Cat Adult Urinary Oxalate Govedina<\/strong><\/p>\n<p>Kompletna dijetetska hrana za smanjenje pojave oksalatnog kamenja kod odraslih ma\u010daka<\/p>\n<ul>\n<li>Urin pH 6.7<\/li>\n<li>Uskla\u0111en sadr\u017eaj minerala<\/li>\n<li>Wheat free<\/li>\n<li>Odli\u010dno prihvatanje<\/li>\n<\/ul>\n<p>INTEGRA PROTECT Urinary: specijalna dijeta za ma\u010dke koje imaju problem stvaranjem kamen\u010di\u0107a kalcijum oksilata.<br \/>\nDonji deo urinarnog trakta kod ma\u010daka je sklon disbalansima. Jedan od mogu\u0107ih uzoraka su oksalatni kamen\u010di\u0107i u be\u0161ici ili uretri.<br \/>\nINTEGRA PROTECT Urinary sa govedinom je idealna za prevenciju kalcijum oksilatnih kamenaca kod ma\u010daka.<\/p>\n<p><strong>Specijalna hrana spre\u010dava ponovnu pojavu kamen\u010dica kalcijum oksilata kod ma\u010daka.<\/strong><\/p>\n<p>Dovodi do pH vrednosti u ma\u010dijem urinu od 6.7, \u0161to onemogu\u0107ava ponovno formiranje kamen\u010di\u0107a.<\/p>\n<p>INTEGRA PROTECT Urinary sa govedinom je tako\u0111e ukusna za ma\u010dke sa medicinskim stanjima.<\/p>\n<p><strong>Sastav<\/strong>:<br \/>\nMeso i mesni derivati (24% govedina, piletina, svinjetina, patka), ulja i masti, povr\u0107e (krompir), minerali, derivati biljnog porekla dl-metionin.<\/p>\n<p><strong>Analytical composition:<\/strong><br \/>\nProtein 9.5%, Sadr\u017eaj masti 6.8%, Sirova vlakna 0.6%, Sirov pepeo 1.6%, Vlaga 80%, Kalcijum 0.19%, Fosfor 0.16%, Natrijum 0.17%, Magnezijum 0.014%, Kalijum 0.2%, Hlorid 0.18%, Sumpor 0.12%, Vitamin D 250 IU\/kg, Hidroksiprolin 0,18%.<\/p>\n<p>Serve food in dry form with available fresh water.<br \/>\nFor your pet&#039;s health, consult a veterinarian regularly.<\/p>\n<p>Store the product in a dry, dark and cool place.<\/p>\n<p>Proizvo\u0111a\u010d: Rothenfelde<br \/>\nCountry of origin: Germany<\/p>\n\n    <div class=\"xs_social_share_widget xs_share_url after_content \t\tmain_content  wslu-style-1 wslu-share-box-shaped wslu-fill-colored wslu-none wslu-share-horizontal wslu-theme-font-no wslu-main_content\">\n\n\t\t\n        <ul>\n\t\t\t        <\/ul>\n    <\/div>","protected":false},"excerpt":{"rendered":"<p>Animonda Integra Protect Cat Adult Urinary Oxalate je pa\u0161teta za ma\u010dke koja spre\u010dava nastanak okalatnih kamen\u010di\u0107a<\/p>","protected":false},"featured_media":26468,"comment_status":"open","ping_status":"closed","template":"","meta":{"_acf_changed":false},"pwb-brand":[965],"product_cat":[21,23,711],"product_tag":[1251],"class_list":{"0":"post-26983","1":"product","2":"type-product","3":"status-publish","4":"has-post-thumbnail","6":"pwb-brand-animonda","7":"product_cat-hrana-za-macke","8":"product_cat-macke","9":"product_cat-veterinarske-dijete-za-macke","10":"product_tag-veterinarske-dijete","12":"first","13":"outofstock","14":"taxable","15":"shipping-taxable","16":"purchasable","17":"product-type-variable","18":"has-default-attributes"},"acf":[],"brands":[{"id":965,"name":"Animonda","slug":"animonda"}],"_links":{"self":[{"href":"https:\/\/pawz.rs\/en\/wp-json\/wp\/v2\/product\/26983","targetHints":{"allow":["GET"]}}],"collection":[{"href":"https:\/\/pawz.rs\/en\/wp-json\/wp\/v2\/product"}],"about":[{"href":"https:\/\/pawz.rs\/en\/wp-json\/wp\/v2\/types\/product"}],"replies":[{"embeddable":true,"href":"https:\/\/pawz.rs\/en\/wp-json\/wp\/v2\/comments?post=26983"}],"wp:featuredmedia":[{"embeddable":true,"href":"https:\/\/pawz.rs\/en\/wp-json\/wp\/v2\/media\/26468"}],"wp:attachment":[{"href":"https:\/\/pawz.rs\/en\/wp-json\/wp\/v2\/media?parent=26983"}],"wp:term":[{"taxonomy":"pwb-brand","embeddable":true,"href":"https:\/\/pawz.rs\/en\/wp-json\/wp\/v2\/pwb-brand?post=26983"},{"taxonomy":"product_cat","embeddable":true,"href":"https:\/\/pawz.rs\/en\/wp-json\/wp\/v2\/product_cat?post=26983"},{"taxonomy":"product_tag","embeddable":true,"href":"https:\/\/pawz.rs\/en\/wp-json\/wp\/v2\/product_tag?post=26983"}],"curies":[{"name":"wp","href":"https:\/\/api.w.org\/{rel}","templated":true}]}}