{"id":26985,"date":"2024-09-03T14:38:42","date_gmt":"2024-09-03T12:38:42","guid":{"rendered":"https:\/\/pawz.rs\/?post_type=product&#038;p=26985"},"modified":"2026-05-06T21:41:56","modified_gmt":"2026-05-06T19:41:56","slug":"animonda-carny-country-cat-adult-piletina-curetina-i-guska","status":"publish","type":"product","link":"https:\/\/pawz.rs\/en\/animonda-carny-country-cat-adult-piletina-curetina-i-guska\/","title":{"rendered":"Animonda Carny Country Cat Adult Piletina, \u0106uretina i Guska"},"content":{"rendered":"<p><strong>Animonda Carny Country Cat Adult Piletina, \u0106uretina i Guska<\/strong><\/p>\n<ul>\n<li>Kompletna vla\u017ena hrana za odrasle\u00a0ma\u010dke starosti od 1 do 6 godina<\/li>\n<li>Bez \u017eitarica, soje i \u0161e\u0107era<\/li>\n<li>Bez dodatih ve\u0161ta\u010dkih boja i zasla\u0111iva\u010da<\/li>\n<\/ul>\n<p>Carny Country Adult piletina, pa\u010detina + guska: Kombinacija tri vrste ukusnog mesa \u017eivine sa sela u jednoj vre\u0107ici vla\u017ene hrane.<\/p>\n<p>Ne\u017ena piletina, ukusna pa\u010detina i srca guske \u0107e obezbe\u0111uju prijatnu promenu u \u010diniji za hranu.<\/p>\n<p>100% sve\u017ee i posebno u\u017eivanje: Carny Country Adult piletina, pa\u010detina + guska, zbog velikog udela sve\u017eih, mesnatih sastojaka, Va\u0161a ma\u010dka \u0107e biti odu\u0161evljena.<\/p>\n<p>Serve food in dry form with available fresh water.<br \/>\nFor your pet&#039;s health, consult a veterinarian regularly.<\/p>\n<p>Store the product in a dry, dark and cool place.<\/p>\n<p>Proizvo\u0111a\u010d: Rothenfelde<br \/>\nCountry of origin: Germany<\/p>\n\n    <div class=\"xs_social_share_widget xs_share_url after_content \t\tmain_content  wslu-style-1 wslu-share-box-shaped wslu-fill-colored wslu-none wslu-share-horizontal wslu-theme-font-no wslu-main_content\">\n\n\t\t\n        <ul>\n\t\t\t        <\/ul>\n    <\/div>","protected":false},"excerpt":{"rendered":"<p>Animonda Carny Country Cat Adult je vla\u017ena hrana u vidu pa\u0161tete, sa piletinom, \u0107uretinom i mesom guske<\/p>","protected":false},"featured_media":26472,"comment_status":"open","ping_status":"closed","template":"","meta":{"_acf_changed":false},"pwb-brand":[965],"product_cat":[23,21,150],"product_tag":[],"class_list":{"0":"post-26985","1":"product","2":"type-product","3":"status-publish","4":"has-post-thumbnail","6":"pwb-brand-animonda","7":"product_cat-macke","8":"product_cat-hrana-za-macke","9":"product_cat-vlazna-hrana-za-macke","11":"first","12":"outofstock","13":"taxable","14":"shipping-taxable","15":"purchasable","16":"product-type-variable","17":"has-default-attributes"},"acf":[],"brands":[{"id":965,"name":"Animonda","slug":"animonda"}],"_links":{"self":[{"href":"https:\/\/pawz.rs\/en\/wp-json\/wp\/v2\/product\/26985","targetHints":{"allow":["GET"]}}],"collection":[{"href":"https:\/\/pawz.rs\/en\/wp-json\/wp\/v2\/product"}],"about":[{"href":"https:\/\/pawz.rs\/en\/wp-json\/wp\/v2\/types\/product"}],"replies":[{"embeddable":true,"href":"https:\/\/pawz.rs\/en\/wp-json\/wp\/v2\/comments?post=26985"}],"wp:featuredmedia":[{"embeddable":true,"href":"https:\/\/pawz.rs\/en\/wp-json\/wp\/v2\/media\/26472"}],"wp:attachment":[{"href":"https:\/\/pawz.rs\/en\/wp-json\/wp\/v2\/media?parent=26985"}],"wp:term":[{"taxonomy":"pwb-brand","embeddable":true,"href":"https:\/\/pawz.rs\/en\/wp-json\/wp\/v2\/pwb-brand?post=26985"},{"taxonomy":"product_cat","embeddable":true,"href":"https:\/\/pawz.rs\/en\/wp-json\/wp\/v2\/product_cat?post=26985"},{"taxonomy":"product_tag","embeddable":true,"href":"https:\/\/pawz.rs\/en\/wp-json\/wp\/v2\/product_tag?post=26985"}],"curies":[{"name":"wp","href":"https:\/\/api.w.org\/{rel}","templated":true}]}}