{"id":26987,"date":"2024-09-03T14:38:45","date_gmt":"2024-09-03T12:38:45","guid":{"rendered":"https:\/\/pawz.rs\/?post_type=product&#038;p=26987"},"modified":"2026-05-06T21:41:58","modified_gmt":"2026-05-06T19:41:58","slug":"animonda-carny-country-cat-adult-piletina-curetina-i-pastrmka","status":"publish","type":"product","link":"https:\/\/pawz.rs\/en\/animonda-carny-country-cat-adult-piletina-curetina-i-pastrmka\/","title":{"rendered":"Animonda Carny Country Cat Adult Piletina, \u0106uretina i Pastrmka"},"content":{"rendered":"<p><strong>Animonda Carny Country Cat Adult Piletina, \u0106uretina i Pastrmka<\/strong><\/p>\n<ul>\n<li>Kompletna hrana za ma\u010dke starosti od 1 do 6 godina<\/li>\n<li>Bez \u017eitarica, soje ili \u0161e\u0107era<\/li>\n<li>Bez dodatih ve\u0161ta\u010dkih boja i zasla\u0111iva\u010da<\/li>\n<\/ul>\n<p>Carny Country Adult\u00a0kombinuje ukusnu piletinu i \u0107uretinu sa doma\u0107om pastrmkom. Ova vla\u017ena hrana za ma\u010dke je napavljena od 100% sve\u017eih mesnatih sastojaka, dok ukus pastrmke daje poseban ukus.<br \/>\nSve\u017ee i\u00a0 mesnato, tako da \u0107e se Va\u0161a maca tra\u017eiti porciju vi\u0161e!<br \/>\nCarny Country Adult piletina, \u0107uretina + pastrmka \u0107e odu\u0161eviti svaku ma\u010dku svojom neodoljivim ukusom i sve\u017eim mesnatim sastojcima.<\/p>\n<p><strong>Sastav:<\/strong><br \/>\n35 % piletina (jetra, srca, bubac), 20 % \u0107uretina (meso, srca), 8 % pastrmka, kalcijum karbonat, natrijum hlorid.<\/p>\n<p><strong>Analiti\u010dki sastojci:<\/strong><br \/>\nProtein 10%, Sadr\u017eaj masti 6%, Sirova vlakna 0.3%, Sirov pepeo 1.7%, Vlaga\u00a081%.<\/p>\n<p><strong>Nutritivni dodaci u 1 kg:<\/strong><br \/>\n50 IE 3a671, 2 mg 3b406, 16 mg 3b605, 2 mg 3b503, 04 mg 3b202.<\/p>\n<p>Serve food in dry form with available fresh water.<br \/>\nFor your pet&#039;s health, consult a veterinarian regularly.<\/p>\n<p>Store the product in a dry, dark and cool place.<\/p>\n<p>Proizvo\u0111a\u010d: Rothenfelde<br \/>\nCountry of origin: Germany<\/p>\n\n    <div class=\"xs_social_share_widget xs_share_url after_content \t\tmain_content  wslu-style-1 wslu-share-box-shaped wslu-fill-colored wslu-none wslu-share-horizontal wslu-theme-font-no wslu-main_content\">\n\n\t\t\n        <ul>\n\t\t\t        <\/ul>\n    <\/div>","protected":false},"excerpt":{"rendered":"<p>Animonda Carny Country Cat Adult je pa\u0161teta za odrasle ma\u010dke sa kombinacijom piletine, \u0107uretine i pastrmke<\/p>","protected":false},"featured_media":26476,"comment_status":"open","ping_status":"closed","template":"","meta":{"_acf_changed":false},"pwb-brand":[965],"product_cat":[23,21,150],"product_tag":[],"class_list":{"0":"post-26987","1":"product","2":"type-product","3":"status-publish","4":"has-post-thumbnail","6":"pwb-brand-animonda","7":"product_cat-macke","8":"product_cat-hrana-za-macke","9":"product_cat-vlazna-hrana-za-macke","11":"first","12":"outofstock","13":"taxable","14":"shipping-taxable","15":"purchasable","16":"product-type-variable","17":"has-default-attributes"},"acf":[],"brands":[{"id":965,"name":"Animonda","slug":"animonda"}],"_links":{"self":[{"href":"https:\/\/pawz.rs\/en\/wp-json\/wp\/v2\/product\/26987","targetHints":{"allow":["GET"]}}],"collection":[{"href":"https:\/\/pawz.rs\/en\/wp-json\/wp\/v2\/product"}],"about":[{"href":"https:\/\/pawz.rs\/en\/wp-json\/wp\/v2\/types\/product"}],"replies":[{"embeddable":true,"href":"https:\/\/pawz.rs\/en\/wp-json\/wp\/v2\/comments?post=26987"}],"wp:featuredmedia":[{"embeddable":true,"href":"https:\/\/pawz.rs\/en\/wp-json\/wp\/v2\/media\/26476"}],"wp:attachment":[{"href":"https:\/\/pawz.rs\/en\/wp-json\/wp\/v2\/media?parent=26987"}],"wp:term":[{"taxonomy":"pwb-brand","embeddable":true,"href":"https:\/\/pawz.rs\/en\/wp-json\/wp\/v2\/pwb-brand?post=26987"},{"taxonomy":"product_cat","embeddable":true,"href":"https:\/\/pawz.rs\/en\/wp-json\/wp\/v2\/product_cat?post=26987"},{"taxonomy":"product_tag","embeddable":true,"href":"https:\/\/pawz.rs\/en\/wp-json\/wp\/v2\/product_tag?post=26987"}],"curies":[{"name":"wp","href":"https:\/\/api.w.org\/{rel}","templated":true}]}}