{"id":26988,"date":"2024-09-03T14:38:46","date_gmt":"2024-09-03T12:38:46","guid":{"rendered":"https:\/\/pawz.rs\/?post_type=product&#038;p=26988"},"modified":"2026-05-06T21:42:05","modified_gmt":"2026-05-06T19:42:05","slug":"animonda-carny-country-cat-adult-govedina-jagnjetina-i-fazan","status":"publish","type":"product","link":"https:\/\/pawz.rs\/en\/animonda-carny-country-cat-adult-govedina-jagnjetina-i-fazan\/","title":{"rendered":"Animonda Carny Country Cat Adult Govedina, Jagnjetina i Fazan"},"content":{"rendered":"<p><strong>Animonda Carny Country Cat Adult Govedina, Jagnjetina i Fazan<\/strong><\/p>\n<ul>\n<li>Kompletna hrana za ma\u010dke starosti od 1 do 6 godina<\/li>\n<li>100 % sve\u017ei mesnati sastojci: govedina, jagnjetina, fazan<\/li>\n<li>Bez \u017eitarica, soje ili \u0161e\u0107era<\/li>\n<li>Bez dodatih ve\u0161ta\u010dkih boja i zasla\u0111iva\u010da<\/li>\n<\/ul>\n<p>Carny Country Adult govedina, jagnjetina + fazan : Ukusno meso sa pa\u0161njaka za ma\u010dke.<br \/>\nGove\u0111a srca, ukusna jagnjetina i savr\u0161en ukus fazana \u010dine ovu vla\u017enu hranu raznovrsnom poslasticom za va\u0161u ma\u010dku.<br \/>\nCarny Country Adult govedina, jagnjetina + fazan ima veliki procenat sve\u017eih mesnatih sastojaka.<br \/>\nPakovanje od 100 g \u010dini hranjenje Va\u0161e ma\u010dke veoma lako.<\/p>\n<p><strong>Ingredients:<br \/>\n<\/strong>46% govedina (meso, srce, vime, jetra), 14% jagnje\u0107a plu\u0107a, 4% meso fazana, kalcijum karbonat, natrijum hlorid.<\/p>\n<p><strong>Analiti\u010dki sastojci:<\/strong><br \/>\nProtein 10%, Sadr\u017eaj masti\u00a0\u00a0 \u00a06%, Sirova vlakna 0.3%, Sirova pepeo 1.7%, Vlaga 81%.<\/p>\n<p><strong>Nutritivni dodaci u 1 kg:<br \/>\n<\/strong>50 IE 3a671, 2 mg 3b406, 16 mg 3b605, 2 mg 3b503, 04 mg 3b202.<\/p>\n<p>Serve food in dry form with available fresh water.<br \/>\nFor your pet&#039;s health, consult a veterinarian regularly.<\/p>\n<p>Store the product in a dry, dark and cool place.<\/p>\n<p>Proizvo\u0111a\u010d: Rothenfelde<br \/>\nCountry of origin: Germany<\/p>\n\n    <div class=\"xs_social_share_widget xs_share_url after_content \t\tmain_content  wslu-style-1 wslu-share-box-shaped wslu-fill-colored wslu-none wslu-share-horizontal wslu-theme-font-no wslu-main_content\">\n\n\t\t\n        <ul>\n\t\t\t        <\/ul>\n    <\/div>","protected":false},"excerpt":{"rendered":"<p>Animonda Carny Country Cat Adult je pa\u0161teta namenjena odraslim ma\u010dkama sa govedinom, jagnjetinom i mesom fazana<\/p>","protected":false},"featured_media":26478,"comment_status":"open","ping_status":"closed","template":"","meta":{"_acf_changed":false},"pwb-brand":[965],"product_cat":[23,21,150],"product_tag":[],"class_list":{"0":"post-26988","1":"product","2":"type-product","3":"status-publish","4":"has-post-thumbnail","6":"pwb-brand-animonda","7":"product_cat-macke","8":"product_cat-hrana-za-macke","9":"product_cat-vlazna-hrana-za-macke","11":"first","12":"outofstock","13":"taxable","14":"shipping-taxable","15":"purchasable","16":"product-type-variable","17":"has-default-attributes"},"acf":[],"brands":[{"id":965,"name":"Animonda","slug":"animonda"}],"_links":{"self":[{"href":"https:\/\/pawz.rs\/en\/wp-json\/wp\/v2\/product\/26988","targetHints":{"allow":["GET"]}}],"collection":[{"href":"https:\/\/pawz.rs\/en\/wp-json\/wp\/v2\/product"}],"about":[{"href":"https:\/\/pawz.rs\/en\/wp-json\/wp\/v2\/types\/product"}],"replies":[{"embeddable":true,"href":"https:\/\/pawz.rs\/en\/wp-json\/wp\/v2\/comments?post=26988"}],"wp:featuredmedia":[{"embeddable":true,"href":"https:\/\/pawz.rs\/en\/wp-json\/wp\/v2\/media\/26478"}],"wp:attachment":[{"href":"https:\/\/pawz.rs\/en\/wp-json\/wp\/v2\/media?parent=26988"}],"wp:term":[{"taxonomy":"pwb-brand","embeddable":true,"href":"https:\/\/pawz.rs\/en\/wp-json\/wp\/v2\/pwb-brand?post=26988"},{"taxonomy":"product_cat","embeddable":true,"href":"https:\/\/pawz.rs\/en\/wp-json\/wp\/v2\/product_cat?post=26988"},{"taxonomy":"product_tag","embeddable":true,"href":"https:\/\/pawz.rs\/en\/wp-json\/wp\/v2\/product_tag?post=26988"}],"curies":[{"name":"wp","href":"https:\/\/api.w.org\/{rel}","templated":true}]}}